{"id":1328,"date":"2022-04-11T11:12:47","date_gmt":"2022-04-11T11:12:47","guid":{"rendered":"http:\/\/test.b2bgroup.az\/?page_id=42"},"modified":"2025-06-22T15:30:01","modified_gmt":"2025-06-22T11:30:01","slug":"services","status":"publish","type":"page","link":"https:\/\/www.b2bgroup.az\/en\/xidmetler\/","title":{"rendered":"Services"},"content":{"rendered":"<div data-elementor-type=\"wp-page\" data-elementor-id=\"1328\" class=\"elementor elementor-1328\">\n\t\t\t\t\t\t\t\t\t<section class=\"elementor-section elementor-top-section elementor-element elementor-element-8ab5a58 elementor-section-full_width elementor-section-height-default elementor-section-height-default\" data-id=\"8ab5a58\" data-element_type=\"section\">\n\t\t\t\t\t\t<div class=\"elementor-container elementor-column-gap-no\">\n\t\t\t\t\t<div class=\"elementor-column elementor-col-100 elementor-top-column elementor-element elementor-element-5601eac\" data-id=\"5601eac\" data-element_type=\"column\">\n\t\t\t<div class=\"elementor-widget-wrap elementor-element-populated\">\n\t\t\t\t\t\t\t\t<div class=\"elementor-element elementor-element-42d0233 elementor-widget elementor-widget-notech-fancy-box\" data-id=\"42d0233\" data-element_type=\"widget\" data-widget_type=\"notech-fancy-box.default\">\n\t\t\t\t<div class=\"elementor-widget-container\">\n\t\t\t    <!--Feature One Start-->\r\n    <section class=\"feature-one\">\r\n        <div class=\"container\">\r\n            <div class=\"row\">\r\n                                    <div class=\"col-xl-4 col-lg-4 wow fadeInUp\" data-wow-delay=\"100ms\">\r\n                        <!--Feature One Single-->\r\n                        <div class=\"feature-one__single\">\r\n                            <div class=\"feature-one__img\">\r\n                                <img decoding=\"async\" src=\"http:\/\/b2bgroup.az\/wp-content\/uploads\/2022\/04\/feature-1-1.jpg\" alt=\"\">\r\n                                <div class=\"feature-one__title-box\">\r\n                                    <h3 class=\"feature-one__title\"><a target=\"_blank\" href=\"\/en\/services\/data-center-helleri\/\">Data Center Solutions<\/a><\/h3>\r\n                                <\/div>\r\n                                <div class=\"feature-one__hover-content\">\r\n                                    <div class=\"feature-one__icon icon-svg-large\">\r\n                                        <span aria-hidden=\"true\" class=\"icon-system\"><\/span>                                    <\/div>\r\n                                    <h3 class=\"feature-one__hover-title\"><a target=\"_blank\" href=\"\/en\/services\/data-center-helleri\/\">Data Center Solutions<\/a>\r\n                                    <\/h3>\r\n                                    <p class=\"feature-one__hover-text\"><\/p>\r\n                                    <div class=\"feature-one__learn-more\">\r\n                                        <a target=\"_blank\" href=\"\/en\/services\/data-center-helleri\/\">DETAILED INFORMATION<i class=\"fa fa-long-arrow-alt-right\"><\/i><\/a>\r\n                                    <\/div>\r\n                                <\/div>\r\n                            <\/div>\r\n                        <\/div>\r\n                    <\/div>\r\n                                    <div class=\"col-xl-4 col-lg-4 wow fadeInUp\" data-wow-delay=\"200ms\">\r\n                        <!--Feature One Single-->\r\n                        <div class=\"feature-one__single\">\r\n                            <div class=\"feature-one__img\">\r\n                                <img decoding=\"async\" src=\"http:\/\/b2bgroup.az\/wp-content\/uploads\/2025\/04\/biznes-texnologiyalarinin-optimizasiyasi.jpg\" alt=\"\">\r\n                                <div class=\"feature-one__title-box\">\r\n                                    <h3 class=\"feature-one__title\"><a target=\"_blank\" href=\"\/en\/services\/optimization-of-business-technologies-heller\/\">Business Technology Optimization Solutions<\/a><\/h3>\r\n                                <\/div>\r\n                                <div class=\"feature-one__hover-content\">\r\n                                    <div class=\"feature-one__icon icon-svg-large\">\r\n                                        <span aria-hidden=\"true\" class=\"icon-cyber\"><\/span>                                    <\/div>\r\n                                    <h3 class=\"feature-one__hover-title\"><a target=\"_blank\" href=\"\/en\/services\/optimization-of-business-technologies-heller\/\">Business Technology Optimization Solutions<\/a>\r\n                                    <\/h3>\r\n                                    <p class=\"feature-one__hover-text\"><\/p>\r\n                                    <div class=\"feature-one__learn-more\">\r\n                                        <a target=\"_blank\" href=\"\/en\/services\/optimization-of-business-technologies-heller\/\">DETAILED INFORMATION<i class=\"fa fa-long-arrow-alt-right\"><\/i><\/a>\r\n                                    <\/div>\r\n                                <\/div>\r\n                            <\/div>\r\n                        <\/div>\r\n                    <\/div>\r\n                                    <div class=\"col-xl-4 col-lg-4 wow fadeInUp\" data-wow-delay=\"300ms\">\r\n                        <!--Feature One Single-->\r\n                        <div class=\"feature-one__single\">\r\n                            <div class=\"feature-one__img\">\r\n                                <img decoding=\"async\" src=\"http:\/\/b2bgroup.az\/wp-content\/uploads\/2025\/04\/elektrifikasiya-ve-soyutma.jpg\" alt=\"\">\r\n                                <div class=\"feature-one__title-box\">\r\n                                    <h3 class=\"feature-one__title\"><a target=\"_blank\" href=\"\/en\/services\/electrification-and-cooling-solutions\/\">Electrification and Cooling Solutions<\/a><\/h3>\r\n                                <\/div>\r\n                                <div class=\"feature-one__hover-content\">\r\n                                    <div class=\"feature-one__icon icon-svg-large\">\r\n                                        <span aria-hidden=\"true\" class=\"icon-application\"><\/span>                                    <\/div>\r\n                                    <h3 class=\"feature-one__hover-title\"><a target=\"_blank\" href=\"\/en\/services\/electrification-and-cooling-solutions\/\">Electrification and Cooling Solutions<\/a>\r\n                                    <\/h3>\r\n                                    <p class=\"feature-one__hover-text\"><\/p>\r\n                                    <div class=\"feature-one__learn-more\">\r\n                                        <a target=\"_blank\" href=\"\/en\/services\/electrification-and-cooling-solutions\/\">DETAILED INFORMATION<i class=\"fa fa-long-arrow-alt-right\"><\/i><\/a>\r\n                                    <\/div>\r\n                                <\/div>\r\n                            <\/div>\r\n                        <\/div>\r\n                    <\/div>\r\n                                    <div class=\"col-xl-4 col-lg-4 wow fadeInUp\" data-wow-delay=\"400ms\">\r\n                        <!--Feature One Single-->\r\n                        <div class=\"feature-one__single\">\r\n                            <div class=\"feature-one__img\">\r\n                                <img decoding=\"async\" src=\"http:\/\/b2bgroup.az\/wp-content\/uploads\/2025\/04\/korporativ-it-tehlukesizlik.jpg\" alt=\"\">\r\n                                <div class=\"feature-one__title-box\">\r\n                                    <h3 class=\"feature-one__title\"><a target=\"_blank\" href=\"\/en\/services\/corporate-dog-security-guard\/\">Corporate IT Security Solutions<\/a><\/h3>\r\n                                <\/div>\r\n                                <div class=\"feature-one__hover-content\">\r\n                                    <div class=\"feature-one__icon icon-svg-large\">\r\n                                        <span aria-hidden=\"true\" class=\"icon-coding\"><\/span>                                    <\/div>\r\n                                    <h3 class=\"feature-one__hover-title\"><a target=\"_blank\" href=\"\/en\/services\/corporate-dog-security-guard\/\">Corporate IT Security Solutions<\/a>\r\n                                    <\/h3>\r\n                                    <p class=\"feature-one__hover-text\"><\/p>\r\n                                    <div class=\"feature-one__learn-more\">\r\n                                        <a target=\"_blank\" href=\"\/en\/services\/corporate-dog-security-guard\/\">DETAILED INFORMATION<i class=\"fa fa-long-arrow-alt-right\"><\/i><\/a>\r\n                                    <\/div>\r\n                                <\/div>\r\n                            <\/div>\r\n                        <\/div>\r\n                    <\/div>\r\n                                    <div class=\"col-xl-4 col-lg-4 wow fadeInUp\" data-wow-delay=\"500ms\">\r\n                        <!--Feature One Single-->\r\n                        <div class=\"feature-one__single\">\r\n                            <div class=\"feature-one__img\">\r\n                                <img decoding=\"async\" src=\"http:\/\/b2bgroup.az\/wp-content\/uploads\/2022\/04\/feature-1-5.jpg\" alt=\"\">\r\n                                <div class=\"feature-one__title-box\">\r\n                                    <h3 class=\"feature-one__title\"><a target=\"_blank\" href=\"\/en\/services\/unified-communications-heller\/\">Unified Communications Solutions<\/a><\/h3>\r\n                                <\/div>\r\n                                <div class=\"feature-one__hover-content\">\r\n                                    <div class=\"feature-one__icon icon-svg-large\">\r\n                                        <span aria-hidden=\"true\" class=\"icon-design-thinking\"><\/span>                                    <\/div>\r\n                                    <h3 class=\"feature-one__hover-title\"><a target=\"_blank\" href=\"\/en\/services\/unified-communications-heller\/\">Unified Communications Solutions<\/a>\r\n                                    <\/h3>\r\n                                    <p class=\"feature-one__hover-text\"><\/p>\r\n                                    <div class=\"feature-one__learn-more\">\r\n                                        <a target=\"_blank\" href=\"\/en\/services\/unified-communications-heller\/\">DETAILED INFORMATION<i class=\"fa fa-long-arrow-alt-right\"><\/i><\/a>\r\n                                    <\/div>\r\n                                <\/div>\r\n                            <\/div>\r\n                        <\/div>\r\n                    <\/div>\r\n                                    <div class=\"col-xl-4 col-lg-4 wow fadeInUp\" data-wow-delay=\"600ms\">\r\n                        <!--Feature One Single-->\r\n                        <div class=\"feature-one__single\">\r\n                            <div class=\"feature-one__img\">\r\n                                <img decoding=\"async\" src=\"http:\/\/b2bgroup.az\/wp-content\/uploads\/2025\/04\/biznes-proseslerin-davamliligi.jpg\" alt=\"\">\r\n                                <div class=\"feature-one__title-box\">\r\n                                    <h3 class=\"feature-one__title\"><a target=\"_blank\" href=\"\/en\/services\/business-process-continuity-solutions\/\">Business Process Continuity Solutions<\/a><\/h3>\r\n                                <\/div>\r\n                                <div class=\"feature-one__hover-content\">\r\n                                    <div class=\"feature-one__icon icon-svg-large\">\r\n                                        <span aria-hidden=\"true\" class=\"icon-content\"><\/span>                                    <\/div>\r\n                                    <h3 class=\"feature-one__hover-title\"><a target=\"_blank\" href=\"\/en\/services\/business-process-continuity-solutions\/\">Business Process Continuity Solutions<\/a>\r\n                                    <\/h3>\r\n                                    <p class=\"feature-one__hover-text\"><\/p>\r\n                                    <div class=\"feature-one__learn-more\">\r\n                                        <a target=\"_blank\" href=\"\/en\/services\/business-process-continuity-solutions\/\">DETAILED INFORMATION<i class=\"fa fa-long-arrow-alt-right\"><\/i><\/a>\r\n                                    <\/div>\r\n                                <\/div>\r\n                            <\/div>\r\n                        <\/div>\r\n                    <\/div>\r\n                                    <div class=\"col-xl-4 col-lg-4 wow fadeInUp\" data-wow-delay=\"700ms\">\r\n                        <!--Feature One Single-->\r\n                        <div class=\"feature-one__single\">\r\n                            <div class=\"feature-one__img\">\r\n                                <img decoding=\"async\" src=\"http:\/\/b2bgroup.az\/wp-content\/uploads\/2025\/04\/infrastruktur-destek.jpg\" alt=\"\">\r\n                                <div class=\"feature-one__title-box\">\r\n                                    <h3 class=\"feature-one__title\"><a target=\"_blank\" href=\"\/en\/services\/infrastructure-support-services\/\">Infrastructure Support Solutions<\/a><\/h3>\r\n                                <\/div>\r\n                                <div class=\"feature-one__hover-content\">\r\n                                    <div class=\"feature-one__icon icon-svg-large\">\r\n                                        <span aria-hidden=\"true\" class=\"icon-content\"><\/span>                                    <\/div>\r\n                                    <h3 class=\"feature-one__hover-title\"><a target=\"_blank\" href=\"\/en\/services\/infrastructure-support-services\/\">Infrastructure Support Solutions<\/a>\r\n                                    <\/h3>\r\n                                    <p class=\"feature-one__hover-text\"><\/p>\r\n                                    <div class=\"feature-one__learn-more\">\r\n                                        <a target=\"_blank\" href=\"\/en\/services\/infrastructure-support-services\/\">DETAILED INFORMATION<i class=\"fa fa-long-arrow-alt-right\"><\/i><\/a>\r\n                                    <\/div>\r\n                                <\/div>\r\n                            <\/div>\r\n                        <\/div>\r\n                    <\/div>\r\n                                    <div class=\"col-xl-4 col-lg-4 wow fadeInUp\" data-wow-delay=\"800ms\">\r\n                        <!--Feature One Single-->\r\n                        <div class=\"feature-one__single\">\r\n                            <div class=\"feature-one__img\">\r\n                                <img decoding=\"async\" src=\"http:\/\/b2bgroup.az\/wp-content\/uploads\/2025\/04\/helpdesk.jpg\" alt=\"\">\r\n                                <div class=\"feature-one__title-box\">\r\n                                    <h3 class=\"feature-one__title\"><a target=\"_blank\" href=\"\/en\/services\/helpdesk-and-it-outsourcing-heller\/\">Helpdesk and IT Outsourcing Solutions<\/a><\/h3>\r\n                                <\/div>\r\n                                <div class=\"feature-one__hover-content\">\r\n                                    <div class=\"feature-one__icon icon-svg-large\">\r\n                                        <span aria-hidden=\"true\" class=\"icon-content\"><\/span>                                    <\/div>\r\n                                    <h3 class=\"feature-one__hover-title\"><a target=\"_blank\" href=\"\/en\/services\/helpdesk-and-it-outsourcing-heller\/\">Helpdesk and IT Outsourcing Solutions<\/a>\r\n                                    <\/h3>\r\n                                    <p class=\"feature-one__hover-text\"><\/p>\r\n                                    <div class=\"feature-one__learn-more\">\r\n                                        <a target=\"_blank\" href=\"\/en\/services\/helpdesk-and-it-outsourcing-heller\/\">DETAILED INFORMATION<i class=\"fa fa-long-arrow-alt-right\"><\/i><\/a>\r\n                                    <\/div>\r\n                                <\/div>\r\n                            <\/div>\r\n                        <\/div>\r\n                    <\/div>\r\n                                    <div class=\"col-xl-4 col-lg-4 wow fadeInUp\" data-wow-delay=\"900ms\">\r\n                        <!--Feature One Single-->\r\n                        <div class=\"feature-one__single\">\r\n                            <div class=\"feature-one__img\">\r\n                                <img decoding=\"async\" src=\"http:\/\/b2bgroup.az\/wp-content\/uploads\/2025\/04\/cagri-merkezi.jpg\" alt=\"\">\r\n                                <div class=\"feature-one__title-box\">\r\n                                    <h3 class=\"feature-one__title\"><a target=\"_blank\" href=\"\/en\/services\/call-center-hellers\/\">Call Center Solutions<\/a><\/h3>\r\n                                <\/div>\r\n                                <div class=\"feature-one__hover-content\">\r\n                                    <div class=\"feature-one__icon icon-svg-large\">\r\n                                        <span aria-hidden=\"true\" class=\"icon-content\"><\/span>                                    <\/div>\r\n                                    <h3 class=\"feature-one__hover-title\"><a target=\"_blank\" href=\"\/en\/services\/call-center-hellers\/\">Call Center Solutions<\/a>\r\n                                    <\/h3>\r\n                                    <p class=\"feature-one__hover-text\"><\/p>\r\n                                    <div class=\"feature-one__learn-more\">\r\n                                        <a target=\"_blank\" href=\"\/en\/services\/call-center-hellers\/\">DETAILED INFORMATION<i class=\"fa fa-long-arrow-alt-right\"><\/i><\/a>\r\n                                    <\/div>\r\n                                <\/div>\r\n                            <\/div>\r\n                        <\/div>\r\n                    <\/div>\r\n                            <\/div>\r\n        <\/div>\r\n    <\/section>\r\n    <!--Feature One End-->\r\n\t\t<\/div>\n\t\t\t\t<\/div>\n\t\t\t\t\t<\/div>\n\t\t<\/div>\n\t\t\t\t\t\t\t<\/div>\n\t\t<\/section>\n\t\t\t\t\t\t\t<\/div>","protected":false},"excerpt":{"rendered":"<p>Data M\u0259rk\u0259zi H\u0259ll\u0259ri Data M\u0259rk\u0259zi H\u0259ll\u0259ri DETALLI M\u018fLUMAT Biznes Texnologiyalar\u0131n\u0131n Optimizasiyas\u0131 H\u0259ll\u0259ri Biznes Texnologiyalar\u0131n\u0131n Optimizasiyas\u0131 H\u0259ll\u0259ri DETALLI M\u018fLUMAT Elektrifikasiya v\u0259 Soyutma H\u0259ll\u0259ri Elektrifikasiya v\u0259 Soyutma H\u0259ll\u0259ri DETALLI M\u018fLUMAT Korporativ \u0130T T\u0259hl\u00fck\u0259sizlik H\u0259ll\u0259ri Korporativ \u0130T T\u0259hl\u00fck\u0259sizlik H\u0259ll\u0259ri DETALLI M\u018fLUMAT Vahid Kommunikasiya H\u0259ll\u0259ri Vahid Kommunikasiya H\u0259ll\u0259ri DETALLI M\u018fLUMAT Biznes Prosesl\u0259rinin Davaml\u0131l\u0131\u011f\u0131 H\u0259ll\u0259ri Biznes Prosesl\u0259rinin Davaml\u0131l\u0131\u011f\u0131 H\u0259ll\u0259ri DETALLI [&hellip;]<\/p>\n","protected":false},"author":1,"featured_media":0,"parent":0,"menu_order":0,"comment_status":"closed","ping_status":"closed","template":"elementor_header_footer","meta":{"footnotes":""},"class_list":["post-1328","page","type-page","status-publish","hentry"],"_links":{"self":[{"href":"https:\/\/www.b2bgroup.az\/en\/wp-json\/wp\/v2\/pages\/1328","targetHints":{"allow":["GET"]}}],"collection":[{"href":"https:\/\/www.b2bgroup.az\/en\/wp-json\/wp\/v2\/pages"}],"about":[{"href":"https:\/\/www.b2bgroup.az\/en\/wp-json\/wp\/v2\/types\/page"}],"author":[{"embeddable":true,"href":"https:\/\/www.b2bgroup.az\/en\/wp-json\/wp\/v2\/users\/1"}],"replies":[{"embeddable":true,"href":"https:\/\/www.b2bgroup.az\/en\/wp-json\/wp\/v2\/comments?post=1328"}],"version-history":[{"count":0,"href":"https:\/\/www.b2bgroup.az\/en\/wp-json\/wp\/v2\/pages\/1328\/revisions"}],"wp:attachment":[{"href":"https:\/\/www.b2bgroup.az\/en\/wp-json\/wp\/v2\/media?parent=1328"}],"curies":[{"name":"wp","href":"https:\/\/api.w.org\/{rel}","templated":true}]}}