{"id":1340,"date":"2022-04-11T11:16:10","date_gmt":"2022-04-11T11:16:10","guid":{"rendered":"http:\/\/test.b2bgroup.az\/?page_id=66"},"modified":"2025-06-24T19:48:09","modified_gmt":"2025-06-24T15:48:09","slug":"business-process-continuity-solutions","status":"publish","type":"page","link":"https:\/\/www.b2bgroup.az\/en\/xidmetler\/biznes-proseslerinin-davamliligi-helleri\/","title":{"rendered":"Business Process Continuity Solutions"},"content":{"rendered":"\t\t<div data-elementor-type=\"wp-page\" data-elementor-id=\"1340\" class=\"elementor elementor-1340\">\n\t\t\t\t\t\t\t\t\t<section class=\"elementor-section elementor-top-section elementor-element elementor-element-bfa6def elementor-section-boxed elementor-section-height-default elementor-section-height-default\" data-id=\"bfa6def\" data-element_type=\"section\">\n\t\t\t\t\t\t<div class=\"elementor-container elementor-column-gap-no\">\n\t\t\t\t\t<div class=\"elementor-column elementor-col-50 elementor-top-column elementor-element elementor-element-4fe89662\" data-id=\"4fe89662\" data-element_type=\"column\">\n\t\t\t<div class=\"elementor-widget-wrap elementor-element-populated\">\n\t\t\t\t\t\t\t\t<div class=\"elementor-element elementor-element-68ecdc0b elementor-widget elementor-widget-notech-sidebar-nav\" data-id=\"68ecdc0b\" data-element_type=\"widget\" data-widget_type=\"notech-sidebar-nav.default\">\n\t\t\t\t<div class=\"elementor-widget-container\">\n\t\t\t\r\n    <div class=\"service-details__service\">\r\n                    <h3 class=\"service-details__title\">Xidm\u0259tl\u0259r<\/h3>\r\n                <div class=\"menu-service-menu-container\"><ul id=\"menu-service-menu\" class=\"service-details__service-list list-unstyled\"><li id=\"menu-item-2196\" class=\"menu-item menu-item-type-post_type menu-item-object-page menu-item-2196\"><a href=\"https:\/\/www.b2bgroup.az\/en\/xidmetler\/biznes-proseslerinin-davamliligi-helleri\/\"><span class=\"fa fa-long-arrow-alt-right\"><\/span>Biznes Prosesl\u0259rinin Davaml\u0131l\u0131\u011f\u0131 H\u0259ll\u0259ri<\/a><\/li>\n<li id=\"menu-item-2197\" class=\"menu-item menu-item-type-post_type menu-item-object-page menu-item-2197\"><a href=\"https:\/\/www.b2bgroup.az\/en\/xidmetler\/biznes-texnologiyalarinin-optimizasiyasi-helleri\/\"><span class=\"fa fa-long-arrow-alt-right\"><\/span>Biznes Texnologiyalar\u0131n\u0131n Optimizasiyas\u0131 H\u0259ll\u0259ri<\/a><\/li>\n<li id=\"menu-item-2198\" class=\"menu-item menu-item-type-post_type menu-item-object-page menu-item-2198\"><a href=\"https:\/\/www.b2bgroup.az\/en\/xidmetler\/chagri-merkezi-helleri\/\"><span class=\"fa fa-long-arrow-alt-right\"><\/span>\u00c7a\u011fr\u0131 M\u0259rk\u0259zi H\u0259ll\u0259ri<\/a><\/li>\n<li id=\"menu-item-2199\" class=\"menu-item menu-item-type-post_type menu-item-object-page menu-item-2199\"><a href=\"https:\/\/www.b2bgroup.az\/en\/xidmetler\/data-merkezi-helleri\/\"><span class=\"fa fa-long-arrow-alt-right\"><\/span>Data M\u0259rk\u0259zi H\u0259ll\u0259ri<\/a><\/li>\n<li id=\"menu-item-2200\" class=\"menu-item menu-item-type-post_type menu-item-object-page menu-item-2200\"><a href=\"https:\/\/www.b2bgroup.az\/en\/xidmetler\/elektrifikasiya-ve-soyutma-helleri\/\"><span class=\"fa fa-long-arrow-alt-right\"><\/span>Elektrifikasiya v\u0259 Soyutma H\u0259ll\u0259ri<\/a><\/li>\n<li id=\"menu-item-2201\" class=\"menu-item menu-item-type-post_type menu-item-object-page menu-item-2201\"><a href=\"https:\/\/www.b2bgroup.az\/en\/xidmetler\/helpdesk-ve-it-outsorsinq-helleri\/\"><span class=\"fa fa-long-arrow-alt-right\"><\/span>Helpdesk v\u0259 \u0130T Outsorsinq H\u0259ll\u0259ri<\/a><\/li>\n<li id=\"menu-item-2202\" class=\"menu-item menu-item-type-post_type menu-item-object-page menu-item-2202\"><a href=\"https:\/\/www.b2bgroup.az\/en\/xidmetler\/infrastruktur-destek-helleri\/\"><span class=\"fa fa-long-arrow-alt-right\"><\/span>\u0130nfrastruktur D\u0259st\u0259k H\u0259ll\u0259ri<\/a><\/li>\n<li id=\"menu-item-2203\" class=\"menu-item menu-item-type-post_type menu-item-object-page menu-item-2203\"><a href=\"https:\/\/www.b2bgroup.az\/en\/xidmetler\/korporativ-it-tehlukesizlik-helleri\/\"><span class=\"fa fa-long-arrow-alt-right\"><\/span>Korporativ \u0130T T\u0259hl\u00fck\u0259sizlik H\u0259ll\u0259ri<\/a><\/li>\n<li id=\"menu-item-2204\" class=\"menu-item menu-item-type-post_type menu-item-object-page menu-item-2204\"><a href=\"https:\/\/www.b2bgroup.az\/en\/xidmetler\/vahid-kommunikasiya-helleri\/\"><span class=\"fa fa-long-arrow-alt-right\"><\/span>Vahid Kommunikasiya H\u0259ll\u0259ri<\/a><\/li>\n<\/ul><\/div>\r\n    <\/div>\r\n\t\t<\/div>\n\t\t\t\t<\/div>\n\t\t\t\t<div class=\"elementor-element elementor-element-3a4fee3d elementor-widget elementor-widget-notech-sidebar-call-to-action\" data-id=\"3a4fee3d\" data-element_type=\"widget\" data-widget_type=\"notech-sidebar-call-to-action.default\">\n\t\t\t\t<div class=\"elementor-widget-container\">\n\t\t\t    <div class=\"service-details__need-help\">\r\n                    <div class=\"service-details__need-help-bg\" style=\"background-image: url(http:\/\/b2bgroup.az\/wp-content\/uploads\/2025\/04\/Asan-h\u0259ll.jpg)\"><\/div>\r\n                            <div class=\"service-details__need-help-icon\">\r\n                <img decoding=\"async\" src=\"http:\/\/b2bgroup.az\/wp-content\/uploads\/2022\/04\/main-menu-icon-comment-B2B.png\" alt=\"\">\r\n            <\/div>\r\n                <h2 class=\"service-details__need-help-title\">Texnoloji problemler  <br> \u00fc\u00e7\u00fcn asan<br> h\u0259ll<\/h2>\r\n        <div class=\"service-details__need-help-contact\">\r\n            <p>Sual\u0131n\u0131z var?<\/p>\r\n            <a href=\"tel:994123101178\"><span>Z\u0259ng edin: <\/span> +994 (12) 310 11 78<\/a>\r\n        <\/div>\r\n    <\/div>\r\n\t\t<\/div>\n\t\t\t\t<\/div>\n\t\t\t\t<div class=\"elementor-element elementor-element-210ac903 elementor-widget elementor-widget-notech-button\" data-id=\"210ac903\" data-element_type=\"widget\" data-widget_type=\"notech-button.default\">\n\t\t\t\t<div class=\"elementor-widget-container\">\n\t\t\t    <div class=\"service-details__download\">\r\n                    <a target=_blank href=\"mailto:info@b2bgroup.az\" class=\"thm-btn service-details__download-btn\">E-po\u00e7t g\u00f6nd\u0259r<\/a>\r\n            <\/div>\r\n\t\t<\/div>\n\t\t\t\t<\/div>\n\t\t\t\t\t<\/div>\n\t\t<\/div>\n\t\t\t\t<div class=\"elementor-column elementor-col-50 elementor-top-column elementor-element elementor-element-7e0ff2e1\" data-id=\"7e0ff2e1\" data-element_type=\"column\">\n\t\t\t<div class=\"elementor-widget-wrap elementor-element-populated\">\n\t\t\t\t\t\t\t\t<div class=\"elementor-element elementor-element-669757e7 elementor-widget elementor-widget-image\" data-id=\"669757e7\" data-element_type=\"widget\" data-widget_type=\"image.default\">\n\t\t\t\t<div class=\"elementor-widget-container\">\n\t\t\t<style>\/*! elementor - v3.18.0 - 20-12-2023 *\/\n.elementor-widget-image{text-align:center}.elementor-widget-image a{display:inline-block}.elementor-widget-image a img[src$=\".svg\"]{width:48px}.elementor-widget-image img{vertical-align:middle;display:inline-block}<\/style>\t\t\t\t\t\t\t\t\t\t\t\t<img fetchpriority=\"high\" decoding=\"async\" width=\"770\" height=\"428\" src=\"https:\/\/www.b2bgroup.az\/wp-content\/uploads\/2025\/04\/Biznes-prosesl\u0259rinin-davamliligi-h\u0259ll\u0259ri.jpg\" class=\"attachment-post-thumbnail size-post-thumbnail wp-image-2281\" alt=\"\" srcset=\"https:\/\/www.b2bgroup.az\/wp-content\/uploads\/2025\/04\/Biznes-prosesl\u0259rinin-davamliligi-h\u0259ll\u0259ri.jpg 770w, https:\/\/www.b2bgroup.az\/wp-content\/uploads\/2025\/04\/Biznes-prosesl\u0259rinin-davamliligi-h\u0259ll\u0259ri-300x167.jpg 300w, https:\/\/www.b2bgroup.az\/wp-content\/uploads\/2025\/04\/Biznes-prosesl\u0259rinin-davamliligi-h\u0259ll\u0259ri-768x427.jpg 768w, https:\/\/www.b2bgroup.az\/wp-content\/uploads\/2025\/04\/Biznes-prosesl\u0259rinin-davamliligi-h\u0259ll\u0259ri-18x10.jpg 18w\" sizes=\"(max-width: 770px) 100vw, 770px\">\t\t\t\t\t\t\t\t\t\t\t\t\t\t\t<\/div>\n\t\t\t\t<\/div>\n\t\t\t\t<div class=\"elementor-element elementor-element-68843321 elementor-widget elementor-widget-heading\" data-id=\"68843321\" data-element_type=\"widget\" data-widget_type=\"heading.default\">\n\t\t\t\t<div class=\"elementor-widget-container\">\n\t\t\t<style>\/*! elementor - v3.18.0 - 20-12-2023 *\/\n.elementor-heading-title{padding:0;margin:0;line-height:1}.elementor-widget-heading .elementor-heading-title[class*=elementor-size-]>a{color:inherit;font-size:inherit;line-height:inherit}.elementor-widget-heading .elementor-heading-title.elementor-size-small{font-size:15px}.elementor-widget-heading .elementor-heading-title.elementor-size-medium{font-size:19px}.elementor-widget-heading .elementor-heading-title.elementor-size-large{font-size:29px}.elementor-widget-heading .elementor-heading-title.elementor-size-xl{font-size:39px}.elementor-widget-heading .elementor-heading-title.elementor-size-xxl{font-size:59px}<\/style><h2 class=\"elementor-heading-title elementor-size-default\">Biznes Prosesl\u0259rinin Davaml\u0131l\u0131\u011f\u0131 H\u0259ll\u0259ri<\/h2>\t\t<\/div>\n\t\t\t\t<\/div>\n\t\t\t\t<div class=\"elementor-element elementor-element-3981135e elementor-widget elementor-widget-text-editor\" data-id=\"3981135e\" data-element_type=\"widget\" data-widget_type=\"text-editor.default\">\n\t\t\t\t<div class=\"elementor-widget-container\">\n\t\t\t<style>\/*! elementor - v3.18.0 - 20-12-2023 *\/\n.elementor-widget-text-editor.elementor-drop-cap-view-stacked .elementor-drop-cap{background-color:#69727d;color:#fff}.elementor-widget-text-editor.elementor-drop-cap-view-framed .elementor-drop-cap{color:#69727d;border:3px solid;background-color:transparent}.elementor-widget-text-editor:not(.elementor-drop-cap-view-default) .elementor-drop-cap{margin-top:8px}.elementor-widget-text-editor:not(.elementor-drop-cap-view-default) .elementor-drop-cap-letter{width:1em;height:1em}.elementor-widget-text-editor .elementor-drop-cap{float:left;text-align:center;line-height:1;font-size:50px}.elementor-widget-text-editor .elementor-drop-cap-letter{display:inline-block}<\/style>\t\t\t\t<p>G\u00f6zl\u0259nilm\u0259z hadis\u0259l\u0259r \u2013 texniki nasazl\u0131qlar, t\u0259bii f\u0259lak\u0259tl\u0259r, kibert\u0259hl\u00fck\u0259l\u0259r v\u0259 ya dig\u0259r fors-major hallar \u2013 m\u00fc\u0259ssis\u0259l\u0259rin f\u0259aliyy\u0259tin\u0259 ciddi t\u0259sir g\u00f6st\u0259r\u0259 bil\u0259r. Bel\u0259 hallarda biznes prosesl\u0259rinin dayanmas\u0131 h\u0259m maliyy\u0259 itkisin\u0259, h\u0259m d\u0259 m\u00fc\u015ft\u0259ri etibar\u0131n\u0131n z\u0259d\u0259l\u0259nm\u0259sin\u0259 s\u0259b\u0259b olur. Biznes prosesl\u0259rinin davaml\u0131l\u0131\u011f\u0131 h\u0259ll\u0259ri m\u0259hz bu kimi riskl\u0259r\u0259 qar\u015f\u0131 haz\u0131rl\u0131ql\u0131 olmaq, fasil\u0259siz \u0259m\u0259liyyatlar\u0131 t\u0259min etm\u0259k v\u0259 t\u0259\u015fkilat\u0131n \u00e7evik \u015f\u0259kild\u0259 b\u0259rpa olunmas\u0131na \u015f\u0259rait yaratmaq m\u0259qs\u0259di da\u015f\u0131y\u0131r.<\/p>\t\t\t\t\t\t<\/div>\n\t\t\t\t<\/div>\n\t\t\t\t<div class=\"elementor-element elementor-element-53a59b1f elementor-widget elementor-widget-text-editor\" data-id=\"53a59b1f\" data-element_type=\"widget\" data-widget_type=\"text-editor.default\">\n\t\t\t\t<div class=\"elementor-widget-container\">\n\t\t\t\t\t\t\t<p>B2B Group il\u0259 Davaml\u0131 v\u0259 Dayan\u0131ql\u0131 Biznes M\u00fchiti Qurun<\/p>\t\t\t\t\t\t<\/div>\n\t\t\t\t<\/div>\n\t\t\t\t<div class=\"elementor-element elementor-element-21743b8c elementor-widget elementor-widget-text-editor\" data-id=\"21743b8c\" data-element_type=\"widget\" data-widget_type=\"text-editor.default\">\n\t\t\t\t<div class=\"elementor-widget-container\">\n\t\t\t\t\t\t\t<p>Biz korporativ m\u00fc\u015ft\u0259ril\u0259r\u0259 riskl\u0259rin idar\u0259 olunmas\u0131, prosesl\u0259rin b\u0259rpa planla\u015fd\u0131r\u0131lmas\u0131 v\u0259 y\u00fcks\u0259k m\u00f6vcudluq t\u0259min ed\u0259n texnoloji h\u0259ll\u0259r t\u0259qdim edirik. \u0130T sisteml\u0259rinin v\u0259 \u0259m\u0259liyyat infrastrukturunun \u00e7evikliyini v\u0259 dayan\u0131ql\u0131\u011f\u0131n\u0131 t\u0259min etm\u0259k \u00fc\u00e7\u00fcn qabaqc\u0131l yana\u015fmalardan istifad\u0259 edirik.<\/p>\t\t\t\t\t\t<\/div>\n\t\t\t\t<\/div>\n\t\t\t\t<div class=\"elementor-element elementor-element-679258fe elementor-widget elementor-widget-notech-icon-box\" data-id=\"679258fe\" data-element_type=\"widget\" data-widget_type=\"notech-icon-box.default\">\n\t\t\t\t<div class=\"elementor-widget-container\">\n\t\t\t    <ul class=\"list-unstyled service-details__points ml-0\">\r\n                    <li>\r\n                <div class=\"service-details__points-icon icon-svg-large\">\r\n                    <span aria-hidden=\"true\" class=\"  icon-customer-service\"><\/span>                <\/div>\r\n                <h4 class=\"service-details__points-title\">Riskl\u0259rin Azald\u0131lmas\u0131<\/h4>\r\n                <p class=\"service-details__points-text\">Potensial t\u0259hl\u00fck\u0259l\u0259ri \u0259vv\u0259lc\u0259d\u0259n m\u00fc\u0259yy\u0259nl\u0259\u015fdir\u0259r\u0259k t\u0259sirini minimuma endiririk.<\/p>\r\n            <\/li>\r\n                    <li>\r\n                <div class=\"service-details__points-icon icon-svg-large\">\r\n                    <span aria-hidden=\"true\" class=\"   icon-market-analysis\"><\/span>                <\/div>\r\n                <h4 class=\"service-details__points-title\">S\u00fcr\u0259tli B\u0259rpa<\/h4>\r\n                <p class=\"service-details__points-text\">\u00f6vq\u0259lad\u0259 hallarda \u0259m\u0259liyyatlar\u0131n tez b\u0259rpas\u0131 \u00fc\u00e7\u00fcn planla\u015fd\u0131rma t\u0259min edirik.<\/p>\r\n            <\/li>\r\n                    <li>\r\n                <div class=\"service-details__points-icon icon-svg-large\">\r\n                    <span aria-hidden=\"true\" class=\"   icon-technical-support\"><\/span>                <\/div>\r\n                <h4 class=\"service-details__points-title\">Strateji Haz\u0131rl\u0131q<\/h4>\r\n                <p class=\"service-details__points-text\">F\u0259rdi strategiyalarla biznesinizin uzunm\u00fcdd\u0259tli sabitliyini d\u0259st\u0259kl\u0259yirik.<\/p>\r\n            <\/li>\r\n            <\/ul>\r\n\t\t<\/div>\n\t\t\t\t<\/div>\n\t\t\t\t<section class=\"elementor-section elementor-inner-section elementor-element elementor-element-15b2b8a7 elementor-section-full_width elementor-section-height-default elementor-section-height-default\" data-id=\"15b2b8a7\" data-element_type=\"section\">\n\t\t\t\t\t\t<div class=\"elementor-container elementor-column-gap-no\">\n\t\t\t\t\t<div class=\"elementor-column elementor-col-50 elementor-inner-column elementor-element elementor-element-585757e6\" data-id=\"585757e6\" data-element_type=\"column\" data-settings=\"{&quot;background_background&quot;:&quot;classic&quot;}\">\n\t\t\t<div class=\"elementor-widget-wrap elementor-element-populated\">\n\t\t\t\t\t\t\t\t<div class=\"elementor-element elementor-element-572f5da7 elementor-widget elementor-widget-heading\" data-id=\"572f5da7\" data-element_type=\"widget\" data-widget_type=\"heading.default\">\n\t\t\t\t<div class=\"elementor-widget-container\">\n\t\t\t<h2 class=\"elementor-heading-title elementor-size-default\">Strateji Fokus<\/h2>\t\t<\/div>\n\t\t\t\t<\/div>\n\t\t\t\t<div class=\"elementor-element elementor-element-80af70d elementor-widget elementor-widget-text-editor\" data-id=\"80af70d\" data-element_type=\"widget\" data-widget_type=\"text-editor.default\">\n\t\t\t\t<div class=\"elementor-widget-container\">\n\t\t\t\t\t\t\t<p dir=\"ltr\">Dig\u0259r xidm\u0259tl\u0259r \u00fcmumi t\u0259dbirl\u0259r t\u0259klif ed\u0259rk\u0259n, biz biznesinizin x\u00fcsusi risk profilin\u0259 uy\u011fun h\u0259ll\u0259r haz\u0131rlay\u0131r\u0131q.<\/p>\t\t\t\t\t\t<\/div>\n\t\t\t\t<\/div>\n\t\t\t\t\t<\/div>\n\t\t<\/div>\n\t\t\t\t<div class=\"elementor-column elementor-col-50 elementor-inner-column elementor-element elementor-element-669b79ac\" data-id=\"669b79ac\" data-element_type=\"column\" data-settings=\"{&quot;background_background&quot;:&quot;classic&quot;}\">\n\t\t\t<div class=\"elementor-widget-wrap elementor-element-populated\">\n\t\t\t\t\t\t\t\t<div class=\"elementor-element elementor-element-1ce65efb elementor-widget elementor-widget-heading\" data-id=\"1ce65efb\" data-element_type=\"widget\" data-widget_type=\"heading.default\">\n\t\t\t\t<div class=\"elementor-widget-container\">\n\t\t\t<h2 class=\"elementor-heading-title elementor-size-default\">F\u0259rdi Planla\u015fd\u0131rma<\/h2>\t\t<\/div>\n\t\t\t\t<\/div>\n\t\t\t\t<div class=\"elementor-element elementor-element-59256e31 elementor-widget elementor-widget-text-editor\" data-id=\"59256e31\" data-element_type=\"widget\" data-widget_type=\"text-editor.default\">\n\t\t\t\t<div class=\"elementor-widget-container\">\n\t\t\t\t\t\t\t<p dir=\"ltr\" data-pm-slice=\"1 1 [&quot;orderedList&quot;,{&quot;tight&quot;:true,&quot;dir&quot;:&quot;ltr&quot;,&quot;start&quot;:1,&quot;type&quot;:null},&quot;listItem&quot;,{}]\">Standart yana\u015fmalar \u0259v\u0259zin\u0259, h\u0259r biznes\u0259 xas davaml\u0131l\u0131q strategiyalar\u0131 t\u0259tbiq edirik.<\/p>\t\t\t\t\t\t<\/div>\n\t\t\t\t<\/div>\n\t\t\t\t\t<\/div>\n\t\t<\/div>\n\t\t\t\t\t\t\t<\/div>\n\t\t<\/section>\n\t\t\t\t<div class=\"elementor-element elementor-element-5c6abafb elementor-widget elementor-widget-notech-benefit\" data-id=\"5c6abafb\" data-element_type=\"widget\" data-widget_type=\"notech-benefit.default\">\n\t\t\t\t<div class=\"elementor-widget-container\">\n\t\t\t    <div class=\"service-details__benefits\">\r\n        <div class=\"row\">\r\n            <div class=\"col-xl-6\">\r\n                <div class=\"service-details__benefits-img\">\r\n                                            <img decoding=\"async\" src=\"http:\/\/b2bgroup.az\/wp-content\/uploads\/2025\/04\/vv2-scaled.jpg\" alt=\"\">\r\n                                    <\/div>\r\n            <\/div>\r\n            <div class=\"col-xl-6\">\r\n                <div class=\"service-details__benefits-right\">\r\n                                            <h3 class=\"service-details__benefits-title\">\u00dcst\u00fcnl\u00fckl\u0259rimiz<\/h3>\r\n                                                                <p class=\"service-betails__benefits-text-1\">Strateji risk idar\u0259etm\u0259 il\u0259 biznesinizin sabitliyini t\u0259min edir, f\u0259rdi b\u0259rpa planlar\u0131 il\u0259 \u0259m\u0259liyyatlar\u0131n\u0131z\u0131 qoruyuruq.<\/p>\r\n                                                                <ul class=\"list-unstyled service-details__benefits-points ml-0\">\r\n                                                            <li>\r\n                                    <div class=\"icon icon-svg\">\r\n                                        <i aria-hidden=\"true\" class=\"  icon-check\"><\/i>                                    <\/div>\r\n                                    <div class=\"text\">\r\n                                        <p>Prosesl\u0259rin v\u0259 sisteml\u0259rin real vaxt rejimind\u0259 izl\u0259nilm\u0259si.<\/p>\r\n                                    <\/div>\r\n                                <\/li>\r\n                                                            <li>\r\n                                    <div class=\"icon icon-svg\">\r\n                                        <i aria-hidden=\"true\" class=\"  icon-check\"><\/i>                                    <\/div>\r\n                                    <div class=\"text\">\r\n                                        <p>G\u00f6zl\u0259nilm\u0259z hadis\u0259l\u0259r zaman\u0131 \u0259m\u0259liyyatlar\u0131n itkisiz v\u0259 s\u00fcr\u0259tli \u015f\u0259kild\u0259 b\u0259rpas\u0131.<\/p>\r\n                                    <\/div>\r\n                                <\/li>\r\n                                                            <li>\r\n                                    <div class=\"icon icon-svg\">\r\n                                        <i aria-hidden=\"true\" class=\"  icon-check\"><\/i>                                    <\/div>\r\n                                    <div class=\"text\">\r\n                                        <p>Potensial t\u0259hl\u00fck\u0259l\u0259rin m\u00fc\u0259yy\u0259nl\u0259\u015fdirilm\u0259si v\u0259 t\u0259sirinin minimuma endirilm\u0259si.<\/p>\r\n                                    <\/div>\r\n                                <\/li>\r\n                            \r\n                        <\/ul>\r\n                                    <\/div>\r\n            <\/div>\r\n        <\/div>\r\n    <\/div>\r\n\t\t<\/div>\n\t\t\t\t<\/div>\n\t\t\t\t<div class=\"elementor-element elementor-element-afb0407 elementor-widget elementor-widget-heading\" data-id=\"afb0407\" data-element_type=\"widget\" data-widget_type=\"heading.default\">\n\t\t\t\t<div class=\"elementor-widget-container\">\n\t\t\t<h2 class=\"elementor-heading-title elementor-size-default\">\u00c7ox Soru\u015fulan Suallar<\/h2>\t\t<\/div>\n\t\t\t\t<\/div>\n\t\t\t\t<div class=\"elementor-element elementor-element-f6b8b22 elementor-widget elementor-widget-spacer\" data-id=\"f6b8b22\" data-element_type=\"widget\" data-widget_type=\"spacer.default\">\n\t\t\t\t<div class=\"elementor-widget-container\">\n\t\t\t<style>\/*! elementor - v3.18.0 - 20-12-2023 *\/\n.elementor-column .elementor-spacer-inner{height:var(--spacer-size)}.e-con{--container-widget-width:100%}.e-con-inner>.elementor-widget-spacer,.e-con>.elementor-widget-spacer{width:var(--container-widget-width,var(--spacer-size));--align-self:var(--container-widget-align-self,initial);--flex-shrink:0}.e-con-inner>.elementor-widget-spacer>.elementor-widget-container,.e-con>.elementor-widget-spacer>.elementor-widget-container{height:100%;width:100%}.e-con-inner>.elementor-widget-spacer>.elementor-widget-container>.elementor-spacer,.e-con>.elementor-widget-spacer>.elementor-widget-container>.elementor-spacer{height:100%}.e-con-inner>.elementor-widget-spacer>.elementor-widget-container>.elementor-spacer>.elementor-spacer-inner,.e-con>.elementor-widget-spacer>.elementor-widget-container>.elementor-spacer>.elementor-spacer-inner{height:var(--container-widget-height,var(--spacer-size))}.e-con-inner>.elementor-widget-spacer.elementor-widget-empty,.e-con>.elementor-widget-spacer.elementor-widget-empty{position:relative;min-height:22px;min-width:22px}.e-con-inner>.elementor-widget-spacer.elementor-widget-empty .elementor-widget-empty-icon,.e-con>.elementor-widget-spacer.elementor-widget-empty .elementor-widget-empty-icon{position:absolute;top:0;bottom:0;left:0;right:0;margin:auto;padding:0;width:22px;height:22px}<\/style>\t\t<div class=\"elementor-spacer\">\n\t\t\t<div class=\"elementor-spacer-inner\"><\/div>\n\t\t<\/div>\n\t\t\t\t<\/div>\n\t\t\t\t<\/div>\n\t\t\t\t<div class=\"elementor-element elementor-element-12348f88 elementor-widget elementor-widget-notech-faq\" data-id=\"12348f88\" data-element_type=\"widget\" data-widget_type=\"notech-faq.default\">\n\t\t\t\t<div class=\"elementor-widget-container\">\n\t\t\t\r\n\t<div class=\"service-details__faq\">\r\n\t\t<div class=\"accrodion-grp faq-one-accrodion\" data-grp-name=\"faq-one-accrodion-69e73c21f1206\">\r\n\t\t\t\t\t\t\t<div class=\"accrodion \">\r\n\t\t\t\t\t<div class=\"accrodion-title\">\r\n\t\t\t\t\t\t<h4>Biznes davaml\u0131l\u0131\u011f\u0131 plan\u0131 olmadan f\u0259aliyy\u0259timizi nec\u0259 risk\u0259 at\u0131r\u0131q?<\/h4>\r\n\t\t\t\t\t<\/div>\r\n\t\t\t\t\t<div class=\"accrodion-content\">\r\n\t\t\t\t\t\t<div class=\"inner\">\r\n\t\t\t\t\t\t\t<p>Plan olmadan h\u0259r hans\u0131 fors-major hal zaman\u0131 sisteml\u0259rinizin dayanmas\u0131, m\u0259lumat itkisi v\u0259 m\u00fc\u015ft\u0259ri itkil\u0259ri il\u0259 qar\u015f\u0131la\u015fmaq ehtimal\u0131n\u0131z y\u00fcks\u0259kdir.<\/p>\r\n\t\t\t\t\t\t<\/div><!-- \/.inner -->\r\n\t\t\t\t\t<\/div>\r\n\t\t\t\t<\/div>\r\n\t\t\t\t\t\t\t<div class=\"accrodion active\">\r\n\t\t\t\t\t<div class=\"accrodion-title\">\r\n\t\t\t\t\t\t<h4>B\u0259rpa planlar\u0131 \u015firk\u0259t\u0259 nec\u0259 uy\u011funla\u015fd\u0131r\u0131l\u0131r?<\/h4>\r\n\t\t\t\t\t<\/div>\r\n\t\t\t\t\t<div class=\"accrodion-content\">\r\n\t\t\t\t\t\t<div class=\"inner\">\r\n\t\t\t\t\t\t\t<p>H\u0259r m\u00fc\u015ft\u0259rinin biznes prosesi t\u0259hlil olunur, kritik n\u00f6qt\u0259l\u0259r m\u00fc\u0259yy\u0259nl\u0259\u015fdirilir v\u0259 ona uy\u011fun f\u0259rdi b\u0259rpa strategiyas\u0131 haz\u0131rlan\u0131r.<\/p>\r\n\t\t\t\t\t\t<\/div><!-- \/.inner -->\r\n\t\t\t\t\t<\/div>\r\n\t\t\t\t<\/div>\r\n\t\t\t\t\t\t\t<div class=\"accrodion \">\r\n\t\t\t\t\t<div class=\"accrodion-title\">\r\n\t\t\t\t\t\t<h4>Risk qiym\u0259tl\u0259ndirm\u0259si prosesi biznes \u0259m\u0259liyyatlar\u0131m\u0131za t\u0259sir edirmi?<\/h4>\r\n\t\t\t\t\t<\/div>\r\n\t\t\t\t\t<div class=\"accrodion-content\">\r\n\t\t\t\t\t\t<div class=\"inner\">\r\n\t\t\t\t\t\t\t<p> Xeyr, qiym\u0259tl\u0259ndirm\u0259 prosesi \u0259m\u0259liyyatlar\u0131n\u0131z\u0131 pozmadan, effektiv \u015f\u0259kild\u0259 h\u0259yata ke\u00e7irilir.<\/p>\r\n\t\t\t\t\t\t<\/div><!-- \/.inner -->\r\n\t\t\t\t\t<\/div>\r\n\t\t\t\t<\/div>\r\n\t\t\t\t\t<\/div>\r\n\t<\/div>\r\n\r\n\t\t<\/div>\n\t\t\t\t<\/div>\n\t\t\t\t\t<\/div>\n\t\t<\/div>\n\t\t\t\t\t\t\t<\/div>\n\t\t<\/section>\n\t\t\t\t\t\t\t<\/div>\n\t\t","protected":false},"excerpt":{"rendered":"<p>Xidm\u0259tl\u0259r Biznes Prosesl\u0259rinin Davaml\u0131l\u0131\u011f\u0131 H\u0259ll\u0259ri Biznes Texnologiyalar\u0131n\u0131n Optimizasiyas\u0131 H\u0259ll\u0259ri \u00c7a\u011fr\u0131 M\u0259rk\u0259zi H\u0259ll\u0259ri Data M\u0259rk\u0259zi H\u0259ll\u0259ri Elektrifikasiya v\u0259 Soyutma H\u0259ll\u0259ri Helpdesk v\u0259 \u0130T Outsorsinq H\u0259ll\u0259ri \u0130nfrastruktur D\u0259st\u0259k H\u0259ll\u0259ri Korporativ \u0130T T\u0259hl\u00fck\u0259sizlik H\u0259ll\u0259ri Vahid Kommunikasiya H\u0259ll\u0259ri Texnoloji problemler \u00fc\u00e7\u00fcn asan h\u0259ll Sual\u0131n\u0131z var? Z\u0259ng edin: +994 (12) 310 11 78 E-po\u00e7t g\u00f6nd\u0259r Biznes Prosesl\u0259rinin Davaml\u0131l\u0131\u011f\u0131 H\u0259ll\u0259ri G\u00f6zl\u0259nilm\u0259z [&hellip;]<\/p>\n","protected":false},"author":1,"featured_media":0,"parent":1328,"menu_order":0,"comment_status":"closed","ping_status":"closed","template":"elementor_header_footer","meta":{"footnotes":""},"class_list":["post-1340","page","type-page","status-publish","hentry"],"_links":{"self":[{"href":"https:\/\/www.b2bgroup.az\/en\/wp-json\/wp\/v2\/pages\/1340","targetHints":{"allow":["GET"]}}],"collection":[{"href":"https:\/\/www.b2bgroup.az\/en\/wp-json\/wp\/v2\/pages"}],"about":[{"href":"https:\/\/www.b2bgroup.az\/en\/wp-json\/wp\/v2\/types\/page"}],"author":[{"embeddable":true,"href":"https:\/\/www.b2bgroup.az\/en\/wp-json\/wp\/v2\/users\/1"}],"replies":[{"embeddable":true,"href":"https:\/\/www.b2bgroup.az\/en\/wp-json\/wp\/v2\/comments?post=1340"}],"version-history":[{"count":0,"href":"https:\/\/www.b2bgroup.az\/en\/wp-json\/wp\/v2\/pages\/1340\/revisions"}],"up":[{"embeddable":true,"href":"https:\/\/www.b2bgroup.az\/en\/wp-json\/wp\/v2\/pages\/1328"}],"wp:attachment":[{"href":"https:\/\/www.b2bgroup.az\/en\/wp-json\/wp\/v2\/media?parent=1340"}],"curies":[{"name":"wp","href":"https:\/\/api.w.org\/{rel}","templated":true}]}}