{"id":1341,"date":"2022-04-11T11:16:23","date_gmt":"2022-04-11T11:16:23","guid":{"rendered":"http:\/\/test.b2bgroup.az\/?page_id=68"},"modified":"2025-06-24T19:48:32","modified_gmt":"2025-06-24T15:48:32","slug":"data-center-helleri","status":"publish","type":"page","link":"https:\/\/www.b2bgroup.az\/en\/xidmetler\/data-merkezi-helleri\/","title":{"rendered":"Data Center Solutions"},"content":{"rendered":"\t\t<div data-elementor-type=\"wp-page\" data-elementor-id=\"1341\" class=\"elementor elementor-1341\">\n\t\t\t\t\t\t\t\t\t<section class=\"elementor-section elementor-top-section elementor-element elementor-element-6c235439 elementor-section-boxed elementor-section-height-default elementor-section-height-default\" data-id=\"6c235439\" data-element_type=\"section\">\n\t\t\t\t\t\t<div class=\"elementor-container elementor-column-gap-no\">\n\t\t\t\t\t<div class=\"elementor-column elementor-col-50 elementor-top-column elementor-element elementor-element-662c5df5\" data-id=\"662c5df5\" data-element_type=\"column\">\n\t\t\t<div class=\"elementor-widget-wrap elementor-element-populated\">\n\t\t\t\t\t\t\t\t<div class=\"elementor-element elementor-element-4de81e92 elementor-widget elementor-widget-notech-sidebar-nav\" data-id=\"4de81e92\" data-element_type=\"widget\" data-widget_type=\"notech-sidebar-nav.default\">\n\t\t\t\t<div class=\"elementor-widget-container\">\n\t\t\t\r\n    <div class=\"service-details__service\">\r\n                    <h3 class=\"service-details__title\">Xidm\u0259tl\u0259r<\/h3>\r\n                <div class=\"menu-service-menu-container\"><ul id=\"menu-service-menu\" class=\"service-details__service-list list-unstyled\"><li id=\"menu-item-2196\" class=\"menu-item menu-item-type-post_type menu-item-object-page menu-item-2196\"><a href=\"https:\/\/www.b2bgroup.az\/en\/xidmetler\/biznes-proseslerinin-davamliligi-helleri\/\"><span class=\"fa fa-long-arrow-alt-right\"><\/span>Biznes Prosesl\u0259rinin Davaml\u0131l\u0131\u011f\u0131 H\u0259ll\u0259ri<\/a><\/li>\n<li id=\"menu-item-2197\" class=\"menu-item menu-item-type-post_type menu-item-object-page menu-item-2197\"><a href=\"https:\/\/www.b2bgroup.az\/en\/xidmetler\/biznes-texnologiyalarinin-optimizasiyasi-helleri\/\"><span class=\"fa fa-long-arrow-alt-right\"><\/span>Biznes Texnologiyalar\u0131n\u0131n Optimizasiyas\u0131 H\u0259ll\u0259ri<\/a><\/li>\n<li id=\"menu-item-2198\" class=\"menu-item menu-item-type-post_type menu-item-object-page menu-item-2198\"><a href=\"https:\/\/www.b2bgroup.az\/en\/xidmetler\/chagri-merkezi-helleri\/\"><span class=\"fa fa-long-arrow-alt-right\"><\/span>\u00c7a\u011fr\u0131 M\u0259rk\u0259zi H\u0259ll\u0259ri<\/a><\/li>\n<li id=\"menu-item-2199\" class=\"menu-item menu-item-type-post_type menu-item-object-page menu-item-2199\"><a href=\"https:\/\/www.b2bgroup.az\/en\/xidmetler\/data-merkezi-helleri\/\"><span class=\"fa fa-long-arrow-alt-right\"><\/span>Data M\u0259rk\u0259zi H\u0259ll\u0259ri<\/a><\/li>\n<li id=\"menu-item-2200\" class=\"menu-item menu-item-type-post_type menu-item-object-page menu-item-2200\"><a href=\"https:\/\/www.b2bgroup.az\/en\/xidmetler\/elektrifikasiya-ve-soyutma-helleri\/\"><span class=\"fa fa-long-arrow-alt-right\"><\/span>Elektrifikasiya v\u0259 Soyutma H\u0259ll\u0259ri<\/a><\/li>\n<li id=\"menu-item-2201\" class=\"menu-item menu-item-type-post_type menu-item-object-page menu-item-2201\"><a href=\"https:\/\/www.b2bgroup.az\/en\/xidmetler\/helpdesk-ve-it-outsorsinq-helleri\/\"><span class=\"fa fa-long-arrow-alt-right\"><\/span>Helpdesk v\u0259 \u0130T Outsorsinq H\u0259ll\u0259ri<\/a><\/li>\n<li id=\"menu-item-2202\" class=\"menu-item menu-item-type-post_type menu-item-object-page menu-item-2202\"><a href=\"https:\/\/www.b2bgroup.az\/en\/xidmetler\/infrastruktur-destek-helleri\/\"><span class=\"fa fa-long-arrow-alt-right\"><\/span>\u0130nfrastruktur D\u0259st\u0259k H\u0259ll\u0259ri<\/a><\/li>\n<li id=\"menu-item-2203\" class=\"menu-item menu-item-type-post_type menu-item-object-page menu-item-2203\"><a href=\"https:\/\/www.b2bgroup.az\/en\/xidmetler\/korporativ-it-tehlukesizlik-helleri\/\"><span class=\"fa fa-long-arrow-alt-right\"><\/span>Korporativ \u0130T T\u0259hl\u00fck\u0259sizlik H\u0259ll\u0259ri<\/a><\/li>\n<li id=\"menu-item-2204\" class=\"menu-item menu-item-type-post_type menu-item-object-page menu-item-2204\"><a href=\"https:\/\/www.b2bgroup.az\/en\/xidmetler\/vahid-kommunikasiya-helleri\/\"><span class=\"fa fa-long-arrow-alt-right\"><\/span>Vahid Kommunikasiya H\u0259ll\u0259ri<\/a><\/li>\n<\/ul><\/div>\r\n    <\/div>\r\n\t\t<\/div>\n\t\t\t\t<\/div>\n\t\t\t\t<div class=\"elementor-element elementor-element-52303492 elementor-widget elementor-widget-notech-sidebar-call-to-action\" data-id=\"52303492\" data-element_type=\"widget\" data-widget_type=\"notech-sidebar-call-to-action.default\">\n\t\t\t\t<div class=\"elementor-widget-container\">\n\t\t\t    <div class=\"service-details__need-help\">\r\n                    <div class=\"service-details__need-help-bg\" style=\"background-image: url(http:\/\/b2bgroup.az\/wp-content\/uploads\/2025\/04\/Asan-h\u0259ll.jpg)\"><\/div>\r\n                            <div class=\"service-details__need-help-icon\">\r\n                <img decoding=\"async\" src=\"http:\/\/b2bgroup.az\/wp-content\/uploads\/2022\/04\/main-menu-icon-comment-B2B.png\" alt=\"\">\r\n            <\/div>\r\n                <h2 class=\"service-details__need-help-title\">Texnoloji problemler  <br> \u00fc\u00e7\u00fcn asan<br> h\u0259ll<\/h2>\r\n        <div class=\"service-details__need-help-contact\">\r\n            <p>Sual\u0131n\u0131z var?<\/p>\r\n            <a href=\"tel:994123101178\"><span>Z\u0259ng edin: <\/span> +994 (12) 310 11 78<\/a>\r\n        <\/div>\r\n    <\/div>\r\n\t\t<\/div>\n\t\t\t\t<\/div>\n\t\t\t\t<div class=\"elementor-element elementor-element-1693550d elementor-widget elementor-widget-notech-button\" data-id=\"1693550d\" data-element_type=\"widget\" data-widget_type=\"notech-button.default\">\n\t\t\t\t<div class=\"elementor-widget-container\">\n\t\t\t    <div class=\"service-details__download\">\r\n                    <a target=_blank href=\"mailto:info@b2bgroup.az\" class=\"thm-btn service-details__download-btn\">E-po\u00e7t g\u00f6nd\u0259r<\/a>\r\n            <\/div>\r\n\t\t<\/div>\n\t\t\t\t<\/div>\n\t\t\t\t\t<\/div>\n\t\t<\/div>\n\t\t\t\t<div class=\"elementor-column elementor-col-50 elementor-top-column elementor-element elementor-element-19eef8a1\" data-id=\"19eef8a1\" data-element_type=\"column\">\n\t\t\t<div class=\"elementor-widget-wrap elementor-element-populated\">\n\t\t\t\t\t\t\t\t<div class=\"elementor-element elementor-element-31eb1d67 elementor-widget elementor-widget-image\" data-id=\"31eb1d67\" data-element_type=\"widget\" data-widget_type=\"image.default\">\n\t\t\t\t<div class=\"elementor-widget-container\">\n\t\t\t<style>\/*! elementor - v3.18.0 - 20-12-2023 *\/\n.elementor-widget-image{text-align:center}.elementor-widget-image a{display:inline-block}.elementor-widget-image a img[src$=\".svg\"]{width:48px}.elementor-widget-image img{vertical-align:middle;display:inline-block}<\/style>\t\t\t\t\t\t\t\t\t\t\t\t<img fetchpriority=\"high\" decoding=\"async\" width=\"770\" height=\"428\" src=\"https:\/\/www.b2bgroup.az\/wp-content\/uploads\/2025\/04\/Data-M\u0259rk\u0259zi-H\u0259ll\u0259ri-770x428.jpg\" class=\"attachment-post-thumbnail size-post-thumbnail wp-image-1978\" alt=\"\">\t\t\t\t\t\t\t\t\t\t\t\t\t\t\t<\/div>\n\t\t\t\t<\/div>\n\t\t\t\t<div class=\"elementor-element elementor-element-5001cc9a elementor-widget elementor-widget-heading\" data-id=\"5001cc9a\" data-element_type=\"widget\" data-widget_type=\"heading.default\">\n\t\t\t\t<div class=\"elementor-widget-container\">\n\t\t\t<style>\/*! elementor - v3.18.0 - 20-12-2023 *\/\n.elementor-heading-title{padding:0;margin:0;line-height:1}.elementor-widget-heading .elementor-heading-title[class*=elementor-size-]>a{color:inherit;font-size:inherit;line-height:inherit}.elementor-widget-heading .elementor-heading-title.elementor-size-small{font-size:15px}.elementor-widget-heading .elementor-heading-title.elementor-size-medium{font-size:19px}.elementor-widget-heading .elementor-heading-title.elementor-size-large{font-size:29px}.elementor-widget-heading .elementor-heading-title.elementor-size-xl{font-size:39px}.elementor-widget-heading .elementor-heading-title.elementor-size-xxl{font-size:59px}<\/style><h2 class=\"elementor-heading-title elementor-size-default\">Data M\u0259rk\u0259z H\u0259ll\u0259ri\n\n<\/h2>\t\t<\/div>\n\t\t\t\t<\/div>\n\t\t\t\t<div class=\"elementor-element elementor-element-18e139ca elementor-widget elementor-widget-text-editor\" data-id=\"18e139ca\" data-element_type=\"widget\" data-widget_type=\"text-editor.default\">\n\t\t\t\t<div class=\"elementor-widget-container\">\n\t\t\t<style>\/*! elementor - v3.18.0 - 20-12-2023 *\/\n.elementor-widget-text-editor.elementor-drop-cap-view-stacked .elementor-drop-cap{background-color:#69727d;color:#fff}.elementor-widget-text-editor.elementor-drop-cap-view-framed .elementor-drop-cap{color:#69727d;border:3px solid;background-color:transparent}.elementor-widget-text-editor:not(.elementor-drop-cap-view-default) .elementor-drop-cap{margin-top:8px}.elementor-widget-text-editor:not(.elementor-drop-cap-view-default) .elementor-drop-cap-letter{width:1em;height:1em}.elementor-widget-text-editor .elementor-drop-cap{float:left;text-align:center;line-height:1;font-size:50px}.elementor-widget-text-editor .elementor-drop-cap-letter{display:inline-block}<\/style>\t\t\t\t<p>M\u00fcasir biznesl\u0259r \u00fc\u00e7\u00fcn m\u0259lumat\u0131n t\u0259hl\u00fck\u0259sizliyi, s\u00fcr\u0259tli emal\u0131 v\u0259 fasil\u0259siz \u0259l\u00e7atanl\u0131\u011f\u0131 kritik \u0259h\u0259miyy\u0259t da\u015f\u0131y\u0131r. Data m\u0259rk\u0259zl\u0259ri \u015firk\u0259tl\u0259rin r\u0259q\u0259msal infrastrukturunun \u0259sas\u0131n\u0131 t\u0259\u015fkil ed\u0259r\u0259k, y\u00fcks\u0259k performansl\u0131 hesablama, yadda\u015f v\u0259 \u015f\u0259b\u0259k\u0259 h\u0259ll\u0259rini t\u0259min edir. \u0130nnovativ texnologiyalar\u0131n t\u0259tbiqi v\u0259 t\u0259hl\u00fck\u0259sizlik standartlar\u0131n\u0131n qorunmas\u0131, etibarl\u0131 v\u0259 miqyaslana bil\u0259n data m\u0259rk\u0259zl\u0259rinin qurulmas\u0131n\u0131 z\u0259ruri edir.<\/p>\t\t\t\t\t\t<\/div>\n\t\t\t\t<\/div>\n\t\t\t\t<div class=\"elementor-element elementor-element-687f3c92 elementor-widget elementor-widget-text-editor\" data-id=\"687f3c92\" data-element_type=\"widget\" data-widget_type=\"text-editor.default\">\n\t\t\t\t<div class=\"elementor-widget-container\">\n\t\t\t\t\t\t\t<p>B2B Group il\u0259 Etibarl\u0131 v\u0259 Y\u00fcks\u0259k Performansl\u0131 Data M\u0259rk\u0259z H\u0259ll\u0259ri<\/p>\t\t\t\t\t\t<\/div>\n\t\t\t\t<\/div>\n\t\t\t\t<div class=\"elementor-element elementor-element-99d2023 elementor-widget elementor-widget-text-editor\" data-id=\"99d2023\" data-element_type=\"widget\" data-widget_type=\"text-editor.default\">\n\t\t\t\t<div class=\"elementor-widget-container\">\n\t\t\t\t\t\t\t<p>Biz m\u00fc\u0259ssis\u0259l\u0259rin etibarl\u0131 v\u0259 y\u00fcks\u0259k performansl\u0131 r\u0259q\u0259msal infrastruktur qurmas\u0131na d\u0259st\u0259k veririk. Pe\u015f\u0259kar m\u00fch\u0259ndis komandam\u0131zla m\u00fc\u015ft\u0259ril\u0259rin t\u0259l\u0259bl\u0259rin\u0259 uy\u011fun f\u0259rdi yana\u015fma t\u0259tbiq ed\u0259r\u0259k, modern v\u0259 t\u0259hl\u00fck\u0259siz data m\u0259rk\u0259z h\u0259ll\u0259ri t\u0259qdim edirik.<\/p>\t\t\t\t\t\t<\/div>\n\t\t\t\t<\/div>\n\t\t\t\t<div class=\"elementor-element elementor-element-1c9d799e elementor-widget elementor-widget-notech-icon-box\" data-id=\"1c9d799e\" data-element_type=\"widget\" data-widget_type=\"notech-icon-box.default\">\n\t\t\t\t<div class=\"elementor-widget-container\">\n\t\t\t    <ul class=\"list-unstyled service-details__points ml-0\">\r\n                    <li>\r\n                <div class=\"service-details__points-icon icon-svg-large\">\r\n                    <span aria-hidden=\"true\" class=\"  icon-customer-service\"><\/span>                <\/div>\r\n                <h4 class=\"service-details__points-title\">Y\u00fcks\u0259k T\u0259hl\u00fck\u0259sizlik<\/h4>\r\n                <p class=\"service-details__points-text\">M\u0259lumatlar\u0131n\u0131z\u0131 qabaqc\u0131l \u015fifr\u0259l\u0259m\u0259 v\u0259 24\/7 monitorinql\u0259 qoruyur.<\/p>\r\n            <\/li>\r\n                    <li>\r\n                <div class=\"service-details__points-icon icon-svg-large\">\r\n                    <span aria-hidden=\"true\" class=\"   icon-market-analysis\"><\/span>                <\/div>\r\n                <h4 class=\"service-details__points-title\">Miqyaslanabilirlik v\u0259 \u00c7eviklik<\/h4>\r\n                <p class=\"service-details__points-text\">Biznes ehtiyaclar\u0131n\u0131za uy\u011fun geni\u015fl\u0259n\u0259n infrastruktur t\u0259min edir.<\/p>\r\n            <\/li>\r\n                    <li>\r\n                <div class=\"service-details__points-icon icon-svg-large\">\r\n                    <span aria-hidden=\"true\" class=\"   icon-technical-support\"><\/span>                <\/div>\r\n                <h4 class=\"service-details__points-title\">Y\u00fcks\u0259k Performans v\u0259 Fasil\u0259sizlik<\/h4>\r\n                <p class=\"service-details__points-text\">S\u00fcr\u0259tli v\u0259 fasil\u0259siz i\u015fl\u0259m\u0259 prinsipi il\u0259 biznes prosesl\u0259rinizi d\u0259st\u0259kl\u0259yir.<\/p>\r\n            <\/li>\r\n            <\/ul>\r\n\t\t<\/div>\n\t\t\t\t<\/div>\n\t\t\t\t<section class=\"elementor-section elementor-inner-section elementor-element elementor-element-6d13a1b6 elementor-section-full_width elementor-section-height-default elementor-section-height-default\" data-id=\"6d13a1b6\" data-element_type=\"section\">\n\t\t\t\t\t\t<div class=\"elementor-container elementor-column-gap-no\">\n\t\t\t\t\t<div class=\"elementor-column elementor-col-50 elementor-inner-column elementor-element elementor-element-3f0565c7\" data-id=\"3f0565c7\" data-element_type=\"column\" data-settings=\"{&quot;background_background&quot;:&quot;classic&quot;}\">\n\t\t\t<div class=\"elementor-widget-wrap elementor-element-populated\">\n\t\t\t\t\t\t\t\t<div class=\"elementor-element elementor-element-12cdf14f elementor-widget elementor-widget-heading\" data-id=\"12cdf14f\" data-element_type=\"widget\" data-widget_type=\"heading.default\">\n\t\t\t\t<div class=\"elementor-widget-container\">\n\t\t\t<h2 class=\"elementor-heading-title elementor-size-default\"><div>T\u0259hl\u00fck\u0259sizlik S\u0259viyy\u0259si<span style=\"font-family: &quot;Kumbh Sans&quot;, sans-serif;\"><\/span><\/div><\/h2>\t\t<\/div>\n\t\t\t\t<\/div>\n\t\t\t\t<div class=\"elementor-element elementor-element-35fd0910 elementor-widget elementor-widget-text-editor\" data-id=\"35fd0910\" data-element_type=\"widget\" data-widget_type=\"text-editor.default\">\n\t\t\t\t<div class=\"elementor-widget-container\">\n\t\t\t\t\t\t\t<p>B\u0259zi data m\u0259rk\u0259z h\u0259ll\u0259ri \u0259sas t\u0259hl\u00fck\u0259sizlik t\u0259min ed\u0259rk\u0259n, B2B Group-un h\u0259ll\u0259ri qabaqc\u0131l \u015fifr\u0259l\u0259m\u0259 v\u0259 24\/7 monitorinq il\u0259 \u00fcst\u00fcn m\u0259lumat qorunmas\u0131 t\u0259klif edir.<\/p>\t\t\t\t\t\t<\/div>\n\t\t\t\t<\/div>\n\t\t\t\t\t<\/div>\n\t\t<\/div>\n\t\t\t\t<div class=\"elementor-column elementor-col-50 elementor-inner-column elementor-element elementor-element-45d8e221\" data-id=\"45d8e221\" data-element_type=\"column\" data-settings=\"{&quot;background_background&quot;:&quot;classic&quot;}\">\n\t\t\t<div class=\"elementor-widget-wrap elementor-element-populated\">\n\t\t\t\t\t\t\t\t<div class=\"elementor-element elementor-element-66b374c0 elementor-widget elementor-widget-heading\" data-id=\"66b374c0\" data-element_type=\"widget\" data-widget_type=\"heading.default\">\n\t\t\t\t<div class=\"elementor-widget-container\">\n\t\t\t<h2 class=\"elementor-heading-title elementor-size-default\">Miqyaslanabilirlik<\/h2>\t\t<\/div>\n\t\t\t\t<\/div>\n\t\t\t\t<div class=\"elementor-element elementor-element-41295e7b elementor-widget elementor-widget-text-editor\" data-id=\"41295e7b\" data-element_type=\"widget\" data-widget_type=\"text-editor.default\">\n\t\t\t\t<div class=\"elementor-widget-container\">\n\t\t\t\t\t\t\t<p>Standart h\u0259ll\u0259r sabit infrastruktur t\u0259qdim ets\u0259 d\u0259, B2B Group-un data m\u0259rk\u0259zl\u0259ri biznesin b\u00f6y\u00fcm\u0259sin\u0259 uy\u011fun \u00e7evik v\u0259 geni\u015fl\u0259ndiril\u0259 bil\u0259n sisteml\u0259r t\u0259min edir.<\/p>\t\t\t\t\t\t<\/div>\n\t\t\t\t<\/div>\n\t\t\t\t\t<\/div>\n\t\t<\/div>\n\t\t\t\t\t\t\t<\/div>\n\t\t<\/section>\n\t\t\t\t<div class=\"elementor-element elementor-element-798cea04 elementor-widget elementor-widget-notech-benefit\" data-id=\"798cea04\" data-element_type=\"widget\" data-widget_type=\"notech-benefit.default\">\n\t\t\t\t<div class=\"elementor-widget-container\">\n\t\t\t    <div class=\"service-details__benefits\">\r\n        <div class=\"row\">\r\n            <div class=\"col-xl-6\">\r\n                <div class=\"service-details__benefits-img\">\r\n                                            <img decoding=\"async\" src=\"http:\/\/b2bgroup.az\/wp-content\/uploads\/2025\/04\/DSCF7727-min-scaled.jpg\" alt=\"\">\r\n                                    <\/div>\r\n            <\/div>\r\n            <div class=\"col-xl-6\">\r\n                <div class=\"service-details__benefits-right\">\r\n                                            <h3 class=\"service-details__benefits-title\">\u00dcst\u00fcnl\u00fckl\u0259rimiz<\/h3>\r\n                                                                <p class=\"service-betails__benefits-text-1\">\u0130nnovativ yana\u015fmam\u0131z v\u0259 etibarl\u0131 h\u0259ll\u0259rimizl\u0259 data m\u0259rk\u0259zi ehtiyaclar\u0131n\u0131z\u0131 qar\u015f\u0131lay\u0131r\u0131q.\n<\/p>\r\n                                                                <ul class=\"list-unstyled service-details__benefits-points ml-0\">\r\n                                                            <li>\r\n                                    <div class=\"icon icon-svg\">\r\n                                        <i aria-hidden=\"true\" class=\"  icon-check\"><\/i>                                    <\/div>\r\n                                    <div class=\"text\">\r\n                                        <p> Fasil\u0259siz f\u0259aliyy\u0259t g\u00f6st\u0259r\u0259n v\u0259 redundansl\u0131 sisteml\u0259rl\u0259 i\u015fl\u0259y\u0259n infrastruktur.\n\n<\/p>\r\n                                    <\/div>\r\n                                <\/li>\r\n                                                            <li>\r\n                                    <div class=\"icon icon-svg\">\r\n                                        <i aria-hidden=\"true\" class=\"  icon-check\"><\/i>                                    <\/div>\r\n                                    <div class=\"text\">\r\n                                        <p>H\u0259r bir layih\u0259 \u00fc\u00e7\u00fcn pe\u015f\u0259kar m\u00fch\u0259ndisl\u0259r t\u0259r\u0259find\u0259n haz\u0131rlanan optimalla\u015fd\u0131r\u0131lm\u0131\u015f h\u0259ll\u0259r.<\/p>\r\n                                    <\/div>\r\n                                <\/li>\r\n                                                            <li>\r\n                                    <div class=\"icon icon-svg\">\r\n                                        <i aria-hidden=\"true\" class=\"  icon-check\"><\/i>                                    <\/div>\r\n                                    <div class=\"text\">\r\n                                        <p>Beyn\u0259lxalq standartlara uy\u011fun son texnologiyalarla t\u0259chiz edilmi\u015f data m\u0259rk\u0259z h\u0259ll\u0259ri.\n<\/p>\r\n                                    <\/div>\r\n                                <\/li>\r\n                            \r\n                        <\/ul>\r\n                                    <\/div>\r\n            <\/div>\r\n        <\/div>\r\n    <\/div>\r\n\t\t<\/div>\n\t\t\t\t<\/div>\n\t\t\t\t<div class=\"elementor-element elementor-element-544e9fa elementor-widget elementor-widget-heading\" data-id=\"544e9fa\" data-element_type=\"widget\" data-widget_type=\"heading.default\">\n\t\t\t\t<div class=\"elementor-widget-container\">\n\t\t\t<h2 class=\"elementor-heading-title elementor-size-default\">\u00c7ox Soru\u015fulan Suallar<\/h2>\t\t<\/div>\n\t\t\t\t<\/div>\n\t\t\t\t<div class=\"elementor-element elementor-element-e9bce8d elementor-widget elementor-widget-spacer\" data-id=\"e9bce8d\" data-element_type=\"widget\" data-widget_type=\"spacer.default\">\n\t\t\t\t<div class=\"elementor-widget-container\">\n\t\t\t<style>\/*! elementor - v3.18.0 - 20-12-2023 *\/\n.elementor-column .elementor-spacer-inner{height:var(--spacer-size)}.e-con{--container-widget-width:100%}.e-con-inner>.elementor-widget-spacer,.e-con>.elementor-widget-spacer{width:var(--container-widget-width,var(--spacer-size));--align-self:var(--container-widget-align-self,initial);--flex-shrink:0}.e-con-inner>.elementor-widget-spacer>.elementor-widget-container,.e-con>.elementor-widget-spacer>.elementor-widget-container{height:100%;width:100%}.e-con-inner>.elementor-widget-spacer>.elementor-widget-container>.elementor-spacer,.e-con>.elementor-widget-spacer>.elementor-widget-container>.elementor-spacer{height:100%}.e-con-inner>.elementor-widget-spacer>.elementor-widget-container>.elementor-spacer>.elementor-spacer-inner,.e-con>.elementor-widget-spacer>.elementor-widget-container>.elementor-spacer>.elementor-spacer-inner{height:var(--container-widget-height,var(--spacer-size))}.e-con-inner>.elementor-widget-spacer.elementor-widget-empty,.e-con>.elementor-widget-spacer.elementor-widget-empty{position:relative;min-height:22px;min-width:22px}.e-con-inner>.elementor-widget-spacer.elementor-widget-empty .elementor-widget-empty-icon,.e-con>.elementor-widget-spacer.elementor-widget-empty .elementor-widget-empty-icon{position:absolute;top:0;bottom:0;left:0;right:0;margin:auto;padding:0;width:22px;height:22px}<\/style>\t\t<div class=\"elementor-spacer\">\n\t\t\t<div class=\"elementor-spacer-inner\"><\/div>\n\t\t<\/div>\n\t\t\t\t<\/div>\n\t\t\t\t<\/div>\n\t\t\t\t<div class=\"elementor-element elementor-element-5f4f799e elementor-widget elementor-widget-notech-faq\" data-id=\"5f4f799e\" data-element_type=\"widget\" data-widget_type=\"notech-faq.default\">\n\t\t\t\t<div class=\"elementor-widget-container\">\n\t\t\t\r\n\t<div class=\"service-details__faq\">\r\n\t\t<div class=\"accrodion-grp faq-one-accrodion\" data-grp-name=\"faq-one-accrodion-69e1f1eb40e13\">\r\n\t\t\t\t\t\t\t<div class=\"accrodion \">\r\n\t\t\t\t\t<div class=\"accrodion-title\">\r\n\t\t\t\t\t\t<h4>Data m\u0259rk\u0259zi infrastrukturunun t\u0259hl\u00fck\u0259sizliyi nec\u0259 t\u0259min edilir?<\/h4>\r\n\t\t\t\t\t<\/div>\r\n\t\t\t\t\t<div class=\"accrodion-content\">\r\n\t\t\t\t\t\t<div class=\"inner\">\r\n\t\t\t\t\t\t\t<p>B2B Group, m\u0259lumatlar\u0131n m\u0259xfiliyini v\u0259 b\u00fct\u00f6vl\u00fcy\u00fcn\u00fc qorumaq \u00fc\u00e7\u00fcn qabaqc\u0131l kiber t\u0259hl\u00fck\u0259sizlik h\u0259ll\u0259rind\u0259n istifad\u0259 edir. Fiziki v\u0259 virtual t\u0259hl\u00fck\u0259sizlik protokollar\u0131, redundansl\u0131 enerji v\u0259 soyutma sisteml\u0259ri, DDoS h\u00fccumlar\u0131na qar\u015f\u0131 qoruma v\u0259 24\/7 monitorinq il\u0259 data m\u0259rk\u0259zl\u0259rinin fasil\u0259siz v\u0259 etibarl\u0131 f\u0259aliyy\u0259tini t\u0259min edirik.<\/p>\r\n\t\t\t\t\t\t<\/div><!-- \/.inner -->\r\n\t\t\t\t\t<\/div>\r\n\t\t\t\t<\/div>\r\n\t\t\t\t\t\t\t<div class=\"accrodion active\">\r\n\t\t\t\t\t<div class=\"accrodion-title\">\r\n\t\t\t\t\t\t<h4>Bizim m\u00f6vcud \u0130T infrastrukturumuzu modernl\u0259\u015fdirm\u0259k \u00fc\u00e7\u00fcn hans\u0131 add\u0131mlar\u0131 ata bil\u0259rsiniz?<\/h4>\r\n\t\t\t\t\t<\/div>\r\n\t\t\t\t\t<div class=\"accrodion-content\">\r\n\t\t\t\t\t\t<div class=\"inner\">\r\n\t\t\t\t\t\t\t<p>M\u00f6vcud infrastrukturun tam auditini apar\u0131r, \u015f\u0259b\u0259k\u0259, server v\u0259 yadda\u015f sisteml\u0259rinin optimalla\u015fd\u0131r\u0131lmas\u0131 \u00fc\u00e7\u00fcn f\u0259rdi h\u0259ll\u0259r haz\u0131rlay\u0131r\u0131q. M\u00fcasir texnologiyalar\u0131n t\u0259tbiqi il\u0259 resurslar\u0131n daha effektiv idar\u0259 olunmas\u0131n\u0131 v\u0259 miqyaslana bil\u0259n bir sistem qurulmas\u0131n\u0131 t\u0259min edirik<\/p>\r\n\t\t\t\t\t\t<\/div><!-- \/.inner -->\r\n\t\t\t\t\t<\/div>\r\n\t\t\t\t<\/div>\r\n\t\t\t\t\t\t\t<div class=\"accrodion \">\r\n\t\t\t\t\t<div class=\"accrodion-title\">\r\n\t\t\t\t\t\t<h4>Data m\u0259rk\u0259z h\u0259ll\u0259rinizin miqyaslana bilm\u0259si v\u0259 biznesimizin b\u00f6y\u00fcm\u0259sin\u0259 uy\u011funla\u015fmas\u0131 m\u00fcmk\u00fcnd\u00fcrm\u00fc?<\/h4>\r\n\t\t\t\t\t<\/div>\r\n\t\t\t\t\t<div class=\"accrodion-content\">\r\n\t\t\t\t\t\t<div class=\"inner\">\r\n\t\t\t\t\t\t\t<p>B\u0259li, t\u0259qdim etdiyimiz h\u0259ll\u0259r elastik v\u0259 miqyaslana bil\u0259n struktura malikdir. \u0130st\u0259nil\u0259n vaxt \u0259lav\u0259 hesablama g\u00fcc\u00fc, yadda\u015f v\u0259 \u015f\u0259b\u0259k\u0259 resurslar\u0131 art\u0131r\u0131la bil\u0259r ki, bu da biznesinizin inki\u015faf tempin\u0259 uy\u011fun \u00e7evik geni\u015fl\u0259nm\u0259ni t\u0259min edir.<\/p>\r\n\t\t\t\t\t\t<\/div><!-- \/.inner -->\r\n\t\t\t\t\t<\/div>\r\n\t\t\t\t<\/div>\r\n\t\t\t\t\t<\/div>\r\n\t<\/div>\r\n\r\n\t\t<\/div>\n\t\t\t\t<\/div>\n\t\t\t\t\t<\/div>\n\t\t<\/div>\n\t\t\t\t\t\t\t<\/div>\n\t\t<\/section>\n\t\t\t\t\t\t\t<\/div>\n\t\t","protected":false},"excerpt":{"rendered":"<p>Xidm\u0259tl\u0259r Biznes Prosesl\u0259rinin Davaml\u0131l\u0131\u011f\u0131 H\u0259ll\u0259ri Biznes Texnologiyalar\u0131n\u0131n Optimizasiyas\u0131 H\u0259ll\u0259ri \u00c7a\u011fr\u0131 M\u0259rk\u0259zi H\u0259ll\u0259ri Data M\u0259rk\u0259zi H\u0259ll\u0259ri Elektrifikasiya v\u0259 Soyutma H\u0259ll\u0259ri Helpdesk v\u0259 \u0130T Outsorsinq H\u0259ll\u0259ri \u0130nfrastruktur D\u0259st\u0259k H\u0259ll\u0259ri Korporativ \u0130T T\u0259hl\u00fck\u0259sizlik H\u0259ll\u0259ri Vahid Kommunikasiya H\u0259ll\u0259ri Texnoloji problemler \u00fc\u00e7\u00fcn asan h\u0259ll Sual\u0131n\u0131z var? Z\u0259ng edin: +994 (12) 310 11 78 E-po\u00e7t g\u00f6nd\u0259r Data M\u0259rk\u0259z H\u0259ll\u0259ri M\u00fcasir biznesl\u0259r [&hellip;]<\/p>\n","protected":false},"author":1,"featured_media":0,"parent":1328,"menu_order":0,"comment_status":"closed","ping_status":"closed","template":"elementor_header_footer","meta":{"footnotes":""},"class_list":["post-1341","page","type-page","status-publish","hentry"],"_links":{"self":[{"href":"https:\/\/www.b2bgroup.az\/en\/wp-json\/wp\/v2\/pages\/1341","targetHints":{"allow":["GET"]}}],"collection":[{"href":"https:\/\/www.b2bgroup.az\/en\/wp-json\/wp\/v2\/pages"}],"about":[{"href":"https:\/\/www.b2bgroup.az\/en\/wp-json\/wp\/v2\/types\/page"}],"author":[{"embeddable":true,"href":"https:\/\/www.b2bgroup.az\/en\/wp-json\/wp\/v2\/users\/1"}],"replies":[{"embeddable":true,"href":"https:\/\/www.b2bgroup.az\/en\/wp-json\/wp\/v2\/comments?post=1341"}],"version-history":[{"count":0,"href":"https:\/\/www.b2bgroup.az\/en\/wp-json\/wp\/v2\/pages\/1341\/revisions"}],"up":[{"embeddable":true,"href":"https:\/\/www.b2bgroup.az\/en\/wp-json\/wp\/v2\/pages\/1328"}],"wp:attachment":[{"href":"https:\/\/www.b2bgroup.az\/en\/wp-json\/wp\/v2\/media?parent=1341"}],"curies":[{"name":"wp","href":"https:\/\/api.w.org\/{rel}","templated":true}]}}