{"id":1484,"date":"2025-03-31T13:22:53","date_gmt":"2025-03-31T09:22:53","guid":{"rendered":"http:\/\/test.b2bgroup.az\/?page_id=1484"},"modified":"2025-06-24T19:49:04","modified_gmt":"2025-06-24T15:49:04","slug":"corporate-dog-security-guard","status":"publish","type":"page","link":"https:\/\/www.b2bgroup.az\/en\/xidmetler\/korporativ-it-tehlukesizlik-helleri\/","title":{"rendered":"Corporate IT Security Solutions"},"content":{"rendered":"\t\t<div data-elementor-type=\"wp-page\" data-elementor-id=\"1484\" class=\"elementor elementor-1484\">\n\t\t\t\t\t\t\t\t\t<section class=\"elementor-section elementor-top-section elementor-element elementor-element-48afa9ce elementor-section-boxed elementor-section-height-default elementor-section-height-default\" data-id=\"48afa9ce\" data-element_type=\"section\">\n\t\t\t\t\t\t<div class=\"elementor-container elementor-column-gap-no\">\n\t\t\t\t\t<div class=\"elementor-column elementor-col-50 elementor-top-column elementor-element elementor-element-489b3d0f\" data-id=\"489b3d0f\" data-element_type=\"column\">\n\t\t\t<div class=\"elementor-widget-wrap elementor-element-populated\">\n\t\t\t\t\t\t\t\t<div class=\"elementor-element elementor-element-2b11803 elementor-widget elementor-widget-notech-sidebar-nav\" data-id=\"2b11803\" data-element_type=\"widget\" data-widget_type=\"notech-sidebar-nav.default\">\n\t\t\t\t<div class=\"elementor-widget-container\">\n\t\t\t\r\n    <div class=\"service-details__service\">\r\n                    <h3 class=\"service-details__title\">Xidm\u0259tl\u0259r<\/h3>\r\n                <div class=\"menu-service-menu-container\"><ul id=\"menu-service-menu\" class=\"service-details__service-list list-unstyled\"><li id=\"menu-item-2196\" class=\"menu-item menu-item-type-post_type menu-item-object-page menu-item-2196\"><a href=\"https:\/\/www.b2bgroup.az\/en\/xidmetler\/biznes-proseslerinin-davamliligi-helleri\/\"><span class=\"fa fa-long-arrow-alt-right\"><\/span>Biznes Prosesl\u0259rinin Davaml\u0131l\u0131\u011f\u0131 H\u0259ll\u0259ri<\/a><\/li>\n<li id=\"menu-item-2197\" class=\"menu-item menu-item-type-post_type menu-item-object-page menu-item-2197\"><a href=\"https:\/\/www.b2bgroup.az\/en\/xidmetler\/biznes-texnologiyalarinin-optimizasiyasi-helleri\/\"><span class=\"fa fa-long-arrow-alt-right\"><\/span>Biznes Texnologiyalar\u0131n\u0131n Optimizasiyas\u0131 H\u0259ll\u0259ri<\/a><\/li>\n<li id=\"menu-item-2198\" class=\"menu-item menu-item-type-post_type menu-item-object-page menu-item-2198\"><a href=\"https:\/\/www.b2bgroup.az\/en\/xidmetler\/chagri-merkezi-helleri\/\"><span class=\"fa fa-long-arrow-alt-right\"><\/span>\u00c7a\u011fr\u0131 M\u0259rk\u0259zi H\u0259ll\u0259ri<\/a><\/li>\n<li id=\"menu-item-2199\" class=\"menu-item menu-item-type-post_type menu-item-object-page menu-item-2199\"><a href=\"https:\/\/www.b2bgroup.az\/en\/xidmetler\/data-merkezi-helleri\/\"><span class=\"fa fa-long-arrow-alt-right\"><\/span>Data M\u0259rk\u0259zi H\u0259ll\u0259ri<\/a><\/li>\n<li id=\"menu-item-2200\" class=\"menu-item menu-item-type-post_type menu-item-object-page menu-item-2200\"><a href=\"https:\/\/www.b2bgroup.az\/en\/xidmetler\/elektrifikasiya-ve-soyutma-helleri\/\"><span class=\"fa fa-long-arrow-alt-right\"><\/span>Elektrifikasiya v\u0259 Soyutma H\u0259ll\u0259ri<\/a><\/li>\n<li id=\"menu-item-2201\" class=\"menu-item menu-item-type-post_type menu-item-object-page menu-item-2201\"><a href=\"https:\/\/www.b2bgroup.az\/en\/xidmetler\/helpdesk-ve-it-outsorsinq-helleri\/\"><span class=\"fa fa-long-arrow-alt-right\"><\/span>Helpdesk v\u0259 \u0130T Outsorsinq H\u0259ll\u0259ri<\/a><\/li>\n<li id=\"menu-item-2202\" class=\"menu-item menu-item-type-post_type menu-item-object-page menu-item-2202\"><a href=\"https:\/\/www.b2bgroup.az\/en\/xidmetler\/infrastruktur-destek-helleri\/\"><span class=\"fa fa-long-arrow-alt-right\"><\/span>\u0130nfrastruktur D\u0259st\u0259k H\u0259ll\u0259ri<\/a><\/li>\n<li id=\"menu-item-2203\" class=\"menu-item menu-item-type-post_type menu-item-object-page menu-item-2203\"><a href=\"https:\/\/www.b2bgroup.az\/en\/xidmetler\/korporativ-it-tehlukesizlik-helleri\/\"><span class=\"fa fa-long-arrow-alt-right\"><\/span>Korporativ \u0130T T\u0259hl\u00fck\u0259sizlik H\u0259ll\u0259ri<\/a><\/li>\n<li id=\"menu-item-2204\" class=\"menu-item menu-item-type-post_type menu-item-object-page menu-item-2204\"><a href=\"https:\/\/www.b2bgroup.az\/en\/xidmetler\/vahid-kommunikasiya-helleri\/\"><span class=\"fa fa-long-arrow-alt-right\"><\/span>Vahid Kommunikasiya H\u0259ll\u0259ri<\/a><\/li>\n<\/ul><\/div>\r\n    <\/div>\r\n\t\t<\/div>\n\t\t\t\t<\/div>\n\t\t\t\t<div class=\"elementor-element elementor-element-62592e0c elementor-widget elementor-widget-notech-sidebar-call-to-action\" data-id=\"62592e0c\" data-element_type=\"widget\" data-widget_type=\"notech-sidebar-call-to-action.default\">\n\t\t\t\t<div class=\"elementor-widget-container\">\n\t\t\t    <div class=\"service-details__need-help\">\r\n                    <div class=\"service-details__need-help-bg\" style=\"background-image: url(http:\/\/b2bgroup.az\/wp-content\/uploads\/2025\/04\/Asan-h\u0259ll.jpg)\"><\/div>\r\n                            <div class=\"service-details__need-help-icon\">\r\n                <img decoding=\"async\" src=\"http:\/\/b2bgroup.az\/wp-content\/uploads\/2022\/04\/main-menu-icon-comment-B2B.png\" alt=\"\">\r\n            <\/div>\r\n                <h2 class=\"service-details__need-help-title\">Texnoloji problemler  <br> \u00fc\u00e7\u00fcn asan<br> h\u0259ll<\/h2>\r\n        <div class=\"service-details__need-help-contact\">\r\n            <p>Sual\u0131n\u0131z var?<\/p>\r\n            <a href=\"tel:994123101178\"><span>Z\u0259ng edin: <\/span> +994 (12) 310 11 78<\/a>\r\n        <\/div>\r\n    <\/div>\r\n\t\t<\/div>\n\t\t\t\t<\/div>\n\t\t\t\t<div class=\"elementor-element elementor-element-75538929 elementor-widget elementor-widget-notech-button\" data-id=\"75538929\" data-element_type=\"widget\" data-widget_type=\"notech-button.default\">\n\t\t\t\t<div class=\"elementor-widget-container\">\n\t\t\t    <div class=\"service-details__download\">\r\n                    <a target=_blank href=\"mailto:info@b2bgroup.az\" class=\"thm-btn service-details__download-btn\">E-po\u00e7t g\u00f6nd\u0259r<\/a>\r\n            <\/div>\r\n\t\t<\/div>\n\t\t\t\t<\/div>\n\t\t\t\t\t<\/div>\n\t\t<\/div>\n\t\t\t\t<div class=\"elementor-column elementor-col-50 elementor-top-column elementor-element elementor-element-44c570a6\" data-id=\"44c570a6\" data-element_type=\"column\">\n\t\t\t<div class=\"elementor-widget-wrap elementor-element-populated\">\n\t\t\t\t\t\t\t\t<div class=\"elementor-element elementor-element-3de4f2b2 elementor-widget elementor-widget-image\" data-id=\"3de4f2b2\" data-element_type=\"widget\" data-widget_type=\"image.default\">\n\t\t\t\t<div class=\"elementor-widget-container\">\n\t\t\t<style>\/*! elementor - v3.18.0 - 20-12-2023 *\/\n.elementor-widget-image{text-align:center}.elementor-widget-image a{display:inline-block}.elementor-widget-image a img[src$=\".svg\"]{width:48px}.elementor-widget-image img{vertical-align:middle;display:inline-block}<\/style>\t\t\t\t\t\t\t\t\t\t\t\t<img fetchpriority=\"high\" decoding=\"async\" width=\"770\" height=\"428\" src=\"https:\/\/www.b2bgroup.az\/wp-content\/uploads\/2025\/04\/Korporativ-IT-T\u0259hluk\u0259sizlik-H\u0259ll\u0259ri-1.jpg\" class=\"attachment-post-thumbnail size-post-thumbnail wp-image-2261\" alt=\"\" srcset=\"https:\/\/www.b2bgroup.az\/wp-content\/uploads\/2025\/04\/Korporativ-IT-T\u0259hluk\u0259sizlik-H\u0259ll\u0259ri-1.jpg 770w, https:\/\/www.b2bgroup.az\/wp-content\/uploads\/2025\/04\/Korporativ-IT-T\u0259hluk\u0259sizlik-H\u0259ll\u0259ri-1-300x167.jpg 300w, https:\/\/www.b2bgroup.az\/wp-content\/uploads\/2025\/04\/Korporativ-IT-T\u0259hluk\u0259sizlik-H\u0259ll\u0259ri-1-768x427.jpg 768w, https:\/\/www.b2bgroup.az\/wp-content\/uploads\/2025\/04\/Korporativ-IT-T\u0259hluk\u0259sizlik-H\u0259ll\u0259ri-1-18x10.jpg 18w\" sizes=\"(max-width: 770px) 100vw, 770px\">\t\t\t\t\t\t\t\t\t\t\t\t\t\t\t<\/div>\n\t\t\t\t<\/div>\n\t\t\t\t<div class=\"elementor-element elementor-element-23e92c88 elementor-widget elementor-widget-heading\" data-id=\"23e92c88\" data-element_type=\"widget\" data-widget_type=\"heading.default\">\n\t\t\t\t<div class=\"elementor-widget-container\">\n\t\t\t<style>\/*! elementor - v3.18.0 - 20-12-2023 *\/\n.elementor-heading-title{padding:0;margin:0;line-height:1}.elementor-widget-heading .elementor-heading-title[class*=elementor-size-]>a{color:inherit;font-size:inherit;line-height:inherit}.elementor-widget-heading .elementor-heading-title.elementor-size-small{font-size:15px}.elementor-widget-heading .elementor-heading-title.elementor-size-medium{font-size:19px}.elementor-widget-heading .elementor-heading-title.elementor-size-large{font-size:29px}.elementor-widget-heading .elementor-heading-title.elementor-size-xl{font-size:39px}.elementor-widget-heading .elementor-heading-title.elementor-size-xxl{font-size:59px}<\/style><h2 class=\"elementor-heading-title elementor-size-default\">Korporativ \u0130T T\u0259hl\u00fck\u0259sizlik H\u0259ll\u0259ri<\/h2>\t\t<\/div>\n\t\t\t\t<\/div>\n\t\t\t\t<div class=\"elementor-element elementor-element-4ea7cb8d elementor-widget elementor-widget-text-editor\" data-id=\"4ea7cb8d\" data-element_type=\"widget\" data-widget_type=\"text-editor.default\">\n\t\t\t\t<div class=\"elementor-widget-container\">\n\t\t\t<style>\/*! elementor - v3.18.0 - 20-12-2023 *\/\n.elementor-widget-text-editor.elementor-drop-cap-view-stacked .elementor-drop-cap{background-color:#69727d;color:#fff}.elementor-widget-text-editor.elementor-drop-cap-view-framed .elementor-drop-cap{color:#69727d;border:3px solid;background-color:transparent}.elementor-widget-text-editor:not(.elementor-drop-cap-view-default) .elementor-drop-cap{margin-top:8px}.elementor-widget-text-editor:not(.elementor-drop-cap-view-default) .elementor-drop-cap-letter{width:1em;height:1em}.elementor-widget-text-editor .elementor-drop-cap{float:left;text-align:center;line-height:1;font-size:50px}.elementor-widget-text-editor .elementor-drop-cap-letter{display:inline-block}<\/style>\t\t\t\t<p>R\u0259q\u0259msalla\u015fan i\u015f m\u00fchitind\u0259 m\u0259lumatlar\u0131n t\u0259hl\u00fck\u0259sizliyi, m\u00fc\u0259ssis\u0259l\u0259r \u00fc\u00e7\u00fcn strateji \u0259h\u0259miyy\u0259t da\u015f\u0131y\u0131r. H\u0259r ke\u00e7\u0259n g\u00fcn artan kiberh\u00fccumlar, m\u0259lumat s\u0131zmalar\u0131 v\u0259 daxili t\u0259hl\u00fck\u0259l\u0259r biznesl\u0259rin dayan\u0131ql\u0131l\u0131\u011f\u0131na ciddi t\u0259hdid yarad\u0131r. Korporativ \u0130T t\u0259hl\u00fck\u0259sizlik h\u0259ll\u0259ri bu riskl\u0259rin qar\u015f\u0131s\u0131n\u0131 almaq, informasiya resurslar\u0131n\u0131 qorumaq v\u0259 biznes f\u0259aliyy\u0259tini fasil\u0259siz davam etdirm\u0259k \u00fc\u00e7\u00fcn \u0259sas m\u00fcdafi\u0259 x\u0259ttidir.<\/p>\t\t\t\t\t\t<\/div>\n\t\t\t\t<\/div>\n\t\t\t\t<div class=\"elementor-element elementor-element-63b837c0 elementor-widget elementor-widget-text-editor\" data-id=\"63b837c0\" data-element_type=\"widget\" data-widget_type=\"text-editor.default\">\n\t\t\t\t<div class=\"elementor-widget-container\">\n\t\t\t\t\t\t\t<p>B2B Group il\u0259 M\u0259lumatlar\u0131n\u0131z\u0131 v\u0259 Sisteml\u0259rinizi Tam Qoruma Alt\u0131na Al\u0131n<\/p>\t\t\t\t\t\t<\/div>\n\t\t\t\t<\/div>\n\t\t\t\t<div class=\"elementor-element elementor-element-17e4deb3 elementor-widget elementor-widget-text-editor\" data-id=\"17e4deb3\" data-element_type=\"widget\" data-widget_type=\"text-editor.default\">\n\t\t\t\t<div class=\"elementor-widget-container\">\n\t\t\t\t\t\t\t<p>Biz korporativ m\u00fc\u015ft\u0259ril\u0259r\u0259 qar\u015f\u0131la\u015fa bil\u0259c\u0259kl\u0259ri daxili v\u0259 xarici kiberriskl\u0259r\u0259 qar\u015f\u0131 qabaqlay\u0131c\u0131 v\u0259 \u00e7oxs\u0259viyy\u0259li t\u0259hl\u00fck\u0259sizlik h\u0259ll\u0259ri t\u0259qdim edirik. T\u0259hl\u00fck\u0259sizlik siyas\u0259tl\u0259rinin qurulmas\u0131ndan tutmu\u015f, real vaxt monitorinq v\u0259 insident idar\u0259etm\u0259sin\u0259 q\u0259d\u0259r b\u00fct\u00fcn m\u0259rh\u0259l\u0259l\u0259rd\u0259 pe\u015f\u0259kar d\u0259st\u0259k g\u00f6st\u0259ririk.<\/p>\t\t\t\t\t\t<\/div>\n\t\t\t\t<\/div>\n\t\t\t\t<div class=\"elementor-element elementor-element-14d9e0e1 elementor-widget elementor-widget-notech-icon-box\" data-id=\"14d9e0e1\" data-element_type=\"widget\" data-widget_type=\"notech-icon-box.default\">\n\t\t\t\t<div class=\"elementor-widget-container\">\n\t\t\t    <ul class=\"list-unstyled service-details__points ml-0\">\r\n                    <li>\r\n                <div class=\"service-details__points-icon icon-svg-large\">\r\n                    <span aria-hidden=\"true\" class=\"  icon-customer-service\"><\/span>                <\/div>\r\n                <h4 class=\"service-details__points-title\">Vaxt\u0131nda M\u00fcdaxil\u0259<\/h4>\r\n                <p class=\"service-details__points-text\">T\u0259hdidl\u0259ri an\u0131nda a\u015fkarlayaraq s\u00fcr\u0259tli m\u00fcdaxil\u0259 il\u0259 t\u0259hl\u00fck\u0259sizliyinizi t\u0259min edirik.<\/p>\r\n            <\/li>\r\n                    <li>\r\n                <div class=\"service-details__points-icon icon-svg-large\">\r\n                    <span aria-hidden=\"true\" class=\"   icon-market-analysis\"><\/span>                <\/div>\r\n                <h4 class=\"service-details__points-title\">H\u0259rt\u0259r\u0259fli M\u00fcdafi\u0259<\/h4>\r\n                <p class=\"service-details__points-text\">\u015e\u0259b\u0259k\u0259, m\u0259lumat v\u0259 cihazlar \u00fc\u00e7\u00fcn \u00e7oxs\u0259viyy\u0259li t\u0259hl\u00fck\u0259sizlik t\u0259klif edirik.<\/p>\r\n            <\/li>\r\n                    <li>\r\n                <div class=\"service-details__points-icon icon-svg-large\">\r\n                    <span aria-hidden=\"true\" class=\"   icon-technical-support\"><\/span>                <\/div>\r\n                <h4 class=\"service-details__points-title\">F\u0259rdi Risk \u0130dar\u0259etm\u0259si<\/h4>\r\n                <p class=\"service-details__points-text\">Biznesinizin x\u00fcsusi ehtiyaclar\u0131na uy\u011funla\u015fd\u0131r\u0131lm\u0131\u015f t\u0259hl\u00fck\u0259sizlik planlar\u0131 t\u0259tbiq edirik.<\/p>\r\n            <\/li>\r\n            <\/ul>\r\n\t\t<\/div>\n\t\t\t\t<\/div>\n\t\t\t\t<section class=\"elementor-section elementor-inner-section elementor-element elementor-element-136f6524 elementor-section-full_width elementor-section-height-default elementor-section-height-default\" data-id=\"136f6524\" data-element_type=\"section\">\n\t\t\t\t\t\t<div class=\"elementor-container elementor-column-gap-no\">\n\t\t\t\t\t<div class=\"elementor-column elementor-col-50 elementor-inner-column elementor-element elementor-element-6ffecfd3\" data-id=\"6ffecfd3\" data-element_type=\"column\" data-settings=\"{&quot;background_background&quot;:&quot;classic&quot;}\">\n\t\t\t<div class=\"elementor-widget-wrap elementor-element-populated\">\n\t\t\t\t\t\t\t\t<div class=\"elementor-element elementor-element-5af8d185 elementor-widget elementor-widget-heading\" data-id=\"5af8d185\" data-element_type=\"widget\" data-widget_type=\"heading.default\">\n\t\t\t\t<div class=\"elementor-widget-container\">\n\t\t\t<h2 class=\"elementor-heading-title elementor-size-default\">Qabaqlay\u0131c\u0131 Strategiya<\/h2>\t\t<\/div>\n\t\t\t\t<\/div>\n\t\t\t\t<div class=\"elementor-element elementor-element-93f94d1 elementor-widget elementor-widget-text-editor\" data-id=\"93f94d1\" data-element_type=\"widget\" data-widget_type=\"text-editor.default\">\n\t\t\t\t<div class=\"elementor-widget-container\">\n\t\t\t\t\t\t\t<p dir=\"ltr\" data-pm-slice=\"1 1 [&quot;orderedList&quot;,{&quot;tight&quot;:true,&quot;dir&quot;:&quot;ltr&quot;,&quot;start&quot;:1,&quot;type&quot;:null},&quot;listItem&quot;,{}]\">Dig\u0259r xidm\u0259tl\u0259r reaktiv t\u0259dbirl\u0259r\u0259 fokuslanark\u0259n, biz t\u0259hdidl\u0259ri \u0259vv\u0259lc\u0259d\u0259n neytralla\u015fd\u0131r\u0131r\u0131q.<\/p>\t\t\t\t\t\t<\/div>\n\t\t\t\t<\/div>\n\t\t\t\t\t<\/div>\n\t\t<\/div>\n\t\t\t\t<div class=\"elementor-column elementor-col-50 elementor-inner-column elementor-element elementor-element-7711eef4\" data-id=\"7711eef4\" data-element_type=\"column\" data-settings=\"{&quot;background_background&quot;:&quot;classic&quot;}\">\n\t\t\t<div class=\"elementor-widget-wrap elementor-element-populated\">\n\t\t\t\t\t\t\t\t<div class=\"elementor-element elementor-element-670fb09e elementor-widget elementor-widget-heading\" data-id=\"670fb09e\" data-element_type=\"widget\" data-widget_type=\"heading.default\">\n\t\t\t\t<div class=\"elementor-widget-container\">\n\t\t\t<h2 class=\"elementor-heading-title elementor-size-default\">F\u0259rdil\u0259\u015fdirilmi\u015f H\u0259ll\u0259r<\/h2>\t\t<\/div>\n\t\t\t\t<\/div>\n\t\t\t\t<div class=\"elementor-element elementor-element-32251098 elementor-widget elementor-widget-text-editor\" data-id=\"32251098\" data-element_type=\"widget\" data-widget_type=\"text-editor.default\">\n\t\t\t\t<div class=\"elementor-widget-container\">\n\t\t\t\t\t\t\t<p dir=\"ltr\" data-pm-slice=\"1 1 [&quot;orderedList&quot;,{&quot;tight&quot;:true,&quot;dir&quot;:&quot;ltr&quot;,&quot;start&quot;:1,&quot;type&quot;:null},&quot;listItem&quot;,{}]\">\u00dcmumi t\u0259hl\u00fck\u0259sizlik paketl\u0259ri \u0259v\u0259zin\u0259, biznesinizin risk profilin\u0259 uy\u011fun h\u0259ll\u0259r t\u0259klif edirik.<\/p>\t\t\t\t\t\t<\/div>\n\t\t\t\t<\/div>\n\t\t\t\t\t<\/div>\n\t\t<\/div>\n\t\t\t\t\t\t\t<\/div>\n\t\t<\/section>\n\t\t\t\t<div class=\"elementor-element elementor-element-3c280365 elementor-widget elementor-widget-notech-benefit\" data-id=\"3c280365\" data-element_type=\"widget\" data-widget_type=\"notech-benefit.default\">\n\t\t\t\t<div class=\"elementor-widget-container\">\n\t\t\t    <div class=\"service-details__benefits\">\r\n        <div class=\"row\">\r\n            <div class=\"col-xl-6\">\r\n                <div class=\"service-details__benefits-img\">\r\n                                            <img decoding=\"async\" src=\"http:\/\/b2bgroup.az\/wp-content\/uploads\/2022\/04\/service-details-benefits-img.jpg\" alt=\"\">\r\n                                    <\/div>\r\n            <\/div>\r\n            <div class=\"col-xl-6\">\r\n                <div class=\"service-details__benefits-right\">\r\n                                            <h3 class=\"service-details__benefits-title\">\u00dcst\u00fcnl\u00fckl\u0259rimiz<\/h3>\r\n                                                                <p class=\"service-betails__benefits-text-1\">Qabaqc\u0131l t\u0259hl\u00fck\u0259sizlik al\u0259tl\u0259rimizl\u0259 m\u0259lumatlar\u0131n\u0131z\u0131 qoruyur, f\u0259rdi strategiyalarla biznesinizin kiber dayan\u0131ql\u0131\u011f\u0131n\u0131 art\u0131r\u0131r\u0131q.<\/p>\r\n                                                                <ul class=\"list-unstyled service-details__benefits-points ml-0\">\r\n                                                            <li>\r\n                                    <div class=\"icon icon-svg\">\r\n                                        <i aria-hidden=\"true\" class=\"  icon-check\"><\/i>                                    <\/div>\r\n                                    <div class=\"text\">\r\n                                        <p>H\u0259r m\u0259rh\u0259l\u0259d\u0259 qoruma t\u0259min ed\u0259n qabaqc\u0131l t\u0259hl\u00fck\u0259sizlik yana\u015fmas\u0131.\n<\/p>\r\n                                    <\/div>\r\n                                <\/li>\r\n                                                            <li>\r\n                                    <div class=\"icon icon-svg\">\r\n                                        <i aria-hidden=\"true\" class=\"  icon-check\"><\/i>                                    <\/div>\r\n                                    <div class=\"text\">\r\n                                        <p>Potensial t\u0259hdidl\u0259rin vaxt\u0131nda a\u015fkarlanmas\u0131 v\u0259 qar\u015f\u0131s\u0131n\u0131n al\u0131nmas\u0131.<\/p>\r\n                                    <\/div>\r\n                                <\/li>\r\n                                                            <li>\r\n                                    <div class=\"icon icon-svg\">\r\n                                        <i aria-hidden=\"true\" class=\"  icon-check\"><\/i>                                    <\/div>\r\n                                    <div class=\"text\">\r\n                                        <p>Beyn\u0259lxalq t\u0259hl\u00fck\u0259sizlik standartlar\u0131na uy\u011funluq t\u0259minat\u0131.\n<\/p>\r\n                                    <\/div>\r\n                                <\/li>\r\n                            \r\n                        <\/ul>\r\n                                    <\/div>\r\n            <\/div>\r\n        <\/div>\r\n    <\/div>\r\n\t\t<\/div>\n\t\t\t\t<\/div>\n\t\t\t\t<div class=\"elementor-element elementor-element-7652557 elementor-widget elementor-widget-heading\" data-id=\"7652557\" data-element_type=\"widget\" data-widget_type=\"heading.default\">\n\t\t\t\t<div class=\"elementor-widget-container\">\n\t\t\t<h2 class=\"elementor-heading-title elementor-size-default\">\u00c7ox Soru\u015fulan Suallar<\/h2>\t\t<\/div>\n\t\t\t\t<\/div>\n\t\t\t\t<div class=\"elementor-element elementor-element-626329a elementor-widget elementor-widget-spacer\" data-id=\"626329a\" data-element_type=\"widget\" data-widget_type=\"spacer.default\">\n\t\t\t\t<div class=\"elementor-widget-container\">\n\t\t\t<style>\/*! elementor - v3.18.0 - 20-12-2023 *\/\n.elementor-column .elementor-spacer-inner{height:var(--spacer-size)}.e-con{--container-widget-width:100%}.e-con-inner>.elementor-widget-spacer,.e-con>.elementor-widget-spacer{width:var(--container-widget-width,var(--spacer-size));--align-self:var(--container-widget-align-self,initial);--flex-shrink:0}.e-con-inner>.elementor-widget-spacer>.elementor-widget-container,.e-con>.elementor-widget-spacer>.elementor-widget-container{height:100%;width:100%}.e-con-inner>.elementor-widget-spacer>.elementor-widget-container>.elementor-spacer,.e-con>.elementor-widget-spacer>.elementor-widget-container>.elementor-spacer{height:100%}.e-con-inner>.elementor-widget-spacer>.elementor-widget-container>.elementor-spacer>.elementor-spacer-inner,.e-con>.elementor-widget-spacer>.elementor-widget-container>.elementor-spacer>.elementor-spacer-inner{height:var(--container-widget-height,var(--spacer-size))}.e-con-inner>.elementor-widget-spacer.elementor-widget-empty,.e-con>.elementor-widget-spacer.elementor-widget-empty{position:relative;min-height:22px;min-width:22px}.e-con-inner>.elementor-widget-spacer.elementor-widget-empty .elementor-widget-empty-icon,.e-con>.elementor-widget-spacer.elementor-widget-empty .elementor-widget-empty-icon{position:absolute;top:0;bottom:0;left:0;right:0;margin:auto;padding:0;width:22px;height:22px}<\/style>\t\t<div class=\"elementor-spacer\">\n\t\t\t<div class=\"elementor-spacer-inner\"><\/div>\n\t\t<\/div>\n\t\t\t\t<\/div>\n\t\t\t\t<\/div>\n\t\t\t\t<div class=\"elementor-element elementor-element-81bb9e5 elementor-widget elementor-widget-notech-faq\" data-id=\"81bb9e5\" data-element_type=\"widget\" data-widget_type=\"notech-faq.default\">\n\t\t\t\t<div class=\"elementor-widget-container\">\n\t\t\t\r\n\t<div class=\"service-details__faq\">\r\n\t\t<div class=\"accrodion-grp faq-one-accrodion\" data-grp-name=\"faq-one-accrodion-69e205ae87f47\">\r\n\t\t\t\t\t\t\t<div class=\"accrodion \">\r\n\t\t\t\t\t<div class=\"accrodion-title\">\r\n\t\t\t\t\t\t<h4> \u0130T t\u0259hl\u00fck\u0259sizlik sisteml\u0259rinin qurulmas\u0131 \u00fc\u00e7\u00fcn ilk add\u0131m n\u0259 olmal\u0131d\u0131r?<\/h4>\r\n\t\t\t\t\t<\/div>\r\n\t\t\t\t\t<div class=\"accrodion-content\">\r\n\t\t\t\t\t\t<div class=\"inner\">\r\n\t\t\t\t\t\t\t<p>\u0130lk olaraq, sisteml\u0259rinizin t\u0259hl\u00fck\u0259sizlik auditi apar\u0131l\u0131r, z\u0259if n\u00f6qt\u0259l\u0259r m\u00fc\u0259yy\u0259n edilir v\u0259 bu n\u0259tic\u0259l\u0259r \u0259sas\u0131nda f\u0259rdi t\u0259hl\u00fck\u0259sizlik strategiyas\u0131 haz\u0131rlan\u0131r.<\/p>\r\n\t\t\t\t\t\t<\/div><!-- \/.inner -->\r\n\t\t\t\t\t<\/div>\r\n\t\t\t\t<\/div>\r\n\t\t\t\t\t\t\t<div class=\"accrodion active\">\r\n\t\t\t\t\t<div class=\"accrodion-title\">\r\n\t\t\t\t\t\t<h4>Firewall v\u0259 dig\u0259r m\u00fcdafi\u0259 sisteml\u0259ri real vaxtda nec\u0259 i\u015fl\u0259yir?<\/h4>\r\n\t\t\t\t\t<\/div>\r\n\t\t\t\t\t<div class=\"accrodion-content\">\r\n\t\t\t\t\t\t<div class=\"inner\">\r\n\t\t\t\t\t\t\t<p>Firewall v\u0259 IPS\/IDS sisteml\u0259ri \u015f\u0259b\u0259k\u0259 trafikin\u0259 n\u0259zar\u0259t edir, \u015f\u00fcbh\u0259li v\u0259 z\u0259r\u0259rli f\u0259aliyy\u0259tl\u0259ri avtomatik a\u015fkarlayaraq d\u0259rhal bloklay\u0131r v\u0259 hadis\u0259ni qeyd\u0259 al\u0131r.<\/p>\r\n\t\t\t\t\t\t<\/div><!-- \/.inner -->\r\n\t\t\t\t\t<\/div>\r\n\t\t\t\t<\/div>\r\n\t\t\t\t\t\t\t<div class=\"accrodion \">\r\n\t\t\t\t\t<div class=\"accrodion-title\">\r\n\t\t\t\t\t\t<h4>\u0130stifad\u0259\u00e7i giri\u015fl\u0259rin\u0259 n\u0259zar\u0259ti nec\u0259 h\u0259yata ke\u00e7irirsiniz?<\/h4>\r\n\t\t\t\t\t<\/div>\r\n\t\t\t\t\t<div class=\"accrodion-content\">\r\n\t\t\t\t\t\t<div class=\"inner\">\r\n\t\t\t\t\t\t\t<p>Rol \u0259sasl\u0131 giri\u015f sisteml\u0259ri, \u00e7oxfaktorlu autentifikasiya v\u0259 audit log-lar vasit\u0259sil\u0259 istifad\u0259\u00e7i f\u0259aliyy\u0259tl\u0259ri izl\u0259nilir v\u0259 yaln\u0131z s\u0259lahiyy\u0259tli \u015f\u0259xsl\u0259rin m\u0259lumatlara \u00e7\u0131x\u0131\u015f\u0131 t\u0259min olunur.<\/p>\r\n\t\t\t\t\t\t<\/div><!-- \/.inner -->\r\n\t\t\t\t\t<\/div>\r\n\t\t\t\t<\/div>\r\n\t\t\t\t\t<\/div>\r\n\t<\/div>\r\n\r\n\t\t<\/div>\n\t\t\t\t<\/div>\n\t\t\t\t\t<\/div>\n\t\t<\/div>\n\t\t\t\t\t\t\t<\/div>\n\t\t<\/section>\n\t\t\t\t\t\t\t<\/div>\n\t\t","protected":false},"excerpt":{"rendered":"<p>Xidm\u0259tl\u0259r Biznes Prosesl\u0259rinin Davaml\u0131l\u0131\u011f\u0131 H\u0259ll\u0259ri Biznes Texnologiyalar\u0131n\u0131n Optimizasiyas\u0131 H\u0259ll\u0259ri \u00c7a\u011fr\u0131 M\u0259rk\u0259zi H\u0259ll\u0259ri Data M\u0259rk\u0259zi H\u0259ll\u0259ri Elektrifikasiya v\u0259 Soyutma H\u0259ll\u0259ri Helpdesk v\u0259 \u0130T Outsorsinq H\u0259ll\u0259ri \u0130nfrastruktur D\u0259st\u0259k H\u0259ll\u0259ri Korporativ \u0130T T\u0259hl\u00fck\u0259sizlik H\u0259ll\u0259ri Vahid Kommunikasiya H\u0259ll\u0259ri Texnoloji problemler \u00fc\u00e7\u00fcn asan h\u0259ll Sual\u0131n\u0131z var? Z\u0259ng edin: +994 (12) 310 11 78 E-po\u00e7t g\u00f6nd\u0259r Korporativ \u0130T T\u0259hl\u00fck\u0259sizlik H\u0259ll\u0259ri R\u0259q\u0259msalla\u015fan [&hellip;]<\/p>\n","protected":false},"author":1,"featured_media":0,"parent":1328,"menu_order":0,"comment_status":"closed","ping_status":"closed","template":"elementor_header_footer","meta":{"footnotes":""},"class_list":["post-1484","page","type-page","status-publish","hentry"],"_links":{"self":[{"href":"https:\/\/www.b2bgroup.az\/en\/wp-json\/wp\/v2\/pages\/1484","targetHints":{"allow":["GET"]}}],"collection":[{"href":"https:\/\/www.b2bgroup.az\/en\/wp-json\/wp\/v2\/pages"}],"about":[{"href":"https:\/\/www.b2bgroup.az\/en\/wp-json\/wp\/v2\/types\/page"}],"author":[{"embeddable":true,"href":"https:\/\/www.b2bgroup.az\/en\/wp-json\/wp\/v2\/users\/1"}],"replies":[{"embeddable":true,"href":"https:\/\/www.b2bgroup.az\/en\/wp-json\/wp\/v2\/comments?post=1484"}],"version-history":[{"count":0,"href":"https:\/\/www.b2bgroup.az\/en\/wp-json\/wp\/v2\/pages\/1484\/revisions"}],"up":[{"embeddable":true,"href":"https:\/\/www.b2bgroup.az\/en\/wp-json\/wp\/v2\/pages\/1328"}],"wp:attachment":[{"href":"https:\/\/www.b2bgroup.az\/en\/wp-json\/wp\/v2\/media?parent=1484"}],"curies":[{"name":"wp","href":"https:\/\/api.w.org\/{rel}","templated":true}]}}