{"id":1485,"date":"2025-03-31T13:23:24","date_gmt":"2025-03-31T09:23:24","guid":{"rendered":"http:\/\/test.b2bgroup.az\/?page_id=1485"},"modified":"2025-06-24T19:46:44","modified_gmt":"2025-06-24T15:46:44","slug":"unified-communications-heller","status":"publish","type":"page","link":"https:\/\/www.b2bgroup.az\/en\/xidmetler\/vahid-kommunikasiya-helleri\/","title":{"rendered":"Unified Communications Solutions"},"content":{"rendered":"\t\t<div data-elementor-type=\"wp-page\" data-elementor-id=\"1485\" class=\"elementor elementor-1485\">\n\t\t\t\t\t\t\t\t\t<section class=\"elementor-section elementor-top-section elementor-element elementor-element-48afa9ce elementor-section-boxed elementor-section-height-default elementor-section-height-default\" data-id=\"48afa9ce\" data-element_type=\"section\">\n\t\t\t\t\t\t<div class=\"elementor-container elementor-column-gap-no\">\n\t\t\t\t\t<div class=\"elementor-column elementor-col-50 elementor-top-column elementor-element elementor-element-489b3d0f\" data-id=\"489b3d0f\" data-element_type=\"column\">\n\t\t\t<div class=\"elementor-widget-wrap elementor-element-populated\">\n\t\t\t\t\t\t\t\t<div class=\"elementor-element elementor-element-2b11803 elementor-widget elementor-widget-notech-sidebar-nav\" data-id=\"2b11803\" data-element_type=\"widget\" data-widget_type=\"notech-sidebar-nav.default\">\n\t\t\t\t<div class=\"elementor-widget-container\">\n\t\t\t\r\n    <div class=\"service-details__service\">\r\n                    <h3 class=\"service-details__title\">Xidm\u0259tl\u0259r<\/h3>\r\n                <div class=\"menu-service-menu-container\"><ul id=\"menu-service-menu\" class=\"service-details__service-list list-unstyled\"><li id=\"menu-item-2196\" class=\"menu-item menu-item-type-post_type menu-item-object-page menu-item-2196\"><a href=\"https:\/\/www.b2bgroup.az\/en\/xidmetler\/biznes-proseslerinin-davamliligi-helleri\/\"><span class=\"fa fa-long-arrow-alt-right\"><\/span>Biznes Prosesl\u0259rinin Davaml\u0131l\u0131\u011f\u0131 H\u0259ll\u0259ri<\/a><\/li>\n<li id=\"menu-item-2197\" class=\"menu-item menu-item-type-post_type menu-item-object-page menu-item-2197\"><a href=\"https:\/\/www.b2bgroup.az\/en\/xidmetler\/biznes-texnologiyalarinin-optimizasiyasi-helleri\/\"><span class=\"fa fa-long-arrow-alt-right\"><\/span>Biznes Texnologiyalar\u0131n\u0131n Optimizasiyas\u0131 H\u0259ll\u0259ri<\/a><\/li>\n<li id=\"menu-item-2198\" class=\"menu-item menu-item-type-post_type menu-item-object-page menu-item-2198\"><a href=\"https:\/\/www.b2bgroup.az\/en\/xidmetler\/chagri-merkezi-helleri\/\"><span class=\"fa fa-long-arrow-alt-right\"><\/span>\u00c7a\u011fr\u0131 M\u0259rk\u0259zi H\u0259ll\u0259ri<\/a><\/li>\n<li id=\"menu-item-2199\" class=\"menu-item menu-item-type-post_type menu-item-object-page menu-item-2199\"><a href=\"https:\/\/www.b2bgroup.az\/en\/xidmetler\/data-merkezi-helleri\/\"><span class=\"fa fa-long-arrow-alt-right\"><\/span>Data M\u0259rk\u0259zi H\u0259ll\u0259ri<\/a><\/li>\n<li id=\"menu-item-2200\" class=\"menu-item menu-item-type-post_type menu-item-object-page menu-item-2200\"><a href=\"https:\/\/www.b2bgroup.az\/en\/xidmetler\/elektrifikasiya-ve-soyutma-helleri\/\"><span class=\"fa fa-long-arrow-alt-right\"><\/span>Elektrifikasiya v\u0259 Soyutma H\u0259ll\u0259ri<\/a><\/li>\n<li id=\"menu-item-2201\" class=\"menu-item menu-item-type-post_type menu-item-object-page menu-item-2201\"><a href=\"https:\/\/www.b2bgroup.az\/en\/xidmetler\/helpdesk-ve-it-outsorsinq-helleri\/\"><span class=\"fa fa-long-arrow-alt-right\"><\/span>Helpdesk v\u0259 \u0130T Outsorsinq H\u0259ll\u0259ri<\/a><\/li>\n<li id=\"menu-item-2202\" class=\"menu-item menu-item-type-post_type menu-item-object-page menu-item-2202\"><a href=\"https:\/\/www.b2bgroup.az\/en\/xidmetler\/infrastruktur-destek-helleri\/\"><span class=\"fa fa-long-arrow-alt-right\"><\/span>\u0130nfrastruktur D\u0259st\u0259k H\u0259ll\u0259ri<\/a><\/li>\n<li id=\"menu-item-2203\" class=\"menu-item menu-item-type-post_type menu-item-object-page menu-item-2203\"><a href=\"https:\/\/www.b2bgroup.az\/en\/xidmetler\/korporativ-it-tehlukesizlik-helleri\/\"><span class=\"fa fa-long-arrow-alt-right\"><\/span>Korporativ \u0130T T\u0259hl\u00fck\u0259sizlik H\u0259ll\u0259ri<\/a><\/li>\n<li id=\"menu-item-2204\" class=\"menu-item menu-item-type-post_type menu-item-object-page menu-item-2204\"><a href=\"https:\/\/www.b2bgroup.az\/en\/xidmetler\/vahid-kommunikasiya-helleri\/\"><span class=\"fa fa-long-arrow-alt-right\"><\/span>Vahid Kommunikasiya H\u0259ll\u0259ri<\/a><\/li>\n<\/ul><\/div>\r\n    <\/div>\r\n\t\t<\/div>\n\t\t\t\t<\/div>\n\t\t\t\t<div class=\"elementor-element elementor-element-62592e0c elementor-widget elementor-widget-notech-sidebar-call-to-action\" data-id=\"62592e0c\" data-element_type=\"widget\" data-widget_type=\"notech-sidebar-call-to-action.default\">\n\t\t\t\t<div class=\"elementor-widget-container\">\n\t\t\t    <div class=\"service-details__need-help\">\r\n                    <div class=\"service-details__need-help-bg\" style=\"background-image: url(http:\/\/b2bgroup.az\/wp-content\/uploads\/2025\/04\/Asan-h\u0259ll.jpg)\"><\/div>\r\n                            <div class=\"service-details__need-help-icon\">\r\n                <img decoding=\"async\" src=\"http:\/\/b2bgroup.az\/wp-content\/uploads\/2022\/04\/main-menu-icon-comment-B2B.png\" alt=\"\">\r\n            <\/div>\r\n                <h2 class=\"service-details__need-help-title\">Texnoloji problemler  <br> \u00fc\u00e7\u00fcn asan<br> h\u0259ll<\/h2>\r\n        <div class=\"service-details__need-help-contact\">\r\n            <p>Sual\u0131n\u0131z var?<\/p>\r\n            <a href=\"tel:994123101178\"><span>Z\u0259ng edin: <\/span> +994 (12) 310 11 78<\/a>\r\n        <\/div>\r\n    <\/div>\r\n\t\t<\/div>\n\t\t\t\t<\/div>\n\t\t\t\t<div class=\"elementor-element elementor-element-75538929 elementor-widget elementor-widget-notech-button\" data-id=\"75538929\" data-element_type=\"widget\" data-widget_type=\"notech-button.default\">\n\t\t\t\t<div class=\"elementor-widget-container\">\n\t\t\t    <div class=\"service-details__download\">\r\n                    <a target=_blank href=\"mailto:info@b2bgroup.az\" class=\"thm-btn service-details__download-btn\">E-po\u00e7t g\u00f6nd\u0259r<\/a>\r\n            <\/div>\r\n\t\t<\/div>\n\t\t\t\t<\/div>\n\t\t\t\t\t<\/div>\n\t\t<\/div>\n\t\t\t\t<div class=\"elementor-column elementor-col-50 elementor-top-column elementor-element elementor-element-44c570a6\" data-id=\"44c570a6\" data-element_type=\"column\">\n\t\t\t<div class=\"elementor-widget-wrap elementor-element-populated\">\n\t\t\t\t\t\t\t\t<div class=\"elementor-element elementor-element-3de4f2b2 elementor-widget elementor-widget-image\" data-id=\"3de4f2b2\" data-element_type=\"widget\" data-widget_type=\"image.default\">\n\t\t\t\t<div class=\"elementor-widget-container\">\n\t\t\t<style>\/*! elementor - v3.18.0 - 20-12-2023 *\/\n.elementor-widget-image{text-align:center}.elementor-widget-image a{display:inline-block}.elementor-widget-image a img[src$=\".svg\"]{width:48px}.elementor-widget-image img{vertical-align:middle;display:inline-block}<\/style>\t\t\t\t\t\t\t\t\t\t\t\t<img fetchpriority=\"high\" decoding=\"async\" width=\"770\" height=\"428\" src=\"https:\/\/www.b2bgroup.az\/wp-content\/uploads\/2025\/04\/Data-M\u0259rk\u0259zi-H\u0259ll\u0259ri-770x428.jpg\" class=\"attachment-post-thumbnail size-post-thumbnail wp-image-1978\" alt=\"\">\t\t\t\t\t\t\t\t\t\t\t\t\t\t\t<\/div>\n\t\t\t\t<\/div>\n\t\t\t\t<div class=\"elementor-element elementor-element-23e92c88 elementor-widget elementor-widget-heading\" data-id=\"23e92c88\" data-element_type=\"widget\" data-widget_type=\"heading.default\">\n\t\t\t\t<div class=\"elementor-widget-container\">\n\t\t\t<style>\/*! elementor - v3.18.0 - 20-12-2023 *\/\n.elementor-heading-title{padding:0;margin:0;line-height:1}.elementor-widget-heading .elementor-heading-title[class*=elementor-size-]>a{color:inherit;font-size:inherit;line-height:inherit}.elementor-widget-heading .elementor-heading-title.elementor-size-small{font-size:15px}.elementor-widget-heading .elementor-heading-title.elementor-size-medium{font-size:19px}.elementor-widget-heading .elementor-heading-title.elementor-size-large{font-size:29px}.elementor-widget-heading .elementor-heading-title.elementor-size-xl{font-size:39px}.elementor-widget-heading .elementor-heading-title.elementor-size-xxl{font-size:59px}<\/style><h2 class=\"elementor-heading-title elementor-size-default\">Vahid Kommunikasiya H\u0259ll\u0259ri<\/h2>\t\t<\/div>\n\t\t\t\t<\/div>\n\t\t\t\t<div class=\"elementor-element elementor-element-4ea7cb8d elementor-widget elementor-widget-text-editor\" data-id=\"4ea7cb8d\" data-element_type=\"widget\" data-widget_type=\"text-editor.default\">\n\t\t\t\t<div class=\"elementor-widget-container\">\n\t\t\t<style>\/*! elementor - v3.18.0 - 20-12-2023 *\/\n.elementor-widget-text-editor.elementor-drop-cap-view-stacked .elementor-drop-cap{background-color:#69727d;color:#fff}.elementor-widget-text-editor.elementor-drop-cap-view-framed .elementor-drop-cap{color:#69727d;border:3px solid;background-color:transparent}.elementor-widget-text-editor:not(.elementor-drop-cap-view-default) .elementor-drop-cap{margin-top:8px}.elementor-widget-text-editor:not(.elementor-drop-cap-view-default) .elementor-drop-cap-letter{width:1em;height:1em}.elementor-widget-text-editor .elementor-drop-cap{float:left;text-align:center;line-height:1;font-size:50px}.elementor-widget-text-editor .elementor-drop-cap-letter{display:inline-block}<\/style>\t\t\t\t<p>M\u00fcasir korporativ m\u00fchitd\u0259 \u0259m\u0259kda\u015flar, komandalar v\u0259 m\u00fc\u015ft\u0259ril\u0259r aras\u0131nda fasil\u0259siz v\u0259 effektiv \u00fcnsiyy\u0259t \u2013 u\u011furun a\u00e7ar faktorlar\u0131ndan biridir. Ayr\u0131-ayr\u0131 platformalarda b\u00f6l\u00fcnm\u00fc\u015f kommunikasiya kanallar\u0131 vaxt itkisin\u0259, m\u0259lumat itkil\u0259rin\u0259 v\u0259 \u0259m\u0259liyyatlarda koordinasiya \u00e7at\u0131\u015fmazl\u0131qlar\u0131na s\u0259b\u0259b ola bil\u0259r. Vahid kommunikasiya h\u0259ll\u0259ri bu probleml\u0259ri aradan qald\u0131raraq s\u0259m\u0259r\u0259li, inteqrasiya olunmu\u015f v\u0259 t\u0259hl\u00fck\u0259siz \u0259laq\u0259 imkanlar\u0131 yarad\u0131r.<\/p>\t\t\t\t\t\t<\/div>\n\t\t\t\t<\/div>\n\t\t\t\t<div class=\"elementor-element elementor-element-63b837c0 elementor-widget elementor-widget-text-editor\" data-id=\"63b837c0\" data-element_type=\"widget\" data-widget_type=\"text-editor.default\">\n\t\t\t\t<div class=\"elementor-widget-container\">\n\t\t\t\t\t\t\t<p>B2B Group il\u0259 \u00dcnsiyy\u0259ti Yeni S\u0259viyy\u0259y\u0259 Qald\u0131r\u0131n<\/p>\t\t\t\t\t\t<\/div>\n\t\t\t\t<\/div>\n\t\t\t\t<div class=\"elementor-element elementor-element-17e4deb3 elementor-widget elementor-widget-text-editor\" data-id=\"17e4deb3\" data-element_type=\"widget\" data-widget_type=\"text-editor.default\">\n\t\t\t\t<div class=\"elementor-widget-container\">\n\t\t\t\t\t\t\t<p>Biz korporativ kommunikasiya ehtiyaclar\u0131n\u0131 vahid platformada birl\u0259\u015fdir\u0259r\u0259k \u0259m\u0259kda\u015fl\u0131q m\u00fchitini g\u00fccl\u0259ndir\u0259n v\u0259 m\u0259hsuldarl\u0131\u011f\u0131 art\u0131ran texnoloji h\u0259ll\u0259r t\u0259qdim edirik. S\u0259sli v\u0259 video z\u0259ngl\u0259rd\u0259n tutmu\u015f \u00e7at sisteml\u0259rin\u0259 v\u0259 inteqrasiya olunmu\u015f i\u015f\u00e7i ax\u0131nlar\u0131na q\u0259d\u0259r h\u0259r \u015feyi m\u0259rk\u0259zl\u0259\u015fdir\u0259n kommunikasiya sisteml\u0259ri qururuq.<\/p>\t\t\t\t\t\t<\/div>\n\t\t\t\t<\/div>\n\t\t\t\t<div class=\"elementor-element elementor-element-14d9e0e1 elementor-widget elementor-widget-notech-icon-box\" data-id=\"14d9e0e1\" data-element_type=\"widget\" data-widget_type=\"notech-icon-box.default\">\n\t\t\t\t<div class=\"elementor-widget-container\">\n\t\t\t    <ul class=\"list-unstyled service-details__points ml-0\">\r\n                    <li>\r\n                <div class=\"service-details__points-icon icon-svg-large\">\r\n                    <span aria-hidden=\"true\" class=\"  icon-customer-service\"><\/span>                <\/div>\r\n                <h4 class=\"service-details__points-title\">Vahid \u0130nterfeys<\/h4>\r\n                <p class=\"service-details__points-text\">B\u00fct\u00fcn kommunikasiya kanallar\u0131n\u0131 t\u0259k platformada birl\u0259\u015fdir\u0259r\u0259k istifad\u0259ni asanla\u015fd\u0131r\u0131r\u0131q.<\/p>\r\n            <\/li>\r\n                    <li>\r\n                <div class=\"service-details__points-icon icon-svg-large\">\r\n                    <span aria-hidden=\"true\" class=\"   icon-market-analysis\"><\/span>                <\/div>\r\n                <h4 class=\"service-details__points-title\">\u00c7evik \u018fl\u00e7atanl\u0131q<\/h4>\r\n                <p class=\"service-details__points-text\">Uzaqdan i\u015f v\u0259 mobil cihazlar \u00fc\u00e7\u00fcn optimalla\u015fd\u0131r\u0131lm\u0131\u015f \u0259laq\u0259 imkan\u0131 t\u0259qdim edirik.<\/p>\r\n            <\/li>\r\n                    <li>\r\n                <div class=\"service-details__points-icon icon-svg-large\">\r\n                    <span aria-hidden=\"true\" class=\"   icon-technical-support\"><\/span>                <\/div>\r\n                <h4 class=\"service-details__points-title\">A\u011f\u0131ll\u0131 Avtomatla\u015fd\u0131rma<\/h4>\r\n                <p class=\"service-details__points-text\">AI il\u0259 d\u0259st\u0259kl\u0259n\u0259n al\u0259tl\u0259r sor\u011fular\u0131 s\u00fcr\u0259tl\u0259ndirir v\u0259 cavab keyfiyy\u0259tini art\u0131r\u0131r.<\/p>\r\n            <\/li>\r\n            <\/ul>\r\n\t\t<\/div>\n\t\t\t\t<\/div>\n\t\t\t\t<section class=\"elementor-section elementor-inner-section elementor-element elementor-element-136f6524 elementor-section-full_width elementor-section-height-default elementor-section-height-default\" data-id=\"136f6524\" data-element_type=\"section\">\n\t\t\t\t\t\t<div class=\"elementor-container elementor-column-gap-no\">\n\t\t\t\t\t<div class=\"elementor-column elementor-col-50 elementor-inner-column elementor-element elementor-element-6ffecfd3\" data-id=\"6ffecfd3\" data-element_type=\"column\" data-settings=\"{&quot;background_background&quot;:&quot;classic&quot;}\">\n\t\t\t<div class=\"elementor-widget-wrap elementor-element-populated\">\n\t\t\t\t\t\t\t\t<div class=\"elementor-element elementor-element-5af8d185 elementor-widget elementor-widget-heading\" data-id=\"5af8d185\" data-element_type=\"widget\" data-widget_type=\"heading.default\">\n\t\t\t\t<div class=\"elementor-widget-container\">\n\t\t\t<h2 class=\"elementor-heading-title elementor-size-default\">\u0130stifad\u0259\u00e7i T\u0259cr\u00fcb\u0259si<\/h2>\t\t<\/div>\n\t\t\t\t<\/div>\n\t\t\t\t<div class=\"elementor-element elementor-element-93f94d1 elementor-widget elementor-widget-text-editor\" data-id=\"93f94d1\" data-element_type=\"widget\" data-widget_type=\"text-editor.default\">\n\t\t\t\t<div class=\"elementor-widget-container\">\n\t\t\t\t\t\t\t<p dir=\"ltr\" data-pm-slice=\"1 1 [&quot;orderedList&quot;,{&quot;tight&quot;:true,&quot;dir&quot;:&quot;ltr&quot;,&quot;start&quot;:1,&quot;type&quot;:null},&quot;listItem&quot;,{}]\">Dig\u0259r h\u0259ll\u0259r m\u00fcr\u0259kk\u0259b ola bil\u0259rk\u0259n, biz intuitiv v\u0259 istifad\u0259\u00e7i dostu platformalar t\u0259klif edirik.<\/p>\t\t\t\t\t\t<\/div>\n\t\t\t\t<\/div>\n\t\t\t\t\t<\/div>\n\t\t<\/div>\n\t\t\t\t<div class=\"elementor-column elementor-col-50 elementor-inner-column elementor-element elementor-element-7711eef4\" data-id=\"7711eef4\" data-element_type=\"column\" data-settings=\"{&quot;background_background&quot;:&quot;classic&quot;}\">\n\t\t\t<div class=\"elementor-widget-wrap elementor-element-populated\">\n\t\t\t\t\t\t\t\t<div class=\"elementor-element elementor-element-670fb09e elementor-widget elementor-widget-heading\" data-id=\"670fb09e\" data-element_type=\"widget\" data-widget_type=\"heading.default\">\n\t\t\t\t<div class=\"elementor-widget-container\">\n\t\t\t<h2 class=\"elementor-heading-title elementor-size-default\">T\u0259hl\u00fck\u0259sizlik Prioriteti<\/h2>\t\t<\/div>\n\t\t\t\t<\/div>\n\t\t\t\t<div class=\"elementor-element elementor-element-32251098 elementor-widget elementor-widget-text-editor\" data-id=\"32251098\" data-element_type=\"widget\" data-widget_type=\"text-editor.default\">\n\t\t\t\t<div class=\"elementor-widget-container\">\n\t\t\t\t\t\t\t<p dir=\"ltr\" data-pm-slice=\"1 1 [&quot;orderedList&quot;,{&quot;tight&quot;:true,&quot;dir&quot;:&quot;ltr&quot;,&quot;start&quot;:1,&quot;type&quot;:null},&quot;listItem&quot;,{}]\">Standart sisteml\u0259rd\u0259n f\u0259rqli olaraq, \u015fifr\u0259l\u0259nmi\u015f kanallar v\u0259 ciddi m\u0259xfilik t\u0259dbirl\u0259ri t\u0259tbiq edirik.<\/p>\t\t\t\t\t\t<\/div>\n\t\t\t\t<\/div>\n\t\t\t\t\t<\/div>\n\t\t<\/div>\n\t\t\t\t\t\t\t<\/div>\n\t\t<\/section>\n\t\t\t\t<div class=\"elementor-element elementor-element-3c280365 elementor-widget elementor-widget-notech-benefit\" data-id=\"3c280365\" data-element_type=\"widget\" data-widget_type=\"notech-benefit.default\">\n\t\t\t\t<div class=\"elementor-widget-container\">\n\t\t\t    <div class=\"service-details__benefits\">\r\n        <div class=\"row\">\r\n            <div class=\"col-xl-6\">\r\n                <div class=\"service-details__benefits-img\">\r\n                                            <img decoding=\"async\" src=\"http:\/\/b2bgroup.az\/wp-content\/uploads\/2025\/04\/vv2-scaled.jpg\" alt=\"\">\r\n                                    <\/div>\r\n            <\/div>\r\n            <div class=\"col-xl-6\">\r\n                <div class=\"service-details__benefits-right\">\r\n                                            <h3 class=\"service-details__benefits-title\">\u00dcst\u00fcnl\u00fckl\u0259rimiz<\/h3>\r\n                                                                <p class=\"service-betails__benefits-text-1\">\u00c7evik platformalar\u0131m\u0131zla kommunikasiyan\u0131 sad\u0259l\u0259\u015fdirir, AI \u0259sasl\u0131 al\u0259tl\u0259rimizl\u0259 \u0259m\u0259kda\u015fl\u0131q s\u0259m\u0259r\u0259liliyini art\u0131r\u0131r\u0131q.<\/p>\r\n                                                                <ul class=\"list-unstyled service-details__benefits-points ml-0\">\r\n                                                            <li>\r\n                                    <div class=\"icon icon-svg\">\r\n                                        <i aria-hidden=\"true\" class=\"  icon-check\"><\/i>                                    <\/div>\r\n                                    <div class=\"text\">\r\n                                        <p>Komandalararas\u0131 s\u00fcr\u0259tli \u0259laq\u0259 v\u0259 q\u0259rarverm\u0259 prosesl\u0259rinin optimalla\u015fd\u0131r\u0131lmas\u0131.\n<\/p>\r\n                                    <\/div>\r\n                                <\/li>\r\n                                                            <li>\r\n                                    <div class=\"icon icon-svg\">\r\n                                        <i aria-hidden=\"true\" class=\"  icon-check\"><\/i>                                    <\/div>\r\n                                    <div class=\"text\">\r\n                                        <p>M\u00f6vcud sisteml\u0259rinizl\u0259 uy\u011funla\u015fan, \u00e7evik v\u0259 g\u0259l\u0259c\u0259y\u0259 y\u00f6n\u0259lik platformalar.\n<\/p>\r\n                                    <\/div>\r\n                                <\/li>\r\n                                                            <li>\r\n                                    <div class=\"icon icon-svg\">\r\n                                        <i aria-hidden=\"true\" class=\"  icon-check\"><\/i>                                    <\/div>\r\n                                    <div class=\"text\">\r\n                                        <p> \u0130stifad\u0259\u00e7i say\u0131ndan v\u0259 lokasiyadan as\u0131l\u0131 olmayaraq sabit v\u0259 qorunan \u0259laq\u0259 infrastrukturu.\n<\/p>\r\n                                    <\/div>\r\n                                <\/li>\r\n                            \r\n                        <\/ul>\r\n                                    <\/div>\r\n            <\/div>\r\n        <\/div>\r\n    <\/div>\r\n\t\t<\/div>\n\t\t\t\t<\/div>\n\t\t\t\t<div class=\"elementor-element elementor-element-241e7a6 elementor-widget elementor-widget-heading\" data-id=\"241e7a6\" data-element_type=\"widget\" data-widget_type=\"heading.default\">\n\t\t\t\t<div class=\"elementor-widget-container\">\n\t\t\t<h2 class=\"elementor-heading-title elementor-size-default\">\u00c7ox Soru\u015fulan Suallar<\/h2>\t\t<\/div>\n\t\t\t\t<\/div>\n\t\t\t\t<div class=\"elementor-element elementor-element-170f00e elementor-widget elementor-widget-spacer\" data-id=\"170f00e\" data-element_type=\"widget\" data-widget_type=\"spacer.default\">\n\t\t\t\t<div class=\"elementor-widget-container\">\n\t\t\t<style>\/*! elementor - v3.18.0 - 20-12-2023 *\/\n.elementor-column .elementor-spacer-inner{height:var(--spacer-size)}.e-con{--container-widget-width:100%}.e-con-inner>.elementor-widget-spacer,.e-con>.elementor-widget-spacer{width:var(--container-widget-width,var(--spacer-size));--align-self:var(--container-widget-align-self,initial);--flex-shrink:0}.e-con-inner>.elementor-widget-spacer>.elementor-widget-container,.e-con>.elementor-widget-spacer>.elementor-widget-container{height:100%;width:100%}.e-con-inner>.elementor-widget-spacer>.elementor-widget-container>.elementor-spacer,.e-con>.elementor-widget-spacer>.elementor-widget-container>.elementor-spacer{height:100%}.e-con-inner>.elementor-widget-spacer>.elementor-widget-container>.elementor-spacer>.elementor-spacer-inner,.e-con>.elementor-widget-spacer>.elementor-widget-container>.elementor-spacer>.elementor-spacer-inner{height:var(--container-widget-height,var(--spacer-size))}.e-con-inner>.elementor-widget-spacer.elementor-widget-empty,.e-con>.elementor-widget-spacer.elementor-widget-empty{position:relative;min-height:22px;min-width:22px}.e-con-inner>.elementor-widget-spacer.elementor-widget-empty .elementor-widget-empty-icon,.e-con>.elementor-widget-spacer.elementor-widget-empty .elementor-widget-empty-icon{position:absolute;top:0;bottom:0;left:0;right:0;margin:auto;padding:0;width:22px;height:22px}<\/style>\t\t<div class=\"elementor-spacer\">\n\t\t\t<div class=\"elementor-spacer-inner\"><\/div>\n\t\t<\/div>\n\t\t\t\t<\/div>\n\t\t\t\t<\/div>\n\t\t\t\t<div class=\"elementor-element elementor-element-81bb9e5 elementor-widget elementor-widget-notech-faq\" data-id=\"81bb9e5\" data-element_type=\"widget\" data-widget_type=\"notech-faq.default\">\n\t\t\t\t<div class=\"elementor-widget-container\">\n\t\t\t\r\n\t<div class=\"service-details__faq\">\r\n\t\t<div class=\"accrodion-grp faq-one-accrodion\" data-grp-name=\"faq-one-accrodion-69e2056c4706e\">\r\n\t\t\t\t\t\t\t<div class=\"accrodion \">\r\n\t\t\t\t\t<div class=\"accrodion-title\">\r\n\t\t\t\t\t\t<h4>Vahid kommunikasiya sistemi n\u0259dir v\u0259 niy\u0259 vacibdir?<\/h4>\r\n\t\t\t\t\t<\/div>\r\n\t\t\t\t\t<div class=\"accrodion-content\">\r\n\t\t\t\t\t\t<div class=\"inner\">\r\n\t\t\t\t\t\t\t<p>Bu sistem m\u00fcxt\u0259lif \u0259laq\u0259 vasit\u0259l\u0259rini (s\u0259s, video, \u00e7at, e-mail) bir platformada birl\u0259\u015fdir\u0259r\u0259k m\u0259lumat ax\u0131n\u0131n\u0131 asanla\u015fd\u0131r\u0131r v\u0259 \u0259m\u0259kda\u015fl\u0131q s\u0259viyy\u0259sini art\u0131r\u0131r.<\/p>\r\n\t\t\t\t\t\t<\/div><!-- \/.inner -->\r\n\t\t\t\t\t<\/div>\r\n\t\t\t\t<\/div>\r\n\t\t\t\t\t\t\t<div class=\"accrodion active\">\r\n\t\t\t\t\t<div class=\"accrodion-title\">\r\n\t\t\t\t\t\t<h4>Uzaqdan i\u015fl\u0259y\u0259n komandalar \u00fc\u00e7\u00fcn hans\u0131 imkanlar\u0131 t\u0259qdim edirsiniz?<\/h4>\r\n\t\t\t\t\t<\/div>\r\n\t\t\t\t\t<div class=\"accrodion-content\">\r\n\t\t\t\t\t\t<div class=\"inner\">\r\n\t\t\t\t\t\t\t<p>Uzaqdan v\u0259 hibrid i\u015f rejiml\u0259ri \u00fc\u00e7\u00fcn video konfrans, s\u0259n\u0259d payla\u015f\u0131m\u0131 v\u0259 real vaxt \u0259m\u0259kda\u015fl\u0131q funksiyalar\u0131 olan inteqrasiya olunmu\u015f platformalar t\u0259qdim edirik.<\/p>\r\n\t\t\t\t\t\t<\/div><!-- \/.inner -->\r\n\t\t\t\t\t<\/div>\r\n\t\t\t\t<\/div>\r\n\t\t\t\t\t\t\t<div class=\"accrodion \">\r\n\t\t\t\t\t<div class=\"accrodion-title\">\r\n\t\t\t\t\t\t<h4>Yeni sisteml\u0259rin qurulmas\u0131 \u015firk\u0259timizin f\u0259aliyy\u0259tini dayand\u0131ra bil\u0259rmi?<\/h4>\r\n\t\t\t\t\t<\/div>\r\n\t\t\t\t\t<div class=\"accrodion-content\">\r\n\t\t\t\t\t\t<div class=\"inner\">\r\n\t\t\t\t\t\t\t<p>Xeyr. Qurulma prosesi m\u0259rh\u0259l\u0259li \u015f\u0259kild\u0259 v\u0259 minimal m\u00fcdaxil\u0259 il\u0259 h\u0259yata ke\u00e7irilir. \u018fm\u0259kda\u015flar \u00fc\u00e7\u00fcn t\u0259liml\u0259r v\u0259 d\u0259st\u0259k d\u0259 t\u0259min edirik ki, ke\u00e7id problemsiz ba\u015f tutsun.<\/p>\r\n\t\t\t\t\t\t<\/div><!-- \/.inner -->\r\n\t\t\t\t\t<\/div>\r\n\t\t\t\t<\/div>\r\n\t\t\t\t\t<\/div>\r\n\t<\/div>\r\n\r\n\t\t<\/div>\n\t\t\t\t<\/div>\n\t\t\t\t\t<\/div>\n\t\t<\/div>\n\t\t\t\t\t\t\t<\/div>\n\t\t<\/section>\n\t\t\t\t\t\t\t<\/div>\n\t\t","protected":false},"excerpt":{"rendered":"<p>Xidm\u0259tl\u0259r Biznes Prosesl\u0259rinin Davaml\u0131l\u0131\u011f\u0131 H\u0259ll\u0259ri Biznes Texnologiyalar\u0131n\u0131n Optimizasiyas\u0131 H\u0259ll\u0259ri \u00c7a\u011fr\u0131 M\u0259rk\u0259zi H\u0259ll\u0259ri Data M\u0259rk\u0259zi H\u0259ll\u0259ri Elektrifikasiya v\u0259 Soyutma H\u0259ll\u0259ri Helpdesk v\u0259 \u0130T Outsorsinq H\u0259ll\u0259ri \u0130nfrastruktur D\u0259st\u0259k H\u0259ll\u0259ri Korporativ \u0130T T\u0259hl\u00fck\u0259sizlik H\u0259ll\u0259ri Vahid Kommunikasiya H\u0259ll\u0259ri Texnoloji problemler \u00fc\u00e7\u00fcn asan h\u0259ll Sual\u0131n\u0131z var? Z\u0259ng edin: +994 (12) 310 11 78 E-po\u00e7t g\u00f6nd\u0259r Vahid Kommunikasiya H\u0259ll\u0259ri M\u00fcasir korporativ [&hellip;]<\/p>\n","protected":false},"author":1,"featured_media":0,"parent":1328,"menu_order":0,"comment_status":"closed","ping_status":"closed","template":"elementor_header_footer","meta":{"footnotes":""},"class_list":["post-1485","page","type-page","status-publish","hentry"],"_links":{"self":[{"href":"https:\/\/www.b2bgroup.az\/en\/wp-json\/wp\/v2\/pages\/1485","targetHints":{"allow":["GET"]}}],"collection":[{"href":"https:\/\/www.b2bgroup.az\/en\/wp-json\/wp\/v2\/pages"}],"about":[{"href":"https:\/\/www.b2bgroup.az\/en\/wp-json\/wp\/v2\/types\/page"}],"author":[{"embeddable":true,"href":"https:\/\/www.b2bgroup.az\/en\/wp-json\/wp\/v2\/users\/1"}],"replies":[{"embeddable":true,"href":"https:\/\/www.b2bgroup.az\/en\/wp-json\/wp\/v2\/comments?post=1485"}],"version-history":[{"count":0,"href":"https:\/\/www.b2bgroup.az\/en\/wp-json\/wp\/v2\/pages\/1485\/revisions"}],"up":[{"embeddable":true,"href":"https:\/\/www.b2bgroup.az\/en\/wp-json\/wp\/v2\/pages\/1328"}],"wp:attachment":[{"href":"https:\/\/www.b2bgroup.az\/en\/wp-json\/wp\/v2\/media?parent=1485"}],"curies":[{"name":"wp","href":"https:\/\/api.w.org\/{rel}","templated":true}]}}