{"id":2484,"date":"2025-04-22T17:10:21","date_gmt":"2025-04-22T13:10:21","guid":{"rendered":"https:\/\/test.b2bgroup.az\/?page_id=2484"},"modified":"2025-06-22T15:40:25","modified_gmt":"2025-06-22T11:40:25","slug":"compliance","status":"publish","type":"page","link":"https:\/\/www.b2bgroup.az\/en\/compliance\/","title":{"rendered":"Compliance"},"content":{"rendered":"\t\t<div data-elementor-type=\"wp-page\" data-elementor-id=\"2484\" class=\"elementor elementor-2484\">\n\t\t\t\t\t\t\t\t\t<section class=\"elementor-section elementor-top-section elementor-element elementor-element-4caa471 elementor-section-full_width elementor-section-height-default elementor-section-height-default\" data-id=\"4caa471\" data-element_type=\"section\">\n\t\t\t\t\t\t<div class=\"elementor-container elementor-column-gap-no\">\n\t\t\t\t\t<div class=\"elementor-column elementor-col-100 elementor-top-column elementor-element elementor-element-090d3d5\" data-id=\"090d3d5\" data-element_type=\"column\">\n\t\t\t<div class=\"elementor-widget-wrap elementor-element-populated\">\n\t\t\t\t\t\t\t\t<div class=\"elementor-element elementor-element-c6a81b6 elementor-widget elementor-widget-notech-about\" data-id=\"c6a81b6\" data-element_type=\"widget\" data-widget_type=\"notech-about.default\">\n\t\t\t\t<div class=\"elementor-widget-container\">\n\t\t\t\t<!--Notech More Start-->\r\n\t<section class=\"notech-more notech-more-two\">\r\n\t\t<div class=\"container\">\r\n\t\t\t<div class=\"row\">\r\n\t\t\t\t<div class=\"col-xl-6\">\r\n\t\t\t\t\t<div class=\"notech-more__left\">\r\n\t\t\t\t\t\t<div class=\"section-title text-left\">\r\n\t\t\t\t\t\t\t\t\t\t\t\t\t\t\t<div class=\"section-title__tagline-box\">\r\n\t\t\t\t\t\t\t\t\t<span class=\"section-title__tagline\">Bu b\u00f6lm\u0259 \u015firk\u0259timizin b\u00fct\u00fcn \u0259m\u0259liyyatlar\u0131n\u0131n yerli v\u0259 beyn\u0259lxalq h\u00fcquqi t\u0259l\u0259bl\u0259r\u0259, h\u0259m\u00e7inin daxili etik standartlara uy\u011fun \u015f\u0259kild\u0259 apar\u0131lmas\u0131n\u0131 t\u0259min edir.<\/span>\r\n\t\t\t\t\t\t\t\t\t\t\t\t\t\t\t\t\t\t\t<div class=\"section-title-shape\">\r\n\t\t\t\t\t\t\t\t\t\t\t<img decoding=\"async\" src=\"\" alt=\"\">\r\n\t\t\t\t\t\t\t\t\t\t<\/div>\r\n\t\t\t\t\t\t\t\t\t\t\t\t\t\t\t\t\t<\/div>\r\n\t\t\t\t\t\t\t\t\t\t\t\t\t\t\t\t\t\t\t\t\t\t<h2 class=\"section-title__title\">\n<\/h2>\r\n\t\t\t\t\t\t\t\t\t\t\t\t\t<\/div>\r\n\t\t\t\t\t\t\t\t\t\t\t\t\t<p class=\"notech-more__text\"><p class=\"\">M&uuml;\u015ft\u0259ri m\u0259mnuniyy\u0259tini art\u0131rmaq v\u0259 etik standart v\u0259 d\u0259y\u0259rl\u0259r\u0259 sadiqliyimizi g&uuml;cl\u0259ndirm\u0259k m\u0259qs\u0259dil\u0259 &ldquo;Komplayens&rdquo; formu t\u0259qdim edirik. \u0130T v\u0259 sistem inteqrasiyas\u0131 &uuml;zr\u0259 t\u0259r\u0259fda\u015flar\u0131m\u0131za g&ouml;st\u0259rdiyimiz xidm\u0259tl\u0259rin keyfiyy\u0259tini art\u0131rmaq &uuml;&ccedil;&uuml;n sizin fikirl\u0259riniz bizim &uuml;&ccedil;&uuml;n olduqca &ouml;n\u0259mlidir.<\/p>\n<p class=\"\">Formu doldurduqdan sonra t\u0259qdim etdiyiniz m\u0259lumatlar m&uuml;vafiq qaydada analiz edil\u0259c\u0259k v\u0259 q\u0131sa m&uuml;dd\u0259t \u0259rzind\u0259 sizinl\u0259 \u0259laq\u0259 saxlan\u0131lacaq.<\/p>\n<p>&nbsp;<\/p>\n<p>Z\u0259hm\u0259t olmasa, a\u015fa\u011f\u0131dak\u0131 m\u0259qamlar\u0131 n\u0259z\u0259r\u0259 al\u0131n:<br \/>* M\u0259lumatlar tam m\u0259xfi saxlan\u0131l\u0131r v\u0259 anonimliyiniz t\u0259min edilir.<br \/>* Daha effektiv ara\u015fd\u0131rma &uuml;&ccedil;&uuml;n \u0259trafl\u0131 v\u0259 \u0259sasland\u0131r\u0131lm\u0131\u015f m\u0259lumat t\u0259qdim etm\u0259yiniz xahi\u015f olunur. \u018fg\u0259r varsa, s&uuml;butlar\u0131 da \u0259lav\u0259 ed\u0259 bil\u0259rsiniz (m\u0259s\u0259l\u0259n, ekran g&ouml;r&uuml;nt&uuml;s&uuml;, s\u0259n\u0259d v\u0259 s.).<br \/>* Bildiril\u0259n irad v\u0259 ya t\u0259klifl\u0259r real v\u0259 t\u0259sdiql\u0259n\u0259 bil\u0259n faktlara \u0259saslanmal\u0131d\u0131r. Yalan v\u0259 ya saxta m\u0259lumat verm\u0259kd\u0259n &ccedil;\u0259kinm\u0259yiniz vacibdir.<\/p>\n<p>&nbsp;<\/p>\n<p><strong>Texnologiya v\u0259 xidm\u0259t keyfiyy\u0259tind\u0259 \u015f\u0259ffafl\u0131\u011f\u0131 d\u0259st\u0259kl\u0259diyiniz &uuml;&ccedil;&uuml;n t\u0259\u015f\u0259kk&uuml;r edirik!<\/strong><\/p><\/p>\r\n\t\t\t\t\t\t\t\t\t\t\t\t\t\t\t\t\t\t\t<ul class=\"list-unstyled notech-more__points ml-0\">\r\n\t\t\t\t\t\t\t\t\t\t\t\t\t\t\t<\/ul>\r\n\t\t\t\t\t\t\t\t\t\t\t<\/div>\r\n\t\t\t\t<\/div>\r\n\t\t\t\t<div class=\"col-xl-6\">\r\n\t\t\t\t\t<div class=\"notech-more__right\">\r\n\t\t\t\t\t\t<div class=\"notech-more__img wow slideInRight\" data-wow-delay=\"100ms\" data-wow-duration=\"2500ms\">\r\n\t\t\t\t\t\t\t\t\t\t\t\t\t\t\t<img decoding=\"async\" src=\"\" alt=\"\">\r\n\t\t\t\t\t\t\t\t\t\t\t\t\t<\/div>\r\n\t\t\t\t\t<\/div>\r\n\t\t\t\t<\/div>\r\n\t\t\t<\/div>\r\n\t\t<\/div>\r\n\t<\/section>\r\n\t<!--Notech More End-->\r\n\t\t<\/div>\n\t\t\t\t<\/div>\n\t\t\t\t\t<\/div>\n\t\t<\/div>\n\t\t\t\t\t\t\t<\/div>\n\t\t<\/section>\n\t\t<div class=\"elementor-element elementor-element-9eb82fb e-flex e-con-boxed e-con e-parent\" data-id=\"9eb82fb\" data-element_type=\"container\" data-settings=\"{&quot;content_width&quot;:&quot;boxed&quot;}\" data-core-v316-plus=\"true\">\n\t\t\t\t\t<div class=\"e-con-inner\">\n\t\t\t\t<div class=\"elementor-element elementor-element-ff71978 elementor-widget elementor-widget-wpforms\" data-id=\"ff71978\" data-element_type=\"widget\" data-widget_type=\"wpforms.default\">\n\t\t\t\t<div class=\"elementor-widget-container\">\n\t\t\t<style id=\"wpforms-css-vars-elementor-widget-ff71978\">\n\t\t\t\t.elementor-widget-wpforms.elementor-element-ff71978 {\n\t\t\t\t--wpforms-field-size-input-height: 43px;\n--wpforms-field-size-input-spacing: 15px;\n--wpforms-field-size-font-size: 16px;\n--wpforms-field-size-line-height: 19px;\n--wpforms-field-size-padding-h: 14px;\n--wpforms-field-size-checkbox-size: 16px;\n--wpforms-field-size-sublabel-spacing: 5px;\n--wpforms-field-size-icon-size: 1;\n--wpforms-label-size-font-size: 16px;\n--wpforms-label-size-line-height: 19px;\n--wpforms-label-size-sublabel-font-size: 14px;\n--wpforms-label-size-sublabel-line-height: 17px;\n--wpforms-button-size-font-size: 17px;\n--wpforms-button-size-height: 41px;\n--wpforms-button-size-padding-h: 15px;\n--wpforms-button-size-margin-top: 10px;\n\n\t\t\t}\n\t\t\t<\/style><div class=\"wpforms-container wpforms-container-full wpforms-render-modern\" id=\"wpforms-2480\"><form id=\"wpforms-form-2480\" class=\"wpforms-validate wpforms-form wpforms-ajax-form\" data-formid=\"2480\" method=\"post\" enctype=\"multipart\/form-data\" action=\"\/en\/wp-json\/wp\/v2\/pages\/2484?wpforms_form_id=2480\" data-token=\"2ac41af0d5e0629943fd264ba5e03f8a\" data-token-time=\"1776420189\"><noscript class=\"wpforms-error-noscript\">Please enable JavaScript in your browser to complete this form.<\/noscript><div class=\"wpforms-hidden\" id=\"wpforms-error-noscript\">Please enable JavaScript in your browser to complete this form.<\/div><div class=\"wpforms-field-container\"><div id=\"wpforms-2480-field_2-container\" class=\"wpforms-field wpforms-field-html\" data-field-id=\"2\"><div id=\"wpforms-2480-field_2\" aria-errormessage=\"wpforms-2480-field_2-error\"><h2>\u015e\u0259xsi M\u0259lumatlar<\/h2><\/div><\/div><div id=\"wpforms-2480-field_3-container\" class=\"wpforms-field wpforms-field-name\" data-field-id=\"3\"><fieldset><legend class=\"wpforms-field-label\">Tam ad\u0131n\u0131z <span class=\"wpforms-required-label\" aria-hidden=\"true\">*<\/span><\/legend><div class=\"wpforms-field-row wpforms-field-medium\"><div class=\"wpforms-field-row-block wpforms-first wpforms-one-half\"><input type=\"text\" id=\"wpforms-2480-field_3\" class=\"wpforms-field-name-first wpforms-field-required\" name=\"wpforms[fields][3][first]\" aria-errormessage=\"wpforms-2480-field_3-error\" required><label for=\"wpforms-2480-field_3\" class=\"wpforms-field-sublabel after\">First<\/label><\/div><div class=\"wpforms-field-row-block wpforms-one-half\"><input type=\"text\" id=\"wpforms-2480-field_3-last\" class=\"wpforms-field-name-last wpforms-field-required\" name=\"wpforms[fields][3][last]\" aria-errormessage=\"wpforms-2480-field_3-last-error\" required><label for=\"wpforms-2480-field_3-last\" class=\"wpforms-field-sublabel after\">Last<\/label><\/div><\/div><\/fieldset><\/div><div id=\"wpforms-2480-field_4-container\" class=\"wpforms-field wpforms-field-phone\" data-field-id=\"4\"><label class=\"wpforms-field-label\" for=\"wpforms-2480-field_4\">\u018flaq\u0259 n\u00f6mr\u0259si <span class=\"wpforms-required-label\" aria-hidden=\"true\">*<\/span><\/label><input type=\"tel\" id=\"wpforms-2480-field_4\" class=\"wpforms-field-medium wpforms-field-required wpforms-smart-phone-field\" data-rule-smart-phone-field=\"true\" name=\"wpforms[fields][4]\" aria-label=\"\u018flaq\u0259 n\u00f6mr\u0259si\" aria-errormessage=\"wpforms-2480-field_4-error\" required><\/div><div id=\"wpforms-2480-field_5-container\" class=\"wpforms-field wpforms-field-email\" data-field-id=\"5\"><label class=\"wpforms-field-label\" for=\"wpforms-2480-field_5\">E-po\u00e7t <span class=\"wpforms-required-label\" aria-hidden=\"true\">*<\/span><\/label><input type=\"email\" id=\"wpforms-2480-field_5\" class=\"wpforms-field-medium wpforms-field-required\" name=\"wpforms[fields][5]\" spellcheck=\"false\" aria-errormessage=\"wpforms-2480-field_5-error\" required><\/div><div id=\"wpforms-2480-field_7-container\" class=\"wpforms-field wpforms-field-checkbox\" data-field-id=\"7\"><fieldset><legend class=\"wpforms-field-label\">\u015eikay\u0259t v\u0259 t\u0259klif kateqoriyas\u0131 <span class=\"wpforms-required-label\" aria-hidden=\"true\">*<\/span><\/legend><ul id=\"wpforms-2480-field_7\" class=\"wpforms-field-required\"><li class=\"choice-1 depth-1\"><input type=\"checkbox\" id=\"wpforms-2480-field_7_1\" name=\"wpforms[fields][7][]\" value=\"Pe\u015f\u0259kar v\u0259 etik davran\u0131\u015f qaydalar\u0131n\u0131n pozulmas\u0131\" aria-errormessage=\"wpforms-2480-field_7_1-error\" required ><label class=\"wpforms-field-label-inline\" for=\"wpforms-2480-field_7_1\">Pe\u015f\u0259kar v\u0259 etik davran\u0131\u015f qaydalar\u0131n\u0131n pozulmas\u0131<\/label><\/li><li class=\"choice-2 depth-1\"><input type=\"checkbox\" id=\"wpforms-2480-field_7_2\" name=\"wpforms[fields][7][]\" value=\"Texniki d\u0259st\u0259k v\u0259 ya layih\u0259 icras\u0131nda laqeyd yana\u015fma\" aria-errormessage=\"wpforms-2480-field_7_2-error\" required ><label class=\"wpforms-field-label-inline\" for=\"wpforms-2480-field_7_2\">Texniki d\u0259st\u0259k v\u0259 ya layih\u0259 icras\u0131nda laqeyd yana\u015fma<\/label><\/li><li class=\"choice-3 depth-1\"><input type=\"checkbox\" id=\"wpforms-2480-field_7_3\" name=\"wpforms[fields][7][]\" value=\"M\u0259xfi m\u0259lumatlar\u0131n 3-c\u00fc t\u0259r\u0259fl\u0259r\u0259 a\u00e7\u0131qlanmas\u0131\" aria-errormessage=\"wpforms-2480-field_7_3-error\" required ><label class=\"wpforms-field-label-inline\" for=\"wpforms-2480-field_7_3\">M\u0259xfi m\u0259lumatlar\u0131n 3-c\u00fc t\u0259r\u0259fl\u0259r\u0259 a\u00e7\u0131qlanmas\u0131<\/label><\/li><li class=\"choice-4 depth-1\"><input type=\"checkbox\" id=\"wpforms-2480-field_7_4\" name=\"wpforms[fields][7][]\" value=\"R\u0259qab\u0259t\u0259 zidd v\u0259 ya qeyri-qanuni f\u0259aliyy\u0259t (m\u0259s\u0259l\u0259n: korrupsiya, d\u0259l\u0259duzluq)\" aria-errormessage=\"wpforms-2480-field_7_4-error\" required ><label class=\"wpforms-field-label-inline\" for=\"wpforms-2480-field_7_4\">R\u0259qab\u0259t\u0259 zidd v\u0259 ya qeyri-qanuni f\u0259aliyy\u0259t (m\u0259s\u0259l\u0259n: korrupsiya, d\u0259l\u0259duzluq)<\/label><\/li><li class=\"choice-5 depth-1\"><input type=\"checkbox\" id=\"wpforms-2480-field_7_5\" name=\"wpforms[fields][7][]\" value=\"Dig\u0259r hallar\" aria-errormessage=\"wpforms-2480-field_7_5-error\" required ><label class=\"wpforms-field-label-inline\" for=\"wpforms-2480-field_7_5\">Dig\u0259r hallar<\/label><\/li><\/ul><\/fieldset><\/div><div id=\"wpforms-2480-field_8-container\" class=\"wpforms-field wpforms-field-html\" data-field-id=\"8\"><div id=\"wpforms-2480-field_8\" aria-errormessage=\"wpforms-2480-field_8-error\"><h2>\u015eikay\u0259t v\u0259 ya t\u0259klif haqq\u0131nda t\u0259f\u0259rr\u00fcatlar<\/h2><\/div><\/div><div id=\"wpforms-2480-field_9-container\" class=\"wpforms-field wpforms-field-date-time\" data-field-id=\"9\"><fieldset><legend class=\"wpforms-field-label\">Tarix \/ saat <span class=\"wpforms-required-label\" aria-hidden=\"true\">*<\/span><\/legend><div class=\"wpforms-field-row wpforms-field-medium\"><div class=\"wpforms-field-row-block wpforms-date-type-datepicker\"><div class=\"wpforms-datepicker-wrap\"><input type=\"text\" id=\"wpforms-2480-field_9\" class=\"wpforms-field-date-time-date wpforms-datepicker wpforms-field-required\" data-date-format=\"m\/d\/Y\" data-disable-past-dates=\"0\" data-input=\"true\" name=\"wpforms[fields][9][date]\" aria-errormessage=\"wpforms-2480-field_9-error\" required><a title=\"Clear Date\" data-clear class=\"wpforms-datepicker-clear\" style=\"display:none;\"><\/a><\/div><label for=\"wpforms-2480-field_9\" class=\"wpforms-field-sublabel after\">Date<\/label><\/div><div class=\"wpforms-field-row-block\"><input type=\"text\" id=\"wpforms-2480-field_9-time\" class=\"wpforms-field-date-time-time wpforms-timepicker wpforms-field-required\" data-time-format=\"g:i A\" data-step=\"30\" data-rule-time12h=\"true\" name=\"wpforms[fields][9][time]\" aria-errormessage=\"wpforms-2480-field_9-time-error\" required><label for=\"wpforms-2480-field_9-time\" class=\"wpforms-field-sublabel after\">Time<\/label><\/div><\/div><\/fieldset><\/div><div id=\"wpforms-2480-field_14-container\" class=\"wpforms-field wpforms-field-text\" data-field-id=\"14\"><label class=\"wpforms-field-label\" for=\"wpforms-2480-field_14\">Hadis\u0259nin ba\u015f verdiyi \u00fcnvan <span class=\"wpforms-required-label\" aria-hidden=\"true\">*<\/span><\/label><input type=\"text\" id=\"wpforms-2480-field_14\" class=\"wpforms-field-medium wpforms-field-required\" name=\"wpforms[fields][14]\" aria-errormessage=\"wpforms-2480-field_14-error\" required><\/div><div id=\"wpforms-2480-field_11-container\" class=\"wpforms-field wpforms-field-textarea\" data-field-id=\"11\"><label class=\"wpforms-field-label\" for=\"wpforms-2480-field_11\">Hadis\u0259nin t\u0259sviri <span class=\"wpforms-required-label\" aria-hidden=\"true\">*<\/span><\/label><textarea id=\"wpforms-2480-field_11\" class=\"wpforms-field-medium wpforms-field-required\" name=\"wpforms[fields][11]\" aria-errormessage=\"wpforms-2480-field_11-error\" required><\/textarea><\/div><div id=\"wpforms-2480-field_12-container\" class=\"wpforms-field wpforms-field-file-upload\" data-field-id=\"12\"><label class=\"wpforms-field-label\" for=\"wpforms-2480-field_12\">Fayllar\u0131n y\u00fckl\u0259nm\u0259si (\u0259g\u0259r varsa)<\/label><div\n\t\tclass=\"wpforms-uploader\"\n\t\tdata-field-id=\"12\"\n\t\tdata-form-id=\"2480\"\n\t\tdata-input-name=\"wpforms_2480_12\"\n\t\tdata-extensions=\"jpg,jpeg,jpe,gif,png,bmp,tiff,tif,webp,avif,ico,heic,heif,heics,heifs,asf,asx,wmv,wmx,wm,avi,divx,mov,qt,mpeg,mpg,mpe,mp4,m4v,ogv,webm,mkv,3gp,3gpp,3g2,3gp2,txt,asc,c,cc,h,srt,csv,tsv,ics,rtx,css,vtt,mp3,m4a,m4b,aac,ra,ram,wav,x-wav,ogg,oga,flac,mid,midi,wma,wax,mka,rtf,pdf,class,tar,zip,gz,gzip,rar,7z,psd,xcf,doc,pot,pps,ppt,wri,xla,xls,xlt,xlw,mpp,docx,docm,dotx,dotm,xlsx,xlsm,xlsb,xltx,xltm,xlam,pptx,pptm,ppsx,ppsm,potx,potm,ppam,sldx,sldm,onetoc,onetoc2,onepkg,oxps,xps,odt,odp,ods,odg,odc,odb,odf,wp,wpd,key,numbers,pages,svg\"\n\t\tdata-max-size=\"1073741824\"\n\t\tdata-max-file-number=\"1\"\n\t\tdata-post-max-size=\"1073741824\"\n\t\tdata-max-parallel-uploads=\"4\"\n\t\tdata-parallel-uploads=\"true\"\n\t\tdata-file-chunk-size=\"2097152\">\n\t<div class=\"dz-message\">\n\t\t<svg viewBox=\"0 0 1024 1024\" focusable=\"false\" data-icon=\"inbox\" width=\"50px\" height=\"50px\" fill=\"currentColor\" aria-hidden=\"true\">\n\t\t\t<path d=\"M885.2 446.3l-.2-.8-112.2-285.1c-5-16.1-19.9-27.2-36.8-27.2H281.2c-17 0-32.1 11.3-36.9 27.6L139.4 443l-.3.7-.2.8c-1.3 4.9-1.7 9.9-1 14.8-.1 1.6-.2 3.2-.2 4.8V830a60.9 60.9 0 0 0 60.8 60.8h627.2c33.5 0 60.8-27.3 60.9-60.8V464.1c0-1.3 0-2.6-.1-3.7.4-4.9 0-9.6-1.3-14.1zm-295.8-43l-.3 15.7c-.8 44.9-31.8 75.1-77.1 75.1-22.1 0-41.1-7.1-54.8-20.6S436 441.2 435.6 419l-.3-15.7H229.5L309 210h399.2l81.7 193.3H589.4zm-375 76.8h157.3c24.3 57.1 76 90.8 140.4 90.8 33.7 0 65-9.4 90.3-27.2 22.2-15.6 39.5-37.4 50.7-63.6h156.5V814H214.4V480.1z\"><\/path>\n\t\t<\/svg>\n\t\t<span class=\"modern-title\">Click or drag a file to this area to upload.<\/span>\n\n\t\t\t<\/div>\n<\/div>\n<input\n\t\ttype=\"text\"\n\t\tautocomplete=\"off\"\n\t\treadonly\n\t\tclass=\"dropzone-input\"\n\t\tstyle=\"position:absolute!important;clip:rect(0,0,0,0)!important;height:1px!important;width:1px!important;border:0!important;overflow:hidden!important;padding:0!important;margin:0!important;\"\n\t\tid=\"wpforms-2480-field_12\"\n\t\tname=\"wpforms_2480_12\" \t\tvalue=\"\">\n<\/div><div id=\"wpforms-2480-field_13-container\" class=\"wpforms-field wpforms-field-checkbox\" data-field-id=\"13\"><fieldset><legend class=\"wpforms-field-label\">Sizin \u015f\u0259xsi m\u0259lumatlar\u0131n\u0131z tam m\u0259xfi saxlan\u0131lacaq v\u0259 \u00fc\u00e7\u00fcnc\u00fc t\u0259r\u0259fl\u0259rl\u0259 payla\u015f\u0131lmayacaq. <span class=\"wpforms-required-label\" aria-hidden=\"true\">*<\/span><\/legend><ul id=\"wpforms-2480-field_13\" class=\"wpforms-field-required\"><li class=\"choice-1 depth-1\"><input type=\"checkbox\" id=\"wpforms-2480-field_13_1\" name=\"wpforms[fields][13][]\" value=\"\u00a0\u00a0M\u0259lumatlar\u0131n do\u011frulu\u011funu t\u0259sdiql\u0259yir\u0259m\" aria-errormessage=\"wpforms-2480-field_13_1-error\" required ><label class=\"wpforms-field-label-inline\" for=\"wpforms-2480-field_13_1\">\u00a0\u00a0M\u0259lumatlar\u0131n do\u011frulu\u011funu t\u0259sdiql\u0259yir\u0259m<\/label><\/li><\/ul><\/fieldset><\/div><\/div><!-- .wpforms-field-container --><div class=\"wpforms-submit-container\" ><input type=\"hidden\" name=\"wpforms[id]\" value=\"2480\"><input type=\"hidden\" name=\"page_title\" value=\"\"><input type=\"hidden\" name=\"page_url\" value=\"https:\/\/www.b2bgroup.az\/en\/wp-json\/wp\/v2\/pages\/2484\"><input type=\"hidden\" name=\"url_referer\" value=\"\"><button type=\"submit\" name=\"wpforms[submit]\" id=\"wpforms-submit-2480\" class=\"wpforms-submit\" data-alt-text=\"G\u00f6nd\u0259rilir...\" data-submit-text=\"G\u00d6ND\u018fR\" aria-live=\"assertive\" value=\"wpforms-submit\">G\u00d6ND\u018fR<\/button><img decoding=\"async\" src=\"https:\/\/www.b2bgroup.az\/wp-content\/plugins\/wpforms\/assets\/images\/submit-spin.svg\" class=\"wpforms-submit-spinner\" style=\"display: none;\" width=\"26\" height=\"26\" alt=\"Loading\"><\/div><\/form><\/div>  <!-- .wpforms-container -->\t\t<\/div>\n\t\t\t\t<\/div>\n\t\t\t\t\t<\/div>\n\t\t\t\t<\/div>\n\t\t\t\t\t\t\t<\/div>\n\t\t","protected":false},"excerpt":{"rendered":"<p>Bu b\u00f6lm\u0259 \u015firk\u0259timizin b\u00fct\u00fcn \u0259m\u0259liyyatlar\u0131n\u0131n yerli v\u0259 beyn\u0259lxalq h\u00fcquqi t\u0259l\u0259bl\u0259r\u0259, h\u0259m\u00e7inin daxili etik standartlara uy\u011fun \u015f\u0259kild\u0259 apar\u0131lmas\u0131n\u0131 t\u0259min edir. M\u00fc\u015ft\u0259ri m\u0259mnuniyy\u0259tini art\u0131rmaq v\u0259 etik standart v\u0259 d\u0259y\u0259rl\u0259r\u0259 sadiqliyimizi g\u00fccl\u0259ndirm\u0259k m\u0259qs\u0259dil\u0259 \u201cKomplayens\u201d formu t\u0259qdim edirik. \u0130T v\u0259 sistem inteqrasiyas\u0131 \u00fczr\u0259 t\u0259r\u0259fda\u015flar\u0131m\u0131za g\u00f6st\u0259rdiyimiz xidm\u0259tl\u0259rin keyfiyy\u0259tini art\u0131rmaq \u00fc\u00e7\u00fcn sizin fikirl\u0259riniz bizim \u00fc\u00e7\u00fcn olduqca \u00f6n\u0259mlidir. Formu doldurduqdan sonra t\u0259qdim [&hellip;]<\/p>\n","protected":false},"author":1,"featured_media":0,"parent":0,"menu_order":0,"comment_status":"closed","ping_status":"closed","template":"elementor_header_footer","meta":{"footnotes":""},"class_list":["post-2484","page","type-page","status-publish","hentry"],"_links":{"self":[{"href":"https:\/\/www.b2bgroup.az\/en\/wp-json\/wp\/v2\/pages\/2484","targetHints":{"allow":["GET"]}}],"collection":[{"href":"https:\/\/www.b2bgroup.az\/en\/wp-json\/wp\/v2\/pages"}],"about":[{"href":"https:\/\/www.b2bgroup.az\/en\/wp-json\/wp\/v2\/types\/page"}],"author":[{"embeddable":true,"href":"https:\/\/www.b2bgroup.az\/en\/wp-json\/wp\/v2\/users\/1"}],"replies":[{"embeddable":true,"href":"https:\/\/www.b2bgroup.az\/en\/wp-json\/wp\/v2\/comments?post=2484"}],"version-history":[{"count":0,"href":"https:\/\/www.b2bgroup.az\/en\/wp-json\/wp\/v2\/pages\/2484\/revisions"}],"wp:attachment":[{"href":"https:\/\/www.b2bgroup.az\/en\/wp-json\/wp\/v2\/media?parent=2484"}],"curies":[{"name":"wp","href":"https:\/\/api.w.org\/{rel}","templated":true}]}}