{"id":1338,"date":"2022-04-11T11:15:41","date_gmt":"2022-04-11T11:15:41","guid":{"rendered":"http:\/\/test.b2bgroup.az\/?page_id=62"},"modified":"2025-06-24T19:48:48","modified_gmt":"2025-06-24T15:48:48","slug":"%d1%81%d0%bb%d1%83%d0%b6%d0%b1%d0%b0-%d0%bf%d0%be%d0%b4%d0%b4%d0%b5%d1%80%d0%b6%d0%ba%d0%b8-%d0%b8-%d0%b0%d1%83%d1%82%d1%81%d0%be%d1%80%d1%81%d0%b8%d0%bd%d0%b3-%d0%b8%d1%82-%d1%85%d0%b5%d0%bb%d0%bb","status":"publish","type":"page","link":"https:\/\/www.b2bgroup.az\/ru\/xidmetler\/helpdesk-ve-it-outsorsinq-helleri\/","title":{"rendered":"\u0420\u0435\u0448\u0435\u043d\u0438\u044f \u0434\u043b\u044f \u0441\u043b\u0443\u0436\u0431\u044b \u043f\u043e\u0434\u0434\u0435\u0440\u0436\u043a\u0438 \u0438 \u0430\u0443\u0442\u0441\u043e\u0440\u0441\u0438\u043d\u0433\u0430 \u0418\u0422"},"content":{"rendered":"\t\t<div data-elementor-type=\"wp-page\" data-elementor-id=\"1338\" class=\"elementor elementor-1338\">\n\t\t\t\t\t\t\t\t\t<section class=\"elementor-section elementor-top-section elementor-element elementor-element-fff37e8 elementor-section-boxed elementor-section-height-default elementor-section-height-default\" data-id=\"fff37e8\" data-element_type=\"section\">\n\t\t\t\t\t\t<div class=\"elementor-container elementor-column-gap-no\">\n\t\t\t\t\t<div class=\"elementor-column elementor-col-50 elementor-top-column elementor-element elementor-element-c4f7e65\" data-id=\"c4f7e65\" data-element_type=\"column\">\n\t\t\t<div class=\"elementor-widget-wrap elementor-element-populated\">\n\t\t\t\t\t\t\t\t<div class=\"elementor-element elementor-element-9289fbd elementor-widget elementor-widget-notech-sidebar-nav\" data-id=\"9289fbd\" data-element_type=\"widget\" data-widget_type=\"notech-sidebar-nav.default\">\n\t\t\t\t<div class=\"elementor-widget-container\">\n\t\t\t\r\n    <div class=\"service-details__service\">\r\n                    <h3 class=\"service-details__title\">Xidm\u0259tl\u0259r<\/h3>\r\n                <div class=\"menu-service-menu-container\"><ul id=\"menu-service-menu\" class=\"service-details__service-list list-unstyled\"><li id=\"menu-item-2196\" class=\"menu-item menu-item-type-post_type menu-item-object-page menu-item-2196\"><a href=\"https:\/\/www.b2bgroup.az\/ru\/xidmetler\/biznes-proseslerinin-davamliligi-helleri\/\"><span class=\"fa fa-long-arrow-alt-right\"><\/span>Biznes Prosesl\u0259rinin Davaml\u0131l\u0131\u011f\u0131 H\u0259ll\u0259ri<\/a><\/li>\n<li id=\"menu-item-2197\" class=\"menu-item menu-item-type-post_type menu-item-object-page menu-item-2197\"><a href=\"https:\/\/www.b2bgroup.az\/ru\/xidmetler\/biznes-texnologiyalarinin-optimizasiyasi-helleri\/\"><span class=\"fa fa-long-arrow-alt-right\"><\/span>Biznes Texnologiyalar\u0131n\u0131n Optimizasiyas\u0131 H\u0259ll\u0259ri<\/a><\/li>\n<li id=\"menu-item-2198\" class=\"menu-item menu-item-type-post_type menu-item-object-page menu-item-2198\"><a href=\"https:\/\/www.b2bgroup.az\/ru\/xidmetler\/chagri-merkezi-helleri\/\"><span class=\"fa fa-long-arrow-alt-right\"><\/span>\u00c7a\u011fr\u0131 M\u0259rk\u0259zi H\u0259ll\u0259ri<\/a><\/li>\n<li id=\"menu-item-2199\" class=\"menu-item menu-item-type-post_type menu-item-object-page menu-item-2199\"><a href=\"https:\/\/www.b2bgroup.az\/ru\/xidmetler\/data-merkezi-helleri\/\"><span class=\"fa fa-long-arrow-alt-right\"><\/span>Data M\u0259rk\u0259zi H\u0259ll\u0259ri<\/a><\/li>\n<li id=\"menu-item-2200\" class=\"menu-item menu-item-type-post_type menu-item-object-page menu-item-2200\"><a href=\"https:\/\/www.b2bgroup.az\/ru\/xidmetler\/elektrifikasiya-ve-soyutma-helleri\/\"><span class=\"fa fa-long-arrow-alt-right\"><\/span>Elektrifikasiya v\u0259 Soyutma H\u0259ll\u0259ri<\/a><\/li>\n<li id=\"menu-item-2201\" class=\"menu-item menu-item-type-post_type menu-item-object-page menu-item-2201\"><a href=\"https:\/\/www.b2bgroup.az\/ru\/xidmetler\/helpdesk-ve-it-outsorsinq-helleri\/\"><span class=\"fa fa-long-arrow-alt-right\"><\/span>Helpdesk v\u0259 \u0130T Outsorsinq H\u0259ll\u0259ri<\/a><\/li>\n<li id=\"menu-item-2202\" class=\"menu-item menu-item-type-post_type menu-item-object-page menu-item-2202\"><a href=\"https:\/\/www.b2bgroup.az\/ru\/xidmetler\/infrastruktur-destek-helleri\/\"><span class=\"fa fa-long-arrow-alt-right\"><\/span>\u0130nfrastruktur D\u0259st\u0259k H\u0259ll\u0259ri<\/a><\/li>\n<li id=\"menu-item-2203\" class=\"menu-item menu-item-type-post_type menu-item-object-page menu-item-2203\"><a href=\"https:\/\/www.b2bgroup.az\/ru\/xidmetler\/korporativ-it-tehlukesizlik-helleri\/\"><span class=\"fa fa-long-arrow-alt-right\"><\/span>Korporativ \u0130T T\u0259hl\u00fck\u0259sizlik H\u0259ll\u0259ri<\/a><\/li>\n<li id=\"menu-item-2204\" class=\"menu-item menu-item-type-post_type menu-item-object-page menu-item-2204\"><a href=\"https:\/\/www.b2bgroup.az\/ru\/xidmetler\/vahid-kommunikasiya-helleri\/\"><span class=\"fa fa-long-arrow-alt-right\"><\/span>Vahid Kommunikasiya H\u0259ll\u0259ri<\/a><\/li>\n<\/ul><\/div>\r\n    <\/div>\r\n\t\t<\/div>\n\t\t\t\t<\/div>\n\t\t\t\t<div class=\"elementor-element elementor-element-3ffa25a elementor-widget elementor-widget-notech-sidebar-call-to-action\" data-id=\"3ffa25a\" data-element_type=\"widget\" data-widget_type=\"notech-sidebar-call-to-action.default\">\n\t\t\t\t<div class=\"elementor-widget-container\">\n\t\t\t    <div class=\"service-details__need-help\">\r\n                    <div class=\"service-details__need-help-bg\" style=\"background-image: url(http:\/\/b2bgroup.az\/wp-content\/uploads\/2025\/04\/Asan-h\u0259ll.jpg)\"><\/div>\r\n                            <div class=\"service-details__need-help-icon\">\r\n                <img decoding=\"async\" src=\"http:\/\/b2bgroup.az\/wp-content\/uploads\/2022\/04\/main-menu-icon-comment-B2B.png\" alt=\"\">\r\n            <\/div>\r\n                <h2 class=\"service-details__need-help-title\">Texnoloji problemler  <br> \u00fc\u00e7\u00fcn asan<br> h\u0259ll<\/h2>\r\n        <div class=\"service-details__need-help-contact\">\r\n            <p>Sual\u0131n\u0131z var?<\/p>\r\n            <a href=\"tel:994123101178\"><span>Z\u0259ng edin: <\/span> +994 (12) 310 11 78<\/a>\r\n        <\/div>\r\n    <\/div>\r\n\t\t<\/div>\n\t\t\t\t<\/div>\n\t\t\t\t<div class=\"elementor-element elementor-element-783889c elementor-widget elementor-widget-notech-button\" data-id=\"783889c\" data-element_type=\"widget\" data-widget_type=\"notech-button.default\">\n\t\t\t\t<div class=\"elementor-widget-container\">\n\t\t\t    <div class=\"service-details__download\">\r\n                    <a target=_blank href=\"mailto:info@b2bgroup.az\" class=\"thm-btn service-details__download-btn\">E-po\u00e7t g\u00f6nd\u0259r<\/a>\r\n            <\/div>\r\n\t\t<\/div>\n\t\t\t\t<\/div>\n\t\t\t\t\t<\/div>\n\t\t<\/div>\n\t\t\t\t<div class=\"elementor-column elementor-col-50 elementor-top-column elementor-element elementor-element-dda71dc\" data-id=\"dda71dc\" data-element_type=\"column\">\n\t\t\t<div class=\"elementor-widget-wrap elementor-element-populated\">\n\t\t\t\t\t\t\t\t<div class=\"elementor-element elementor-element-a92301d elementor-widget elementor-widget-image\" data-id=\"a92301d\" data-element_type=\"widget\" data-widget_type=\"image.default\">\n\t\t\t\t<div class=\"elementor-widget-container\">\n\t\t\t<style>\/*! elementor - v3.18.0 - 20-12-2023 *\/\n.elementor-widget-image{text-align:center}.elementor-widget-image a{display:inline-block}.elementor-widget-image a img[src$=\".svg\"]{width:48px}.elementor-widget-image img{vertical-align:middle;display:inline-block}<\/style>\t\t\t\t\t\t\t\t\t\t\t\t<img fetchpriority=\"high\" decoding=\"async\" width=\"770\" height=\"428\" src=\"https:\/\/www.b2bgroup.az\/wp-content\/uploads\/2025\/04\/Helpdesk-v\u0259-IT-Outsorsinq-H\u0259ll\u0259ri.jpg\" class=\"attachment-post-thumbnail size-post-thumbnail wp-image-2265\" alt=\"\" srcset=\"https:\/\/www.b2bgroup.az\/wp-content\/uploads\/2025\/04\/Helpdesk-v\u0259-IT-Outsorsinq-H\u0259ll\u0259ri.jpg 770w, https:\/\/www.b2bgroup.az\/wp-content\/uploads\/2025\/04\/Helpdesk-v\u0259-IT-Outsorsinq-H\u0259ll\u0259ri-300x167.jpg 300w, https:\/\/www.b2bgroup.az\/wp-content\/uploads\/2025\/04\/Helpdesk-v\u0259-IT-Outsorsinq-H\u0259ll\u0259ri-768x427.jpg 768w, https:\/\/www.b2bgroup.az\/wp-content\/uploads\/2025\/04\/Helpdesk-v\u0259-IT-Outsorsinq-H\u0259ll\u0259ri-18x10.jpg 18w\" sizes=\"(max-width: 770px) 100vw, 770px\">\t\t\t\t\t\t\t\t\t\t\t\t\t\t\t<\/div>\n\t\t\t\t<\/div>\n\t\t\t\t<div class=\"elementor-element elementor-element-c2dddbb elementor-widget elementor-widget-heading\" data-id=\"c2dddbb\" data-element_type=\"widget\" data-widget_type=\"heading.default\">\n\t\t\t\t<div class=\"elementor-widget-container\">\n\t\t\t<style>\/*! elementor - v3.18.0 - 20-12-2023 *\/\n.elementor-heading-title{padding:0;margin:0;line-height:1}.elementor-widget-heading .elementor-heading-title[class*=elementor-size-]>a{color:inherit;font-size:inherit;line-height:inherit}.elementor-widget-heading .elementor-heading-title.elementor-size-small{font-size:15px}.elementor-widget-heading .elementor-heading-title.elementor-size-medium{font-size:19px}.elementor-widget-heading .elementor-heading-title.elementor-size-large{font-size:29px}.elementor-widget-heading .elementor-heading-title.elementor-size-xl{font-size:39px}.elementor-widget-heading .elementor-heading-title.elementor-size-xxl{font-size:59px}<\/style><h2 class=\"elementor-heading-title elementor-size-default\">Helpdesk v\u0259 \u0130T Outsorsinq H\u0259ll\u0259ri<\/h2>\t\t<\/div>\n\t\t\t\t<\/div>\n\t\t\t\t<div class=\"elementor-element elementor-element-9b12986 elementor-widget elementor-widget-text-editor\" data-id=\"9b12986\" data-element_type=\"widget\" data-widget_type=\"text-editor.default\">\n\t\t\t\t<div class=\"elementor-widget-container\">\n\t\t\t<style>\/*! elementor - v3.18.0 - 20-12-2023 *\/\n.elementor-widget-text-editor.elementor-drop-cap-view-stacked .elementor-drop-cap{background-color:#69727d;color:#fff}.elementor-widget-text-editor.elementor-drop-cap-view-framed .elementor-drop-cap{color:#69727d;border:3px solid;background-color:transparent}.elementor-widget-text-editor:not(.elementor-drop-cap-view-default) .elementor-drop-cap{margin-top:8px}.elementor-widget-text-editor:not(.elementor-drop-cap-view-default) .elementor-drop-cap-letter{width:1em;height:1em}.elementor-widget-text-editor .elementor-drop-cap{float:left;text-align:center;line-height:1;font-size:50px}.elementor-widget-text-editor .elementor-drop-cap-letter{display:inline-block}<\/style>\t\t\t\t<p>R\u0259q\u0259msal d\u00f6vrd\u0259 biznesl\u0259rin \u00e7evik v\u0259 fasil\u0259siz i\u015fl\u0259m\u0259si \u00fc\u00e7\u00fcn texniki probleml\u0259r\u0259 s\u00fcr\u0259tli v\u0259 effektiv yana\u015fma vacibdir. Daxili resurslar\u0131n m\u0259hdudlu\u011fu v\u0259 \u0130T hey\u0259tinin y\u00fckl\u0259nm\u0259si is\u0259 \u00e7ox zaman xidm\u0259t keyfiyy\u0259tin\u0259 v\u0259 istifad\u0259\u00e7i t\u0259cr\u00fcb\u0259sin\u0259 m\u0259nfi t\u0259sir edir. Helpdesk v\u0259 \u0130T outsorsinq h\u0259ll\u0259ri bu problemi aradan qald\u0131raraq m\u00fc\u0259ssis\u0259l\u0259r\u0259 pe\u015f\u0259kar texniki d\u0259st\u0259k, resurs optimalla\u015fd\u0131rmas\u0131 v\u0259 \u00e7evik xidm\u0259t imkanlar\u0131 t\u0259qdim edir.<\/p>\t\t\t\t\t\t<\/div>\n\t\t\t\t<\/div>\n\t\t\t\t<div class=\"elementor-element elementor-element-6544328 elementor-widget elementor-widget-text-editor\" data-id=\"6544328\" data-element_type=\"widget\" data-widget_type=\"text-editor.default\">\n\t\t\t\t<div class=\"elementor-widget-container\">\n\t\t\t\t\t\t\t<p>B2B Group il\u0259 Proaktiv v\u0259 S\u0259m\u0259r\u0259li Helpdesk v\u0259 \u0130T Outsorsinq h\u0259ll\u0259ri<\/p>\t\t\t\t\t\t<\/div>\n\t\t\t\t<\/div>\n\t\t\t\t<div class=\"elementor-element elementor-element-5750654 elementor-widget elementor-widget-text-editor\" data-id=\"5750654\" data-element_type=\"widget\" data-widget_type=\"text-editor.default\">\n\t\t\t\t<div class=\"elementor-widget-container\">\n\t\t\t\t\t\t\t<p>Biz m\u00fc\u0259ssis\u0259l\u0259rin texniki y\u00fck\u00fcn\u00fc azaldaraq g\u00fcnd\u0259lik \u0130T ehtiyaclar\u0131n\u0131 ixtisasla\u015fm\u0131\u015f komandalarla qar\u015f\u0131lama\u011fa imkan yarad\u0131r\u0131q. Helpdesk v\u0259 \u0130T outsorsinq h\u0259ll\u0259ri \u015firk\u0259tl\u0259r\u0259 texniki probleml\u0259ri s\u00fcr\u0259tl\u0259 h\u0259ll etm\u0259y\u0259, x\u0259rcl\u0259ri optimalla\u015fd\u0131rma\u011fa v\u0259 \u0259sas biznes f\u0259aliyy\u0259tl\u0259rin\u0259 fokuslanma\u011fa imkan verir. \u0130nnovativ texnologiyalar v\u0259 proaktiv yana\u015fma il\u0259 \u0130T xidm\u0259tl\u0259ri daha effektiv v\u0259 \u00e7evik olur.<\/p>\t\t\t\t\t\t<\/div>\n\t\t\t\t<\/div>\n\t\t\t\t<div class=\"elementor-element elementor-element-d99c769 elementor-widget elementor-widget-notech-icon-box\" data-id=\"d99c769\" data-element_type=\"widget\" data-widget_type=\"notech-icon-box.default\">\n\t\t\t\t<div class=\"elementor-widget-container\">\n\t\t\t    <ul class=\"list-unstyled service-details__points ml-0\">\r\n                    <li>\r\n                <div class=\"service-details__points-icon icon-svg-large\">\r\n                    <span aria-hidden=\"true\" class=\"  icon-customer-service\"><\/span>                <\/div>\r\n                <h4 class=\"service-details__points-title\">S\u00fcr\u0259tli v\u0259 Effektiv D\u0259st\u0259k<\/h4>\r\n                <p class=\"service-details__points-text\">Texniki probleml\u0259r\u0259 an\u0131nda h\u0259ll t\u0259qdim ed\u0259r\u0259k fasil\u0259l\u0259ri minimuma endiririk.<\/p>\r\n            <\/li>\r\n                    <li>\r\n                <div class=\"service-details__points-icon icon-svg-large\">\r\n                    <span aria-hidden=\"true\" class=\"   icon-market-analysis\"><\/span>                <\/div>\r\n                <h4 class=\"service-details__points-title\">X\u0259rc Optimalla\u015fd\u0131rmas\u0131<\/h4>\r\n                <p class=\"service-details__points-text\">Outsorsinq xidm\u0259tl\u0259rimizl\u0259 daxili \u0130T x\u0259rcl\u0259rini azald\u0131r v\u0259 s\u0259m\u0259r\u0259liliyi art\u0131r\u0131r\u0131q.<\/p>\r\n            <\/li>\r\n                    <li>\r\n                <div class=\"service-details__points-icon icon-svg-large\">\r\n                    <span aria-hidden=\"true\" class=\"   icon-technical-support\"><\/span>                <\/div>\r\n                <h4 class=\"service-details__points-title\">Ekspert Komanda<\/h4>\r\n                <p class=\"service-details__points-text\">T\u0259cr\u00fcb\u0259li m\u00fct\u0259x\u0259ssisl\u0259rimizl\u0259 biznesinizin \u0130T ehtiyaclar\u0131na pe\u015f\u0259kar yana\u015f\u0131r\u0131q.<\/p>\r\n            <\/li>\r\n            <\/ul>\r\n\t\t<\/div>\n\t\t\t\t<\/div>\n\t\t\t\t<section class=\"elementor-section elementor-inner-section elementor-element elementor-element-65e3e40 elementor-section-full_width elementor-section-height-default elementor-section-height-default\" data-id=\"65e3e40\" data-element_type=\"section\">\n\t\t\t\t\t\t<div class=\"elementor-container elementor-column-gap-no\">\n\t\t\t\t\t<div class=\"elementor-column elementor-col-50 elementor-inner-column elementor-element elementor-element-21eb3ea\" data-id=\"21eb3ea\" data-element_type=\"column\" data-settings=\"{&quot;background_background&quot;:&quot;classic&quot;}\">\n\t\t\t<div class=\"elementor-widget-wrap elementor-element-populated\">\n\t\t\t\t\t\t\t\t<div class=\"elementor-element elementor-element-bf2e5b7 elementor-widget elementor-widget-heading\" data-id=\"bf2e5b7\" data-element_type=\"widget\" data-widget_type=\"heading.default\">\n\t\t\t\t<div class=\"elementor-widget-container\">\n\t\t\t<h2 class=\"elementor-heading-title elementor-size-default\">F\u0259rdil\u0259\u015fdirilmi\u015f Xidm\u0259t<\/h2>\t\t<\/div>\n\t\t\t\t<\/div>\n\t\t\t\t<div class=\"elementor-element elementor-element-eb05f79 elementor-widget elementor-widget-text-editor\" data-id=\"eb05f79\" data-element_type=\"widget\" data-widget_type=\"text-editor.default\">\n\t\t\t\t<div class=\"elementor-widget-container\">\n\t\t\t\t\t\t\t<p dir=\"ltr\" data-pm-slice=\"1 1 [&quot;orderedList&quot;,{&quot;tight&quot;:true,&quot;dir&quot;:&quot;ltr&quot;,&quot;start&quot;:1,&quot;type&quot;:null},&quot;listItem&quot;,{}]\">Biz standart h\u0259ll\u0259rd\u0259n f\u0259rqli olaraq, biznesinizin unikal ehtiyaclar\u0131na uy\u011fun xidm\u0259tl\u0259r t\u0259klif edirik.<\/p>\t\t\t\t\t\t<\/div>\n\t\t\t\t<\/div>\n\t\t\t\t\t<\/div>\n\t\t<\/div>\n\t\t\t\t<div class=\"elementor-column elementor-col-50 elementor-inner-column elementor-element elementor-element-603aad2\" data-id=\"603aad2\" data-element_type=\"column\" data-settings=\"{&quot;background_background&quot;:&quot;classic&quot;}\">\n\t\t\t<div class=\"elementor-widget-wrap elementor-element-populated\">\n\t\t\t\t\t\t\t\t<div class=\"elementor-element elementor-element-c02e051 elementor-widget elementor-widget-heading\" data-id=\"c02e051\" data-element_type=\"widget\" data-widget_type=\"heading.default\">\n\t\t\t\t<div class=\"elementor-widget-container\">\n\t\t\t<h2 class=\"elementor-heading-title elementor-size-default\">Proaktiv Yana\u015fma<\/h2>\t\t<\/div>\n\t\t\t\t<\/div>\n\t\t\t\t<div class=\"elementor-element elementor-element-bcd0783 elementor-widget elementor-widget-text-editor\" data-id=\"bcd0783\" data-element_type=\"widget\" data-widget_type=\"text-editor.default\">\n\t\t\t\t<div class=\"elementor-widget-container\">\n\t\t\t\t\t\t\t<p dir=\"ltr\" data-pm-slice=\"1 1 [&quot;orderedList&quot;,{&quot;tight&quot;:true,&quot;dir&quot;:&quot;ltr&quot;,&quot;start&quot;:1,&quot;type&quot;:null},&quot;listItem&quot;,{}]\">Reaktiv d\u0259st\u0259k \u0259v\u0259zin\u0259, probleml\u0259ri \u00f6nc\u0259d\u0259n a\u015fkarlay\u0131b h\u0259ll edirik.<\/p>\t\t\t\t\t\t<\/div>\n\t\t\t\t<\/div>\n\t\t\t\t\t<\/div>\n\t\t<\/div>\n\t\t\t\t\t\t\t<\/div>\n\t\t<\/section>\n\t\t\t\t<div class=\"elementor-element elementor-element-789df0c elementor-widget elementor-widget-notech-benefit\" data-id=\"789df0c\" data-element_type=\"widget\" data-widget_type=\"notech-benefit.default\">\n\t\t\t\t<div class=\"elementor-widget-container\">\n\t\t\t    <div class=\"service-details__benefits\">\r\n        <div class=\"row\">\r\n            <div class=\"col-xl-6\">\r\n                <div class=\"service-details__benefits-img\">\r\n                                            <img decoding=\"async\" src=\"http:\/\/b2bgroup.az\/wp-content\/uploads\/2025\/04\/vv2-scaled.jpg\" alt=\"\">\r\n                                    <\/div>\r\n            <\/div>\r\n            <div class=\"col-xl-6\">\r\n                <div class=\"service-details__benefits-right\">\r\n                                            <h3 class=\"service-details__benefits-title\">\u00dcst\u00fcnl\u00fckl\u0259rimiz<\/h3>\r\n                                                                <p class=\"service-betails__benefits-text-1\">\nT\u0259cr\u00fcb\u0259li komandam\u0131zla s\u00fcr\u0259tli, f\u0259rdi \u0130T d\u0259st\u0259yi t\u0259klif edir, proaktiv yana\u015fma v\u0259 x\u0259rc optimalla\u015fd\u0131rmas\u0131 il\u0259 s\u0259m\u0259r\u0259liliyi art\u0131r\u0131r\u0131q.<\/p>\r\n                                                                <ul class=\"list-unstyled service-details__benefits-points ml-0\">\r\n                                                            <li>\r\n                                    <div class=\"icon icon-svg\">\r\n                                        <i aria-hidden=\"true\" class=\"  icon-check\"><\/i>                                    <\/div>\r\n                                    <div class=\"text\">\r\n                                        <p>24\/7 helpdesk xidm\u0259ti il\u0259 texniki probleml\u0259r\u0259 s\u00fcr\u0259tli cavab veririk.\n<\/p>\r\n                                    <\/div>\r\n                                <\/li>\r\n                                                            <li>\r\n                                    <div class=\"icon icon-svg\">\r\n                                        <i aria-hidden=\"true\" class=\"  icon-check\"><\/i>                                    <\/div>\r\n                                    <div class=\"text\">\r\n                                        <p>Sistem monitorinqi il\u0259 potensial probleml\u0259rin qar\u015f\u0131s\u0131n\u0131 al\u0131r\u0131q.<\/p>\r\n                                    <\/div>\r\n                                <\/li>\r\n                                                            <li>\r\n                                    <div class=\"icon icon-svg\">\r\n                                        <i aria-hidden=\"true\" class=\"  icon-check\"><\/i>                                    <\/div>\r\n                                    <div class=\"text\">\r\n                                        <p>Biznes ehtiyaclar\u0131n\u0131za uy\u011fun f\u0259rdil\u0259\u015fdiril\u0259 bil\u0259n \u0130T xidm\u0259tl\u0259ri t\u0259qdim edirik.<\/p>\r\n                                    <\/div>\r\n                                <\/li>\r\n                            \r\n                        <\/ul>\r\n                                    <\/div>\r\n            <\/div>\r\n        <\/div>\r\n    <\/div>\r\n\t\t<\/div>\n\t\t\t\t<\/div>\n\t\t\t\t<div class=\"elementor-element elementor-element-7306eb1 elementor-widget elementor-widget-heading\" data-id=\"7306eb1\" data-element_type=\"widget\" data-widget_type=\"heading.default\">\n\t\t\t\t<div class=\"elementor-widget-container\">\n\t\t\t<h2 class=\"elementor-heading-title elementor-size-default\">\u00c7ox Soru\u015fulan Suallar<\/h2>\t\t<\/div>\n\t\t\t\t<\/div>\n\t\t\t\t<div class=\"elementor-element elementor-element-108da97 elementor-widget elementor-widget-spacer\" data-id=\"108da97\" data-element_type=\"widget\" data-widget_type=\"spacer.default\">\n\t\t\t\t<div class=\"elementor-widget-container\">\n\t\t\t<style>\/*! elementor - v3.18.0 - 20-12-2023 *\/\n.elementor-column .elementor-spacer-inner{height:var(--spacer-size)}.e-con{--container-widget-width:100%}.e-con-inner>.elementor-widget-spacer,.e-con>.elementor-widget-spacer{width:var(--container-widget-width,var(--spacer-size));--align-self:var(--container-widget-align-self,initial);--flex-shrink:0}.e-con-inner>.elementor-widget-spacer>.elementor-widget-container,.e-con>.elementor-widget-spacer>.elementor-widget-container{height:100%;width:100%}.e-con-inner>.elementor-widget-spacer>.elementor-widget-container>.elementor-spacer,.e-con>.elementor-widget-spacer>.elementor-widget-container>.elementor-spacer{height:100%}.e-con-inner>.elementor-widget-spacer>.elementor-widget-container>.elementor-spacer>.elementor-spacer-inner,.e-con>.elementor-widget-spacer>.elementor-widget-container>.elementor-spacer>.elementor-spacer-inner{height:var(--container-widget-height,var(--spacer-size))}.e-con-inner>.elementor-widget-spacer.elementor-widget-empty,.e-con>.elementor-widget-spacer.elementor-widget-empty{position:relative;min-height:22px;min-width:22px}.e-con-inner>.elementor-widget-spacer.elementor-widget-empty .elementor-widget-empty-icon,.e-con>.elementor-widget-spacer.elementor-widget-empty .elementor-widget-empty-icon{position:absolute;top:0;bottom:0;left:0;right:0;margin:auto;padding:0;width:22px;height:22px}<\/style>\t\t<div class=\"elementor-spacer\">\n\t\t\t<div class=\"elementor-spacer-inner\"><\/div>\n\t\t<\/div>\n\t\t\t\t<\/div>\n\t\t\t\t<\/div>\n\t\t\t\t<div class=\"elementor-element elementor-element-493c8e2 elementor-widget elementor-widget-notech-faq\" data-id=\"493c8e2\" data-element_type=\"widget\" data-widget_type=\"notech-faq.default\">\n\t\t\t\t<div class=\"elementor-widget-container\">\n\t\t\t\r\n\t<div class=\"service-details__faq\">\r\n\t\t<div class=\"accrodion-grp faq-one-accrodion\" data-grp-name=\"faq-one-accrodion-69e1f1af58283\">\r\n\t\t\t\t\t\t\t<div class=\"accrodion \">\r\n\t\t\t\t\t<div class=\"accrodion-title\">\r\n\t\t\t\t\t\t<h4>Helpdesk xidm\u0259tl\u0259ri yaln\u0131z distant \u015f\u0259kild\u0259 g\u00f6st\u0259rilir?<\/h4>\r\n\t\t\t\t\t<\/div>\r\n\t\t\t\t\t<div class=\"accrodion-content\">\r\n\t\t\t\t\t\t<div class=\"inner\">\r\n\t\t\t\t\t\t\t<p>Xeyr. Ehtiyacdan v\u0259 m\u00fcqavil\u0259 modelind\u0259n as\u0131l\u0131 olaraq h\u0259m uzaqdan, h\u0259m d\u0259 yerind\u0259 texniki d\u0259st\u0259k g\u00f6st\u0259rirlir. <\/p>\r\n\t\t\t\t\t\t<\/div><!-- \/.inner -->\r\n\t\t\t\t\t<\/div>\r\n\t\t\t\t<\/div>\r\n\t\t\t\t\t\t\t<div class=\"accrodion active\">\r\n\t\t\t\t\t<div class=\"accrodion-title\">\r\n\t\t\t\t\t\t<h4>\u0130T outsorsinq daxili \u0130T komandas\u0131n\u0131 \u0259v\u0259z edir, yoxsa tamamlay\u0131r?<\/h4>\r\n\t\t\t\t\t<\/div>\r\n\t\t\t\t\t<div class=\"accrodion-content\">\r\n\t\t\t\t\t\t<div class=\"inner\">\r\n\t\t\t\t\t\t\t<p>Bu, \u015firk\u0259tin ehtiyaclar\u0131ndan as\u0131l\u0131d\u0131r. Biz b\u0259zi hallarda tam \u0259v\u0259z edirik, b\u0259zi hallarda is\u0259 daxili komandan\u0131 d\u0259st\u0259kl\u0259yirik v\u0259 onunla koordinasiyada i\u015fl\u0259yirik.<\/p>\r\n\t\t\t\t\t\t<\/div><!-- \/.inner -->\r\n\t\t\t\t\t<\/div>\r\n\t\t\t\t<\/div>\r\n\t\t\t\t\t\t\t<div class=\"accrodion \">\r\n\t\t\t\t\t<div class=\"accrodion-title\">\r\n\t\t\t\t\t\t<h4>Helpdesk v\u0259 \u0130T outsorsinq xidm\u0259tl\u0259riniz m\u00fcr\u0259kk\u0259b \u0130T infrastrukturunu d\u0259st\u0259kl\u0259y\u0259 bil\u0259rmi?<\/h4>\r\n\t\t\t\t\t<\/div>\r\n\t\t\t\t\t<div class=\"accrodion-content\">\r\n\t\t\t\t\t\t<div class=\"inner\">\r\n\t\t\t\t\t\t\t<p>B\u0259li, t\u0259cr\u00fcb\u0259li komandam\u0131z v\u0259 qabaqc\u0131l al\u0259tl\u0259rimizl\u0259 h\u0259r c\u00fcr m\u00fcr\u0259kk\u0259b \u0130T infrastrukturunu effektiv idar\u0259 edirik.<\/p>\r\n\t\t\t\t\t\t<\/div><!-- \/.inner -->\r\n\t\t\t\t\t<\/div>\r\n\t\t\t\t<\/div>\r\n\t\t\t\t\t<\/div>\r\n\t<\/div>\r\n\r\n\t\t<\/div>\n\t\t\t\t<\/div>\n\t\t\t\t\t<\/div>\n\t\t<\/div>\n\t\t\t\t\t\t\t<\/div>\n\t\t<\/section>\n\t\t\t\t\t\t\t<\/div>\n\t\t","protected":false},"excerpt":{"rendered":"<p>Xidm\u0259tl\u0259r Biznes Prosesl\u0259rinin Davaml\u0131l\u0131\u011f\u0131 H\u0259ll\u0259ri Biznes Texnologiyalar\u0131n\u0131n Optimizasiyas\u0131 H\u0259ll\u0259ri \u00c7a\u011fr\u0131 M\u0259rk\u0259zi H\u0259ll\u0259ri Data M\u0259rk\u0259zi H\u0259ll\u0259ri Elektrifikasiya v\u0259 Soyutma H\u0259ll\u0259ri Helpdesk v\u0259 \u0130T Outsorsinq H\u0259ll\u0259ri \u0130nfrastruktur D\u0259st\u0259k H\u0259ll\u0259ri Korporativ \u0130T T\u0259hl\u00fck\u0259sizlik H\u0259ll\u0259ri Vahid Kommunikasiya H\u0259ll\u0259ri Texnoloji problemler \u00fc\u00e7\u00fcn asan h\u0259ll Sual\u0131n\u0131z var? Z\u0259ng edin: +994 (12) 310 11 78 E-po\u00e7t g\u00f6nd\u0259r Helpdesk v\u0259 \u0130T Outsorsinq H\u0259ll\u0259ri [&hellip;]<\/p>\n","protected":false},"author":1,"featured_media":0,"parent":1328,"menu_order":0,"comment_status":"closed","ping_status":"closed","template":"elementor_header_footer","meta":{"footnotes":""},"class_list":["post-1338","page","type-page","status-publish","hentry"],"_links":{"self":[{"href":"https:\/\/www.b2bgroup.az\/ru\/wp-json\/wp\/v2\/pages\/1338","targetHints":{"allow":["GET"]}}],"collection":[{"href":"https:\/\/www.b2bgroup.az\/ru\/wp-json\/wp\/v2\/pages"}],"about":[{"href":"https:\/\/www.b2bgroup.az\/ru\/wp-json\/wp\/v2\/types\/page"}],"author":[{"embeddable":true,"href":"https:\/\/www.b2bgroup.az\/ru\/wp-json\/wp\/v2\/users\/1"}],"replies":[{"embeddable":true,"href":"https:\/\/www.b2bgroup.az\/ru\/wp-json\/wp\/v2\/comments?post=1338"}],"version-history":[{"count":0,"href":"https:\/\/www.b2bgroup.az\/ru\/wp-json\/wp\/v2\/pages\/1338\/revisions"}],"up":[{"embeddable":true,"href":"https:\/\/www.b2bgroup.az\/ru\/wp-json\/wp\/v2\/pages\/1328"}],"wp:attachment":[{"href":"https:\/\/www.b2bgroup.az\/ru\/wp-json\/wp\/v2\/media?parent=1338"}],"curies":[{"name":"WP","href":"https:\/\/api.w.org\/{rel}","templated":true}]}}