{"id":1482,"date":"2025-03-31T13:23:02","date_gmt":"2025-03-31T09:23:02","guid":{"rendered":"http:\/\/test.b2bgroup.az\/?page_id=1482"},"modified":"2025-06-24T19:48:40","modified_gmt":"2025-06-24T15:48:40","slug":"%d1%80%d0%b5%d1%88%d0%b5%d0%bd%d0%b8%d1%8f-%d0%bf%d0%be-%d1%8d%d0%bb%d0%b5%d0%ba%d1%82%d1%80%d0%b8%d1%84%d0%b8%d0%ba%d0%b0%d1%86%d0%b8%d0%b8-%d0%b8-%d0%be%d1%85%d0%bb%d0%b0%d0%b6%d0%b4%d0%b5%d0%bd","status":"publish","type":"page","link":"https:\/\/www.b2bgroup.az\/ru\/xidmetler\/elektrifikasiya-ve-soyutma-helleri\/","title":{"rendered":"\u0420\u0435\u0448\u0435\u043d\u0438\u044f \u043f\u043e \u044d\u043b\u0435\u043a\u0442\u0440\u0438\u0444\u0438\u043a\u0430\u0446\u0438\u0438 \u0438 \u043e\u0445\u043b\u0430\u0436\u0434\u0435\u043d\u0438\u044e"},"content":{"rendered":"\t\t<div data-elementor-type=\"wp-page\" data-elementor-id=\"1482\" class=\"elementor elementor-1482\">\n\t\t\t\t\t\t\t\t\t<section class=\"elementor-section elementor-top-section elementor-element elementor-element-48afa9ce elementor-section-boxed elementor-section-height-default elementor-section-height-default\" data-id=\"48afa9ce\" data-element_type=\"section\">\n\t\t\t\t\t\t<div class=\"elementor-container elementor-column-gap-no\">\n\t\t\t\t\t<div class=\"elementor-column elementor-col-50 elementor-top-column elementor-element elementor-element-489b3d0f\" data-id=\"489b3d0f\" data-element_type=\"column\">\n\t\t\t<div class=\"elementor-widget-wrap elementor-element-populated\">\n\t\t\t\t\t\t\t\t<div class=\"elementor-element elementor-element-2b11803 elementor-widget elementor-widget-notech-sidebar-nav\" data-id=\"2b11803\" data-element_type=\"widget\" data-widget_type=\"notech-sidebar-nav.default\">\n\t\t\t\t<div class=\"elementor-widget-container\">\n\t\t\t\r\n    <div class=\"service-details__service\">\r\n                    <h3 class=\"service-details__title\">Xidm\u0259tl\u0259r<\/h3>\r\n                <div class=\"menu-service-menu-container\"><ul id=\"menu-service-menu\" class=\"service-details__service-list list-unstyled\"><li id=\"menu-item-2196\" class=\"menu-item menu-item-type-post_type menu-item-object-page menu-item-2196\"><a href=\"https:\/\/www.b2bgroup.az\/ru\/xidmetler\/biznes-proseslerinin-davamliligi-helleri\/\"><span class=\"fa fa-long-arrow-alt-right\"><\/span>Biznes Prosesl\u0259rinin Davaml\u0131l\u0131\u011f\u0131 H\u0259ll\u0259ri<\/a><\/li>\n<li id=\"menu-item-2197\" class=\"menu-item menu-item-type-post_type menu-item-object-page menu-item-2197\"><a href=\"https:\/\/www.b2bgroup.az\/ru\/xidmetler\/biznes-texnologiyalarinin-optimizasiyasi-helleri\/\"><span class=\"fa fa-long-arrow-alt-right\"><\/span>Biznes Texnologiyalar\u0131n\u0131n Optimizasiyas\u0131 H\u0259ll\u0259ri<\/a><\/li>\n<li id=\"menu-item-2198\" class=\"menu-item menu-item-type-post_type menu-item-object-page menu-item-2198\"><a href=\"https:\/\/www.b2bgroup.az\/ru\/xidmetler\/chagri-merkezi-helleri\/\"><span class=\"fa fa-long-arrow-alt-right\"><\/span>\u00c7a\u011fr\u0131 M\u0259rk\u0259zi H\u0259ll\u0259ri<\/a><\/li>\n<li id=\"menu-item-2199\" class=\"menu-item menu-item-type-post_type menu-item-object-page menu-item-2199\"><a href=\"https:\/\/www.b2bgroup.az\/ru\/xidmetler\/data-merkezi-helleri\/\"><span class=\"fa fa-long-arrow-alt-right\"><\/span>Data M\u0259rk\u0259zi H\u0259ll\u0259ri<\/a><\/li>\n<li id=\"menu-item-2200\" class=\"menu-item menu-item-type-post_type menu-item-object-page menu-item-2200\"><a href=\"https:\/\/www.b2bgroup.az\/ru\/xidmetler\/elektrifikasiya-ve-soyutma-helleri\/\"><span class=\"fa fa-long-arrow-alt-right\"><\/span>Elektrifikasiya v\u0259 Soyutma H\u0259ll\u0259ri<\/a><\/li>\n<li id=\"menu-item-2201\" class=\"menu-item menu-item-type-post_type menu-item-object-page menu-item-2201\"><a href=\"https:\/\/www.b2bgroup.az\/ru\/xidmetler\/helpdesk-ve-it-outsorsinq-helleri\/\"><span class=\"fa fa-long-arrow-alt-right\"><\/span>Helpdesk v\u0259 \u0130T Outsorsinq H\u0259ll\u0259ri<\/a><\/li>\n<li id=\"menu-item-2202\" class=\"menu-item menu-item-type-post_type menu-item-object-page menu-item-2202\"><a href=\"https:\/\/www.b2bgroup.az\/ru\/xidmetler\/infrastruktur-destek-helleri\/\"><span class=\"fa fa-long-arrow-alt-right\"><\/span>\u0130nfrastruktur D\u0259st\u0259k H\u0259ll\u0259ri<\/a><\/li>\n<li id=\"menu-item-2203\" class=\"menu-item menu-item-type-post_type menu-item-object-page menu-item-2203\"><a href=\"https:\/\/www.b2bgroup.az\/ru\/xidmetler\/korporativ-it-tehlukesizlik-helleri\/\"><span class=\"fa fa-long-arrow-alt-right\"><\/span>Korporativ \u0130T T\u0259hl\u00fck\u0259sizlik H\u0259ll\u0259ri<\/a><\/li>\n<li id=\"menu-item-2204\" class=\"menu-item menu-item-type-post_type menu-item-object-page menu-item-2204\"><a href=\"https:\/\/www.b2bgroup.az\/ru\/xidmetler\/vahid-kommunikasiya-helleri\/\"><span class=\"fa fa-long-arrow-alt-right\"><\/span>Vahid Kommunikasiya H\u0259ll\u0259ri<\/a><\/li>\n<\/ul><\/div>\r\n    <\/div>\r\n\t\t<\/div>\n\t\t\t\t<\/div>\n\t\t\t\t<div class=\"elementor-element elementor-element-62592e0c elementor-widget elementor-widget-notech-sidebar-call-to-action\" data-id=\"62592e0c\" data-element_type=\"widget\" data-widget_type=\"notech-sidebar-call-to-action.default\">\n\t\t\t\t<div class=\"elementor-widget-container\">\n\t\t\t    <div class=\"service-details__need-help\">\r\n                    <div class=\"service-details__need-help-bg\" style=\"background-image: url(http:\/\/b2bgroup.az\/wp-content\/uploads\/2025\/04\/Asan-h\u0259ll.jpg)\"><\/div>\r\n                            <div class=\"service-details__need-help-icon\">\r\n                <img decoding=\"async\" src=\"http:\/\/b2bgroup.az\/wp-content\/uploads\/2022\/04\/main-menu-icon-comment-B2B.png\" alt=\"\">\r\n            <\/div>\r\n                <h2 class=\"service-details__need-help-title\">Texnoloji problemler  <br> \u00fc\u00e7\u00fcn asan<br> h\u0259ll<\/h2>\r\n        <div class=\"service-details__need-help-contact\">\r\n            <p>Sual\u0131n\u0131z var?<\/p>\r\n            <a href=\"tel:994123101178\"><span>Z\u0259ng edin: <\/span> +994 (12) 310 11 78<\/a>\r\n        <\/div>\r\n    <\/div>\r\n\t\t<\/div>\n\t\t\t\t<\/div>\n\t\t\t\t<div class=\"elementor-element elementor-element-75538929 elementor-widget elementor-widget-notech-button\" data-id=\"75538929\" data-element_type=\"widget\" data-widget_type=\"notech-button.default\">\n\t\t\t\t<div class=\"elementor-widget-container\">\n\t\t\t    <div class=\"service-details__download\">\r\n                    <a target=_blank href=\"mailto:info@b2bgroup.az\" class=\"thm-btn service-details__download-btn\">E-po\u00e7t g\u00f6nd\u0259r<\/a>\r\n            <\/div>\r\n\t\t<\/div>\n\t\t\t\t<\/div>\n\t\t\t\t\t<\/div>\n\t\t<\/div>\n\t\t\t\t<div class=\"elementor-column elementor-col-50 elementor-top-column elementor-element elementor-element-44c570a6\" data-id=\"44c570a6\" data-element_type=\"column\">\n\t\t\t<div class=\"elementor-widget-wrap elementor-element-populated\">\n\t\t\t\t\t\t\t\t<div class=\"elementor-element elementor-element-3de4f2b2 elementor-widget elementor-widget-image\" data-id=\"3de4f2b2\" data-element_type=\"widget\" data-widget_type=\"image.default\">\n\t\t\t\t<div class=\"elementor-widget-container\">\n\t\t\t<style>\/*! elementor - v3.18.0 - 20-12-2023 *\/\n.elementor-widget-image{text-align:center}.elementor-widget-image a{display:inline-block}.elementor-widget-image a img[src$=\".svg\"]{width:48px}.elementor-widget-image img{vertical-align:middle;display:inline-block}<\/style>\t\t\t\t\t\t\t\t\t\t\t\t<img fetchpriority=\"high\" decoding=\"async\" width=\"770\" height=\"428\" src=\"https:\/\/www.b2bgroup.az\/wp-content\/uploads\/2025\/04\/Elektrifikasiya-v\u0259-Soyutma-H\u0259ll\u0259ri.jpg\" class=\"attachment-post-thumbnail size-post-thumbnail wp-image-2273\" alt=\"\" srcset=\"https:\/\/www.b2bgroup.az\/wp-content\/uploads\/2025\/04\/Elektrifikasiya-v\u0259-Soyutma-H\u0259ll\u0259ri.jpg 770w, https:\/\/www.b2bgroup.az\/wp-content\/uploads\/2025\/04\/Elektrifikasiya-v\u0259-Soyutma-H\u0259ll\u0259ri-300x167.jpg 300w, https:\/\/www.b2bgroup.az\/wp-content\/uploads\/2025\/04\/Elektrifikasiya-v\u0259-Soyutma-H\u0259ll\u0259ri-768x427.jpg 768w, https:\/\/www.b2bgroup.az\/wp-content\/uploads\/2025\/04\/Elektrifikasiya-v\u0259-Soyutma-H\u0259ll\u0259ri-18x10.jpg 18w\" sizes=\"(max-width: 770px) 100vw, 770px\">\t\t\t\t\t\t\t\t\t\t\t\t\t\t\t<\/div>\n\t\t\t\t<\/div>\n\t\t\t\t<div class=\"elementor-element elementor-element-23e92c88 elementor-widget elementor-widget-heading\" data-id=\"23e92c88\" data-element_type=\"widget\" data-widget_type=\"heading.default\">\n\t\t\t\t<div class=\"elementor-widget-container\">\n\t\t\t<style>\/*! elementor - v3.18.0 - 20-12-2023 *\/\n.elementor-heading-title{padding:0;margin:0;line-height:1}.elementor-widget-heading .elementor-heading-title[class*=elementor-size-]>a{color:inherit;font-size:inherit;line-height:inherit}.elementor-widget-heading .elementor-heading-title.elementor-size-small{font-size:15px}.elementor-widget-heading .elementor-heading-title.elementor-size-medium{font-size:19px}.elementor-widget-heading .elementor-heading-title.elementor-size-large{font-size:29px}.elementor-widget-heading .elementor-heading-title.elementor-size-xl{font-size:39px}.elementor-widget-heading .elementor-heading-title.elementor-size-xxl{font-size:59px}<\/style><h2 class=\"elementor-heading-title elementor-size-default\">Elektrifikasiya v\u0259 Soyutma H\u0259ll\u0259ri<\/h2>\t\t<\/div>\n\t\t\t\t<\/div>\n\t\t\t\t<div class=\"elementor-element elementor-element-4ea7cb8d elementor-widget elementor-widget-text-editor\" data-id=\"4ea7cb8d\" data-element_type=\"widget\" data-widget_type=\"text-editor.default\">\n\t\t\t\t<div class=\"elementor-widget-container\">\n\t\t\t<style>\/*! elementor - v3.18.0 - 20-12-2023 *\/\n.elementor-widget-text-editor.elementor-drop-cap-view-stacked .elementor-drop-cap{background-color:#69727d;color:#fff}.elementor-widget-text-editor.elementor-drop-cap-view-framed .elementor-drop-cap{color:#69727d;border:3px solid;background-color:transparent}.elementor-widget-text-editor:not(.elementor-drop-cap-view-default) .elementor-drop-cap{margin-top:8px}.elementor-widget-text-editor:not(.elementor-drop-cap-view-default) .elementor-drop-cap-letter{width:1em;height:1em}.elementor-widget-text-editor .elementor-drop-cap{float:left;text-align:center;line-height:1;font-size:50px}.elementor-widget-text-editor .elementor-drop-cap-letter{display:inline-block}<\/style>\t\t\t\t<p>R\u0259q\u0259msal sisteml\u0259rin v\u0259 data m\u0259rk\u0259zl\u0259rinin dayan\u0131ql\u0131 i\u015fl\u0259m\u0259si \u00fc\u00e7\u00fcn elektrik enerjisi v\u0259 soyutma infrastrukturunun d\u00fczg\u00fcn qurulmas\u0131 m\u00fch\u00fcm rol oynay\u0131r. Y\u00fcks\u0259k y\u00fckl\u0259nm\u0259 v\u0259 fasil\u0259siz i\u015fl\u0259m\u0259 t\u0259l\u0259bl\u0259ri m\u00fcasir m\u00fc\u0259ssis\u0259l\u0259r \u00fc\u00e7\u00fcn t\u0259hl\u00fck\u0259siz, sabit v\u0259 enerjiy\u0259 q\u0259na\u0259tcil sisteml\u0259rin t\u0259tbiqini z\u0259ruri edir. Effektiv elektrik v\u0259 soyutma h\u0259ll\u0259ri h\u0259m \u0259m\u0259liyyat riskl\u0259rini azald\u0131r, h\u0259m d\u0259 \u00fcmumi x\u0259rcl\u0259rin idar\u0259 olunmas\u0131na t\u00f6hf\u0259 verir.<\/p>\t\t\t\t\t\t<\/div>\n\t\t\t\t<\/div>\n\t\t\t\t<div class=\"elementor-element elementor-element-63b837c0 elementor-widget elementor-widget-text-editor\" data-id=\"63b837c0\" data-element_type=\"widget\" data-widget_type=\"text-editor.default\">\n\t\t\t\t<div class=\"elementor-widget-container\">\n\t\t\t\t\t\t\t<p>B2B Group il\u0259 G\u00fccl\u00fc v\u0259 Etibarl\u0131 Enerji \u0130nfrastrukturuna Sahib Olun<\/p>\t\t\t\t\t\t<\/div>\n\t\t\t\t<\/div>\n\t\t\t\t<div class=\"elementor-element elementor-element-17e4deb3 elementor-widget elementor-widget-text-editor\" data-id=\"17e4deb3\" data-element_type=\"widget\" data-widget_type=\"text-editor.default\">\n\t\t\t\t<div class=\"elementor-widget-container\">\n\t\t\t\t\t\t\t<p>Biz data m\u0259rk\u0259zl\u0259ri v\u0259 dig\u0259r y\u00fcks\u0259k texnoloji obyektl\u0259r \u00fc\u00e7\u00fcn elektrikl\u0259\u015fdirm\u0259 v\u0259 soyutma sisteml\u0259rinin layih\u0259l\u0259ndirilm\u0259si, qura\u015fd\u0131r\u0131lmas\u0131 v\u0259 inteqrasiyas\u0131n\u0131 h\u0259yata ke\u00e7iririk. F\u0259aliyy\u0259tin fasil\u0259sizliyini t\u0259min ed\u0259n v\u0259 enerjid\u0259n s\u0259m\u0259r\u0259li istifad\u0259ni m\u00fcmk\u00fcn ed\u0259n qabaqc\u0131l texnologiyalar\u0131 t\u0259tbiq edirik.<\/p>\t\t\t\t\t\t<\/div>\n\t\t\t\t<\/div>\n\t\t\t\t<div class=\"elementor-element elementor-element-14d9e0e1 elementor-widget elementor-widget-notech-icon-box\" data-id=\"14d9e0e1\" data-element_type=\"widget\" data-widget_type=\"notech-icon-box.default\">\n\t\t\t\t<div class=\"elementor-widget-container\">\n\t\t\t    <ul class=\"list-unstyled service-details__points ml-0\">\r\n                    <li>\r\n                <div class=\"service-details__points-icon icon-svg-large\">\r\n                    <span aria-hidden=\"true\" class=\"  icon-customer-service\"><\/span>                <\/div>\r\n                <h4 class=\"service-details__points-title\">Enerji S\u0259m\u0259r\u0259liliyi<\/h4>\r\n                <p class=\"service-details__points-text\">A\u011f\u0131ll\u0131 sisteml\u0259rl\u0259 enerji istehlak\u0131n\u0131 optimalla\u015fd\u0131r\u0131r v\u0259 x\u0259rcl\u0259ri minimuma endiririk.<\/p>\r\n            <\/li>\r\n                    <li>\r\n                <div class=\"service-details__points-icon icon-svg-large\">\r\n                    <span aria-hidden=\"true\" class=\"   icon-market-analysis\"><\/span>                <\/div>\r\n                <h4 class=\"service-details__points-title\">Dayan\u0131ql\u0131 \u0130nfrastruktur<\/h4>\r\n                <p class=\"service-details__points-text\">Fasil\u0259siz enerji t\u0259chizat\u0131 v\u0259 effektiv soyutma il\u0259 avadanl\u0131qlar\u0131n \u00f6mr\u00fcn\u00fc uzad\u0131r\u0131q.<\/p>\r\n            <\/li>\r\n                    <li>\r\n                <div class=\"service-details__points-icon icon-svg-large\">\r\n                    <span aria-hidden=\"true\" class=\"   icon-technical-support\"><\/span>                <\/div>\r\n                <h4 class=\"service-details__points-title\">Ekoloji Uy\u011funluq<\/h4>\r\n                <p class=\"service-details__points-text\">A\u015fa\u011f\u0131 emissiyal\u0131 texnologiyalarla \u0259traf m\u00fchit\u0259 m\u00fcsb\u0259t t\u00f6hf\u0259 veririk.<\/p>\r\n            <\/li>\r\n            <\/ul>\r\n\t\t<\/div>\n\t\t\t\t<\/div>\n\t\t\t\t<section class=\"elementor-section elementor-inner-section elementor-element elementor-element-136f6524 elementor-section-full_width elementor-section-height-default elementor-section-height-default\" data-id=\"136f6524\" data-element_type=\"section\">\n\t\t\t\t\t\t<div class=\"elementor-container elementor-column-gap-no\">\n\t\t\t\t\t<div class=\"elementor-column elementor-col-50 elementor-inner-column elementor-element elementor-element-6ffecfd3\" data-id=\"6ffecfd3\" data-element_type=\"column\" data-settings=\"{&quot;background_background&quot;:&quot;classic&quot;}\">\n\t\t\t<div class=\"elementor-widget-wrap elementor-element-populated\">\n\t\t\t\t\t\t\t\t<div class=\"elementor-element elementor-element-5af8d185 elementor-widget elementor-widget-heading\" data-id=\"5af8d185\" data-element_type=\"widget\" data-widget_type=\"heading.default\">\n\t\t\t\t<div class=\"elementor-widget-container\">\n\t\t\t<h2 class=\"elementor-heading-title elementor-size-default\">Ekoloji Davaml\u0131l\u0131q <\/h2>\t\t<\/div>\n\t\t\t\t<\/div>\n\t\t\t\t<div class=\"elementor-element elementor-element-93f94d1 elementor-widget elementor-widget-text-editor\" data-id=\"93f94d1\" data-element_type=\"widget\" data-widget_type=\"text-editor.default\">\n\t\t\t\t<div class=\"elementor-widget-container\">\n\t\t\t\t\t\t\t<p dir=\"ltr\" data-pm-slice=\"1 1 [&quot;orderedList&quot;,{&quot;tight&quot;:true,&quot;dir&quot;:&quot;ltr&quot;,&quot;start&quot;:1,&quot;type&quot;:null},&quot;listItem&quot;,{}]\">Dig\u0259r xidm\u0259tl\u0259r \u0259sas\u0259n performans\u0259 diqq\u0259t yetir\u0259rk\u0259n, biz ekoloji v\u0259 enerji s\u0259m\u0259r\u0259liliyin\u0259 \u00fcst\u00fcnl\u00fck veririk.<\/p>\t\t\t\t\t\t<\/div>\n\t\t\t\t<\/div>\n\t\t\t\t\t<\/div>\n\t\t<\/div>\n\t\t\t\t<div class=\"elementor-column elementor-col-50 elementor-inner-column elementor-element elementor-element-7711eef4\" data-id=\"7711eef4\" data-element_type=\"column\" data-settings=\"{&quot;background_background&quot;:&quot;classic&quot;}\">\n\t\t\t<div class=\"elementor-widget-wrap elementor-element-populated\">\n\t\t\t\t\t\t\t\t<div class=\"elementor-element elementor-element-670fb09e elementor-widget elementor-widget-heading\" data-id=\"670fb09e\" data-element_type=\"widget\" data-widget_type=\"heading.default\">\n\t\t\t\t<div class=\"elementor-widget-container\">\n\t\t\t<h2 class=\"elementor-heading-title elementor-size-default\">F\u0259rdi Dizayn<\/h2>\t\t<\/div>\n\t\t\t\t<\/div>\n\t\t\t\t<div class=\"elementor-element elementor-element-32251098 elementor-widget elementor-widget-text-editor\" data-id=\"32251098\" data-element_type=\"widget\" data-widget_type=\"text-editor.default\">\n\t\t\t\t<div class=\"elementor-widget-container\">\n\t\t\t\t\t\t\t<p dir=\"ltr\" data-pm-slice=\"1 1 [&quot;orderedList&quot;,{&quot;tight&quot;:true,&quot;dir&quot;:&quot;ltr&quot;,&quot;start&quot;:1,&quot;type&quot;:null},&quot;listItem&quot;,{}]\">Standart h\u0259ll\u0259r \u0259v\u0259zin\u0259, biznesinizin x\u00fcsusi ehtiyaclar\u0131na uy\u011fun sisteml\u0259r t\u0259rtib edirik.<\/p>\t\t\t\t\t\t<\/div>\n\t\t\t\t<\/div>\n\t\t\t\t\t<\/div>\n\t\t<\/div>\n\t\t\t\t\t\t\t<\/div>\n\t\t<\/section>\n\t\t\t\t<div class=\"elementor-element elementor-element-3c280365 elementor-widget__width-initial elementor-widget elementor-widget-notech-benefit\" data-id=\"3c280365\" data-element_type=\"widget\" data-widget_type=\"notech-benefit.default\">\n\t\t\t\t<div class=\"elementor-widget-container\">\n\t\t\t    <div class=\"service-details__benefits\">\r\n        <div class=\"row\">\r\n            <div class=\"col-xl-6\">\r\n                <div class=\"service-details__benefits-img\">\r\n                                            <img decoding=\"async\" src=\"http:\/\/b2bgroup.az\/wp-content\/uploads\/2025\/04\/vv2-scaled.jpg\" alt=\"\">\r\n                                    <\/div>\r\n            <\/div>\r\n            <div class=\"col-xl-6\">\r\n                <div class=\"service-details__benefits-right\">\r\n                                            <h3 class=\"service-details__benefits-title\">\u00dcst\u00fcnl\u00fckl\u0259rimiz<\/h3>\r\n                                                                <p class=\"service-betails__benefits-text-1\">\u0130nnovativ enerji v\u0259 soyutma sisteml\u0259rimizl\u0259 x\u0259rcl\u0259ri azald\u0131r, ekoloji davaml\u0131l\u0131\u011f\u0131 t\u0259min ed\u0259n h\u0259ll\u0259rimizl\u0259 biznesinizi g\u00fccl\u0259ndiririk.\n\n<\/p>\r\n                                                                <ul class=\"list-unstyled service-details__benefits-points ml-0\">\r\n                                                            <li>\r\n                                    <div class=\"icon icon-svg\">\r\n                                        <i aria-hidden=\"true\" class=\"  icon-check\"><\/i>                                    <\/div>\r\n                                    <div class=\"text\">\r\n                                        <p>Kritik infrastrukturun daim i\u015fl\u0259k v\u0259ziyy\u0259td\u0259 qalmas\u0131 \u00fc\u00e7\u00fcn redundansl\u0131 enerji sisteml\u0259ri.\n\n<\/p>\r\n                                    <\/div>\r\n                                <\/li>\r\n                                                            <li>\r\n                                    <div class=\"icon icon-svg\">\r\n                                        <i aria-hidden=\"true\" class=\"  icon-check\"><\/i>                                    <\/div>\r\n                                    <div class=\"text\">\r\n                                        <p> \u0130T avadanl\u0131qlar\u0131n\u0131n optimal performans\u0131 \u00fc\u00e7\u00fcn soyutma v\u0259 enerji istifad\u0259sind\u0259 balansla\u015fd\u0131r\u0131lm\u0131\u015f yana\u015fma.<\/p>\r\n                                    <\/div>\r\n                                <\/li>\r\n                                                            <li>\r\n                                    <div class=\"icon icon-svg\">\r\n                                        <i aria-hidden=\"true\" class=\"  icon-check\"><\/i>                                    <\/div>\r\n                                    <div class=\"text\">\r\n                                        <p>M\u00fcxt\u0259lif biznes \u00f6l\u00e7\u00fcl\u0259rin\u0259 uy\u011funla\u015fd\u0131r\u0131la bil\u0259n \u00e7evik v\u0259 g\u0259l\u0259c\u0259y\u0259 haz\u0131r sisteml\u0259r.<\/p>\r\n                                    <\/div>\r\n                                <\/li>\r\n                            \r\n                        <\/ul>\r\n                                    <\/div>\r\n            <\/div>\r\n        <\/div>\r\n    <\/div>\r\n\t\t<\/div>\n\t\t\t\t<\/div>\n\t\t\t\t<div class=\"elementor-element elementor-element-81bb9e5 elementor-widget elementor-widget-notech-faq\" data-id=\"81bb9e5\" data-element_type=\"widget\" data-widget_type=\"notech-faq.default\">\n\t\t\t\t<div class=\"elementor-widget-container\">\n\t\t\t\r\n\t<div class=\"service-details__faq\">\r\n\t\t<div class=\"accrodion-grp faq-one-accrodion\" data-grp-name=\"faq-one-accrodion-69e20c3bab858\">\r\n\t\t\t\t\t\t\t<div class=\"accrodion \">\r\n\t\t\t\t\t<div class=\"accrodion-title\">\r\n\t\t\t\t\t\t<h4>Enerji k\u0259sintisi zaman\u0131 sisteml\u0259rimizin f\u0259aliyy\u0259ti nec\u0259 qorunur?<\/h4>\r\n\t\t\t\t\t<\/div>\r\n\t\t\t\t\t<div class=\"accrodion-content\">\r\n\t\t\t\t\t\t<div class=\"inner\">\r\n\t\t\t\t\t\t\t<p>T\u0259tbiq etdiyimiz UPS sisteml\u0259ri v\u0259 ehtiyat generatorlar enerji k\u0259sintisi zaman\u0131 avtomatik olaraq devr\u0259y\u0259 girir v\u0259 avadanl\u0131qlar\u0131n dayanmadan i\u015fl\u0259m\u0259sini t\u0259min edir.<\/p>\r\n\t\t\t\t\t\t<\/div><!-- \/.inner -->\r\n\t\t\t\t\t<\/div>\r\n\t\t\t\t<\/div>\r\n\t\t\t\t\t\t\t<div class=\"accrodion active\">\r\n\t\t\t\t\t<div class=\"accrodion-title\">\r\n\t\t\t\t\t\t<h4>Soyutma sisteml\u0259ri hans\u0131 avadanl\u0131qlar \u00fc\u00e7\u00fcn uy\u011fundur?<\/h4>\r\n\t\t\t\t\t<\/div>\r\n\t\t\t\t\t<div class=\"accrodion-content\">\r\n\t\t\t\t\t\t<div class=\"inner\">\r\n\t\t\t\t\t\t\t<p>Data m\u0259rk\u0259zl\u0259rind\u0259n s\u0259naye obyektl\u0259rin\u0259 q\u0259d\u0259r b\u00fct\u00fcn infrastruktur \u00fc\u00e7\u00fcn optimalla\u015fd\u0131r\u0131lm\u0131\u015f h\u0259ll\u0259r t\u0259klif edirik.<\/p>\r\n\t\t\t\t\t\t<\/div><!-- \/.inner -->\r\n\t\t\t\t\t<\/div>\r\n\t\t\t\t<\/div>\r\n\t\t\t\t\t\t\t<div class=\"accrodion \">\r\n\t\t\t\t\t<div class=\"accrodion-title\">\r\n\t\t\t\t\t\t<h4>Enerji istifad\u0259sini nec\u0259 izl\u0259yir v\u0259 optimalla\u015fd\u0131r\u0131rs\u0131n\u0131z?<\/h4>\r\n\t\t\t\t\t<\/div>\r\n\t\t\t\t\t<div class=\"accrodion-content\">\r\n\t\t\t\t\t\t<div class=\"inner\">\r\n\t\t\t\t\t\t\t<p>Qura\u015fd\u0131rd\u0131\u011f\u0131m\u0131z enerji monitorinq sisteml\u0259ri real vaxtda istehlak\u0131 izl\u0259m\u0259y\u0259, anormall\u0131qlar\u0131 a\u015fkarlama\u011fa v\u0259 t\u0259hlil n\u0259tic\u0259sind\u0259 daha s\u0259m\u0259r\u0259li idar\u0259etm\u0259y\u0259 imkan verir. Bu, h\u0259m enerji x\u0259rcl\u0259rini azald\u0131r, h\u0259m d\u0259 ekoloji izl\u0259rin azald\u0131lmas\u0131na t\u00f6hf\u0259 verir.<\/p>\r\n\t\t\t\t\t\t<\/div><!-- \/.inner -->\r\n\t\t\t\t\t<\/div>\r\n\t\t\t\t<\/div>\r\n\t\t\t\t\t<\/div>\r\n\t<\/div>\r\n\r\n\t\t<\/div>\n\t\t\t\t<\/div>\n\t\t\t\t\t<\/div>\n\t\t<\/div>\n\t\t\t\t\t\t\t<\/div>\n\t\t<\/section>\n\t\t\t\t\t\t\t<\/div>\n\t\t","protected":false},"excerpt":{"rendered":"<p>Xidm\u0259tl\u0259r Biznes Prosesl\u0259rinin Davaml\u0131l\u0131\u011f\u0131 H\u0259ll\u0259ri Biznes Texnologiyalar\u0131n\u0131n Optimizasiyas\u0131 H\u0259ll\u0259ri \u00c7a\u011fr\u0131 M\u0259rk\u0259zi H\u0259ll\u0259ri Data M\u0259rk\u0259zi H\u0259ll\u0259ri Elektrifikasiya v\u0259 Soyutma H\u0259ll\u0259ri Helpdesk v\u0259 \u0130T Outsorsinq H\u0259ll\u0259ri \u0130nfrastruktur D\u0259st\u0259k H\u0259ll\u0259ri Korporativ \u0130T T\u0259hl\u00fck\u0259sizlik H\u0259ll\u0259ri Vahid Kommunikasiya H\u0259ll\u0259ri Texnoloji problemler \u00fc\u00e7\u00fcn asan h\u0259ll Sual\u0131n\u0131z var? Z\u0259ng edin: +994 (12) 310 11 78 E-po\u00e7t g\u00f6nd\u0259r Elektrifikasiya v\u0259 Soyutma H\u0259ll\u0259ri R\u0259q\u0259msal [&hellip;]<\/p>\n","protected":false},"author":1,"featured_media":0,"parent":1328,"menu_order":0,"comment_status":"closed","ping_status":"closed","template":"elementor_header_footer","meta":{"footnotes":""},"class_list":["post-1482","page","type-page","status-publish","hentry"],"_links":{"self":[{"href":"https:\/\/www.b2bgroup.az\/ru\/wp-json\/wp\/v2\/pages\/1482","targetHints":{"allow":["GET"]}}],"collection":[{"href":"https:\/\/www.b2bgroup.az\/ru\/wp-json\/wp\/v2\/pages"}],"about":[{"href":"https:\/\/www.b2bgroup.az\/ru\/wp-json\/wp\/v2\/types\/page"}],"author":[{"embeddable":true,"href":"https:\/\/www.b2bgroup.az\/ru\/wp-json\/wp\/v2\/users\/1"}],"replies":[{"embeddable":true,"href":"https:\/\/www.b2bgroup.az\/ru\/wp-json\/wp\/v2\/comments?post=1482"}],"version-history":[{"count":0,"href":"https:\/\/www.b2bgroup.az\/ru\/wp-json\/wp\/v2\/pages\/1482\/revisions"}],"up":[{"embeddable":true,"href":"https:\/\/www.b2bgroup.az\/ru\/wp-json\/wp\/v2\/pages\/1328"}],"wp:attachment":[{"href":"https:\/\/www.b2bgroup.az\/ru\/wp-json\/wp\/v2\/media?parent=1482"}],"curies":[{"name":"WP","href":"https:\/\/api.w.org\/{rel}","templated":true}]}}