{"id":1493,"date":"2025-03-31T13:26:07","date_gmt":"2025-03-31T09:26:07","guid":{"rendered":"http:\/\/test.b2bgroup.az\/?page_id=1493"},"modified":"2026-05-01T21:31:05","modified_gmt":"2026-05-01T17:31:05","slug":"%d0%ba%d0%be%d0%bb%d0%bb-%d1%86%d0%b5%d0%bd%d1%82%d1%80-hellers","status":"publish","type":"page","link":"https:\/\/www.b2bgroup.az\/ru\/xidmetler\/chagri-merkezi-helleri\/","title":{"rendered":"\u0420\u0435\u0448\u0435\u043d\u0438\u044f \u0434\u043b\u044f \u043a\u043e\u043b\u043b-\u0446\u0435\u043d\u0442\u0440\u043e\u0432"},"content":{"rendered":"\t\t<div data-elementor-type=\"wp-page\" data-elementor-id=\"1493\" class=\"elementor elementor-1493\">\n\t\t\t\t\t\t\t\t\t<section class=\"elementor-section elementor-top-section elementor-element elementor-element-6c235439 elementor-section-boxed elementor-section-height-default elementor-section-height-default\" data-id=\"6c235439\" data-element_type=\"section\">\n\t\t\t\t\t\t<div class=\"elementor-container elementor-column-gap-no\">\n\t\t\t\t\t<div class=\"elementor-column elementor-col-50 elementor-top-column elementor-element elementor-element-662c5df5\" data-id=\"662c5df5\" data-element_type=\"column\">\n\t\t\t<div class=\"elementor-widget-wrap elementor-element-populated\">\n\t\t\t\t\t\t\t\t<div class=\"elementor-element elementor-element-4de81e92 elementor-widget elementor-widget-notech-sidebar-nav\" data-id=\"4de81e92\" data-element_type=\"widget\" data-widget_type=\"notech-sidebar-nav.default\">\n\t\t\t\t<div class=\"elementor-widget-container\">\n\t\t\t\r\n    <div class=\"service-details__service\">\r\n                    <h3 class=\"service-details__title\">Xidm\u0259tl\u0259r<\/h3>\r\n                <div class=\"menu-service-menu-container\"><ul id=\"menu-service-menu\" class=\"service-details__service-list list-unstyled\"><li id=\"menu-item-2196\" class=\"menu-item menu-item-type-post_type menu-item-object-page menu-item-2196\"><a href=\"https:\/\/www.b2bgroup.az\/ru\/xidmetler\/biznes-proseslerinin-davamliligi-helleri\/\"><span class=\"fa fa-long-arrow-alt-right\"><\/span>Biznes Prosesl\u0259rinin Davaml\u0131l\u0131\u011f\u0131 H\u0259ll\u0259ri<\/a><\/li>\n<li id=\"menu-item-2197\" class=\"menu-item menu-item-type-post_type menu-item-object-page menu-item-2197\"><a href=\"https:\/\/www.b2bgroup.az\/ru\/xidmetler\/biznes-texnologiyalarinin-optimizasiyasi-helleri\/\"><span class=\"fa fa-long-arrow-alt-right\"><\/span>Biznes Texnologiyalar\u0131n\u0131n Optimizasiyas\u0131 H\u0259ll\u0259ri<\/a><\/li>\n<li id=\"menu-item-2198\" class=\"menu-item menu-item-type-post_type menu-item-object-page menu-item-2198\"><a href=\"https:\/\/www.b2bgroup.az\/ru\/xidmetler\/chagri-merkezi-helleri\/\"><span class=\"fa fa-long-arrow-alt-right\"><\/span>\u00c7a\u011fr\u0131 M\u0259rk\u0259zi H\u0259ll\u0259ri<\/a><\/li>\n<li id=\"menu-item-2199\" class=\"menu-item menu-item-type-post_type menu-item-object-page menu-item-2199\"><a href=\"https:\/\/www.b2bgroup.az\/ru\/xidmetler\/data-merkezi-helleri\/\"><span class=\"fa fa-long-arrow-alt-right\"><\/span>Data M\u0259rk\u0259zi H\u0259ll\u0259ri<\/a><\/li>\n<li id=\"menu-item-2200\" class=\"menu-item menu-item-type-post_type menu-item-object-page menu-item-2200\"><a href=\"https:\/\/www.b2bgroup.az\/ru\/xidmetler\/elektrifikasiya-ve-soyutma-helleri\/\"><span class=\"fa fa-long-arrow-alt-right\"><\/span>Elektrifikasiya v\u0259 Soyutma H\u0259ll\u0259ri<\/a><\/li>\n<li id=\"menu-item-2201\" class=\"menu-item menu-item-type-post_type menu-item-object-page menu-item-2201\"><a href=\"https:\/\/www.b2bgroup.az\/ru\/xidmetler\/helpdesk-ve-it-outsorsinq-helleri\/\"><span class=\"fa fa-long-arrow-alt-right\"><\/span>Helpdesk v\u0259 \u0130T Outsorsinq H\u0259ll\u0259ri<\/a><\/li>\n<li id=\"menu-item-2202\" class=\"menu-item menu-item-type-post_type menu-item-object-page menu-item-2202\"><a href=\"https:\/\/www.b2bgroup.az\/ru\/xidmetler\/infrastruktur-destek-helleri\/\"><span class=\"fa fa-long-arrow-alt-right\"><\/span>\u0130nfrastruktur D\u0259st\u0259k H\u0259ll\u0259ri<\/a><\/li>\n<li id=\"menu-item-2203\" class=\"menu-item menu-item-type-post_type menu-item-object-page menu-item-2203\"><a href=\"https:\/\/www.b2bgroup.az\/ru\/xidmetler\/korporativ-it-tehlukesizlik-helleri\/\"><span class=\"fa fa-long-arrow-alt-right\"><\/span>Korporativ \u0130T T\u0259hl\u00fck\u0259sizlik H\u0259ll\u0259ri<\/a><\/li>\n<li id=\"menu-item-2204\" class=\"menu-item menu-item-type-post_type menu-item-object-page menu-item-2204\"><a href=\"https:\/\/www.b2bgroup.az\/ru\/xidmetler\/vahid-kommunikasiya-helleri\/\"><span class=\"fa fa-long-arrow-alt-right\"><\/span>Vahid Kommunikasiya H\u0259ll\u0259ri<\/a><\/li>\n<\/ul><\/div>\r\n    <\/div>\r\n\t\t<\/div>\n\t\t\t\t<\/div>\n\t\t\t\t<div class=\"elementor-element elementor-element-52303492 elementor-widget elementor-widget-notech-sidebar-call-to-action\" data-id=\"52303492\" data-element_type=\"widget\" data-widget_type=\"notech-sidebar-call-to-action.default\">\n\t\t\t\t<div class=\"elementor-widget-container\">\n\t\t\t    <div class=\"service-details__need-help\">\r\n                    <div class=\"service-details__need-help-bg\" style=\"background-image: url(http:\/\/b2bgroup.az\/wp-content\/uploads\/2025\/04\/Asan-h\u0259ll.jpg)\"><\/div>\r\n                            <div class=\"service-details__need-help-icon\">\r\n                <img decoding=\"async\" src=\"http:\/\/b2bgroup.az\/wp-content\/uploads\/2022\/04\/main-menu-icon-comment-B2B.png\" alt=\"\">\r\n            <\/div>\r\n                <h2 class=\"service-details__need-help-title\">Texnoloji probleml\u0259r  <br> \u00fc\u00e7\u00fcn asan<br> h\u0259ll<\/h2>\r\n        <div class=\"service-details__need-help-contact\">\r\n            <p>Sual\u0131n\u0131z var?<\/p>\r\n            <a href=\"tel:994123101178\"><span>Z\u0259ng edin: <\/span> +994 (12) 310 11 78<\/a>\r\n        <\/div>\r\n    <\/div>\r\n\t\t<\/div>\n\t\t\t\t<\/div>\n\t\t\t\t<div class=\"elementor-element elementor-element-1693550d elementor-widget elementor-widget-notech-button\" data-id=\"1693550d\" data-element_type=\"widget\" data-widget_type=\"notech-button.default\">\n\t\t\t\t<div class=\"elementor-widget-container\">\n\t\t\t    <div class=\"service-details__download\">\r\n                    <a target=_blank href=\"mailto:info@b2bgroup.az\" class=\"thm-btn service-details__download-btn\">E-po\u00e7t g\u00f6nd\u0259r<\/a>\r\n            <\/div>\r\n\t\t<\/div>\n\t\t\t\t<\/div>\n\t\t\t\t\t<\/div>\n\t\t<\/div>\n\t\t\t\t<div class=\"elementor-column elementor-col-50 elementor-top-column elementor-element elementor-element-19eef8a1\" data-id=\"19eef8a1\" data-element_type=\"column\">\n\t\t\t<div class=\"elementor-widget-wrap elementor-element-populated\">\n\t\t\t\t\t\t\t\t<div class=\"elementor-element elementor-element-31eb1d67 elementor-widget elementor-widget-image\" data-id=\"31eb1d67\" data-element_type=\"widget\" data-widget_type=\"image.default\">\n\t\t\t\t<div class=\"elementor-widget-container\">\n\t\t\t<style>\/*! elementor - v3.18.0 - 20-12-2023 *\/\n.elementor-widget-image{text-align:center}.elementor-widget-image a{display:inline-block}.elementor-widget-image a img[src$=\".svg\"]{width:48px}.elementor-widget-image img{vertical-align:middle;display:inline-block}<\/style>\t\t\t\t\t\t\t\t\t\t\t\t<img fetchpriority=\"high\" decoding=\"async\" width=\"770\" height=\"428\" src=\"https:\/\/www.b2bgroup.az\/wp-content\/uploads\/2025\/04\/Cagri-m\u0259rk\u0259zi-h\u0259ll\u0259ri-1.jpg\" class=\"attachment-post-thumbnail size-post-thumbnail wp-image-2257\" alt=\"\" srcset=\"https:\/\/www.b2bgroup.az\/wp-content\/uploads\/2025\/04\/Cagri-m\u0259rk\u0259zi-h\u0259ll\u0259ri-1.jpg 770w, https:\/\/www.b2bgroup.az\/wp-content\/uploads\/2025\/04\/Cagri-m\u0259rk\u0259zi-h\u0259ll\u0259ri-1-300x167.jpg 300w, https:\/\/www.b2bgroup.az\/wp-content\/uploads\/2025\/04\/Cagri-m\u0259rk\u0259zi-h\u0259ll\u0259ri-1-768x427.jpg 768w, https:\/\/www.b2bgroup.az\/wp-content\/uploads\/2025\/04\/Cagri-m\u0259rk\u0259zi-h\u0259ll\u0259ri-1-18x10.jpg 18w\" sizes=\"(max-width: 770px) 100vw, 770px\">\t\t\t\t\t\t\t\t\t\t\t\t\t\t\t<\/div>\n\t\t\t\t<\/div>\n\t\t\t\t<div class=\"elementor-element elementor-element-5001cc9a elementor-widget elementor-widget-heading\" data-id=\"5001cc9a\" data-element_type=\"widget\" data-widget_type=\"heading.default\">\n\t\t\t\t<div class=\"elementor-widget-container\">\n\t\t\t<style>\/*! elementor - v3.18.0 - 20-12-2023 *\/\n.elementor-heading-title{padding:0;margin:0;line-height:1}.elementor-widget-heading .elementor-heading-title[class*=elementor-size-]>a{color:inherit;font-size:inherit;line-height:inherit}.elementor-widget-heading .elementor-heading-title.elementor-size-small{font-size:15px}.elementor-widget-heading .elementor-heading-title.elementor-size-medium{font-size:19px}.elementor-widget-heading .elementor-heading-title.elementor-size-large{font-size:29px}.elementor-widget-heading .elementor-heading-title.elementor-size-xl{font-size:39px}.elementor-widget-heading .elementor-heading-title.elementor-size-xxl{font-size:59px}<\/style><h2 class=\"elementor-heading-title elementor-size-default\">\u00c7a\u011fr\u0131 M\u0259rk\u0259zi H\u0259ll\u0259ri<\/h2>\t\t<\/div>\n\t\t\t\t<\/div>\n\t\t\t\t<div class=\"elementor-element elementor-element-18e139ca elementor-widget elementor-widget-text-editor\" data-id=\"18e139ca\" data-element_type=\"widget\" data-widget_type=\"text-editor.default\">\n\t\t\t\t<div class=\"elementor-widget-container\">\n\t\t\t<style>\/*! elementor - v3.18.0 - 20-12-2023 *\/\n.elementor-widget-text-editor.elementor-drop-cap-view-stacked .elementor-drop-cap{background-color:#69727d;color:#fff}.elementor-widget-text-editor.elementor-drop-cap-view-framed .elementor-drop-cap{color:#69727d;border:3px solid;background-color:transparent}.elementor-widget-text-editor:not(.elementor-drop-cap-view-default) .elementor-drop-cap{margin-top:8px}.elementor-widget-text-editor:not(.elementor-drop-cap-view-default) .elementor-drop-cap-letter{width:1em;height:1em}.elementor-widget-text-editor .elementor-drop-cap{float:left;text-align:center;line-height:1;font-size:50px}.elementor-widget-text-editor .elementor-drop-cap-letter{display:inline-block}<\/style>\t\t\t\t<p>M\u00fc\u015ft\u0259ri t\u0259cr\u00fcb\u0259si v\u0259 operativ kommunikasiya, r\u0259qab\u0259tli biznes m\u00fchitind\u0259 f\u0259rql\u0259nm\u0259 amilin\u0259 \u00e7evrilib. \u00c7a\u011fr\u0131 m\u0259rk\u0259zl\u0259ri yaln\u0131z z\u0259ng cavabland\u0131rmaqdan ibar\u0259t deyil \u2013 onlar m\u00fc\u015ft\u0259ri il\u0259 \u0259laq\u0259nin strateji platformas\u0131na \u00e7evrilir. D\u00fczg\u00fcn qurulmu\u015f \u00e7a\u011fr\u0131 m\u0259rk\u0259zi strukturu sat\u0131\u015flar\u0131 art\u0131r\u0131r, xidm\u0259t keyfiyy\u0259tini y\u00fcks\u0259ldir v\u0259 brend\u0259 olan inam\u0131 m\u00f6hk\u0259ml\u0259ndirir. Bu sah\u0259d\u0259 effektivlik, texnoloji h\u0259ll\u0259rin v\u0259 t\u0259limli hey\u0259tin d\u00fczg\u00fcn v\u0259hd\u0259ti il\u0259 \u0259ld\u0259 olunur.<\/p>\t\t\t\t\t\t<\/div>\n\t\t\t\t<\/div>\n\t\t\t\t<div class=\"elementor-element elementor-element-687f3c92 elementor-widget elementor-widget-text-editor\" data-id=\"687f3c92\" data-element_type=\"widget\" data-widget_type=\"text-editor.default\">\n\t\t\t\t<div class=\"elementor-widget-container\">\n\t\t\t\t\t\t\t<p>B2B Group il\u0259 \u00c7a\u011fr\u0131 M\u0259rk\u0259zi Texnologiyalar\u0131n\u0131z\u0131 G\u0259l\u0259c\u0259y\u0259 Da\u015f\u0131y\u0131n<\/p>\t\t\t\t\t\t<\/div>\n\t\t\t\t<\/div>\n\t\t\t\t<div class=\"elementor-element elementor-element-99d2023 elementor-widget elementor-widget-text-editor\" data-id=\"99d2023\" data-element_type=\"widget\" data-widget_type=\"text-editor.default\">\n\t\t\t\t<div class=\"elementor-widget-container\">\n\t\t\t\t\t\t\t<p>B2B Group, m\u00fcasir texnologiyalara \u0259saslanan, \u00f6l\u00e7\u00fcl\u0259bil\u0259n v\u0259 geni\u015fl\u0259n\u0259 bil\u0259n \u00e7a\u011fr\u0131 m\u0259rk\u0259zi h\u0259ll\u0259ri t\u0259qdim edir. \u0130st\u0259r daxili xidm\u0259t d\u0259st\u0259yi, ist\u0259r sat\u0131\u015f, ist\u0259rs\u0259 d\u0259 m\u00fc\u015ft\u0259ri sor\u011fular\u0131n\u0131n idar\u0259 olunmas\u0131 \u00fc\u00e7\u00fcn pe\u015f\u0259kar v\u0259 optimalla\u015fd\u0131r\u0131lm\u0131\u015f platformalar qururuq. Avtomatla\u015fd\u0131rma, inteqrasiya v\u0259 analitika imkanlar\u0131 il\u0259 m\u00fc\u015ft\u0259ri m\u00fcnasib\u0259tl\u0259rinizi n\u00f6vb\u0259ti m\u0259rh\u0259l\u0259y\u0259 da\u015f\u0131y\u0131r\u0131q.<\/p>\t\t\t\t\t\t<\/div>\n\t\t\t\t<\/div>\n\t\t\t\t<div class=\"elementor-element elementor-element-1c9d799e elementor-widget elementor-widget-notech-icon-box\" data-id=\"1c9d799e\" data-element_type=\"widget\" data-widget_type=\"notech-icon-box.default\">\n\t\t\t\t<div class=\"elementor-widget-container\">\n\t\t\t    <ul class=\"list-unstyled service-details__points ml-0\">\r\n                    <li>\r\n                <div class=\"service-details__points-icon icon-svg-large\">\r\n                    <span aria-hidden=\"true\" class=\"  icon-customer-service\"><\/span>                <\/div>\r\n                <h4 class=\"service-details__points-title\">\u00c7a\u011fr\u0131 M\u0259rk\u0259zi Platformalar\u0131n\u0131n Qurulmas\u0131 v\u0259 \u0130nteqrasiyas\u0131 <\/h4>\r\n                <p class=\"service-details__points-text\">IP-telefoniya, CRM v\u0259 dig\u0259r sisteml\u0259rl\u0259 tam inteqrasiya olunan platformalar\u0131n yarad\u0131lmas\u0131.<\/p>\r\n            <\/li>\r\n                    <li>\r\n                <div class=\"service-details__points-icon icon-svg-large\">\r\n                    <span aria-hidden=\"true\" class=\"   icon-market-analysis\"><\/span>                <\/div>\r\n                <h4 class=\"service-details__points-title\">Omni-kanal M\u00fc\u015ft\u0259ri D\u0259st\u0259yi H\u0259ll\u0259ri<\/h4>\r\n                <p class=\"service-details__points-text\">Z\u0259ng, e-po\u00e7t, canl\u0131 \u00e7at, sosial media v\u0259 dig\u0259r kanallardan vahid sisteml\u0259 idar\u0259 olunan d\u0259st\u0259k.<\/p>\r\n            <\/li>\r\n                    <li>\r\n                <div class=\"service-details__points-icon icon-svg-large\">\r\n                    <span aria-hidden=\"true\" class=\"   icon-technical-support\"><\/span>                <\/div>\r\n                <h4 class=\"service-details__points-title\">Avtomatla\u015fd\u0131r\u0131lm\u0131\u015f IVR v\u0259 ACD Sisteml\u0259ri<\/h4>\r\n                <p class=\"service-details__points-text\">G\u0259l\u0259n z\u0259ngl\u0259rin a\u011f\u0131ll\u0131 y\u00f6nl\u0259ndirilm\u0259si v\u0259 cavablar\u0131n avtomatla\u015fd\u0131r\u0131lmas\u0131.<\/p>\r\n            <\/li>\r\n            <\/ul>\r\n\t\t<\/div>\n\t\t\t\t<\/div>\n\t\t\t\t<section class=\"elementor-section elementor-inner-section elementor-element elementor-element-6d13a1b6 elementor-section-full_width elementor-section-height-default elementor-section-height-default\" data-id=\"6d13a1b6\" data-element_type=\"section\">\n\t\t\t\t\t\t<div class=\"elementor-container elementor-column-gap-no\">\n\t\t\t\t\t<div class=\"elementor-column elementor-col-50 elementor-inner-column elementor-element elementor-element-3f0565c7\" data-id=\"3f0565c7\" data-element_type=\"column\" data-settings=\"{&quot;background_background&quot;:&quot;classic&quot;}\">\n\t\t\t<div class=\"elementor-widget-wrap elementor-element-populated\">\n\t\t\t\t\t\t\t\t<div class=\"elementor-element elementor-element-12cdf14f elementor-widget elementor-widget-heading\" data-id=\"12cdf14f\" data-element_type=\"widget\" data-widget_type=\"heading.default\">\n\t\t\t\t<div class=\"elementor-widget-container\">\n\t\t\t<h2 class=\"elementor-heading-title elementor-size-default\">Proin tempus\n<\/h2>\t\t<\/div>\n\t\t\t\t<\/div>\n\t\t\t\t<div class=\"elementor-element elementor-element-35fd0910 elementor-widget elementor-widget-text-editor\" data-id=\"35fd0910\" data-element_type=\"widget\" data-widget_type=\"text-editor.default\">\n\t\t\t\t<div class=\"elementor-widget-container\">\n\t\t\t\t\t\t\tThere are many of of lorem Ipsum, but the majori have suffered.\t\t\t\t\t\t<\/div>\n\t\t\t\t<\/div>\n\t\t\t\t\t<\/div>\n\t\t<\/div>\n\t\t\t\t<div class=\"elementor-column elementor-col-50 elementor-inner-column elementor-element elementor-element-45d8e221\" data-id=\"45d8e221\" data-element_type=\"column\" data-settings=\"{&quot;background_background&quot;:&quot;classic&quot;}\">\n\t\t\t<div class=\"elementor-widget-wrap elementor-element-populated\">\n\t\t\t\t\t\t\t\t<div class=\"elementor-element elementor-element-66b374c0 elementor-widget elementor-widget-heading\" data-id=\"66b374c0\" data-element_type=\"widget\" data-widget_type=\"heading.default\">\n\t\t\t\t<div class=\"elementor-widget-container\">\n\t\t\t<h2 class=\"elementor-heading-title elementor-size-default\">Proin tempus<\/h2>\t\t<\/div>\n\t\t\t\t<\/div>\n\t\t\t\t<div class=\"elementor-element elementor-element-41295e7b elementor-widget elementor-widget-text-editor\" data-id=\"41295e7b\" data-element_type=\"widget\" data-widget_type=\"text-editor.default\">\n\t\t\t\t<div class=\"elementor-widget-container\">\n\t\t\t\t\t\t\tThere are many of of lorem Ipsum, but the majori have suffered.\t\t\t\t\t\t<\/div>\n\t\t\t\t<\/div>\n\t\t\t\t\t<\/div>\n\t\t<\/div>\n\t\t\t\t\t\t\t<\/div>\n\t\t<\/section>\n\t\t\t\t<div class=\"elementor-element elementor-element-798cea04 elementor-widget elementor-widget-notech-benefit\" data-id=\"798cea04\" data-element_type=\"widget\" data-widget_type=\"notech-benefit.default\">\n\t\t\t\t<div class=\"elementor-widget-container\">\n\t\t\t    <div class=\"service-details__benefits\">\r\n        <div class=\"row\">\r\n            <div class=\"col-xl-6\">\r\n                <div class=\"service-details__benefits-img\">\r\n                                            <img decoding=\"async\" src=\"http:\/\/b2bgroup.az\/wp-content\/uploads\/2025\/04\/vv2-scaled.jpg\" alt=\"\">\r\n                                    <\/div>\r\n            <\/div>\r\n            <div class=\"col-xl-6\">\r\n                <div class=\"service-details__benefits-right\">\r\n                                            <h3 class=\"service-details__benefits-title\">\u00dcst\u00fcnl\u00fckl\u0259rimiz<\/h3>\r\n                                                                <p class=\"service-betails__benefits-text-1\">aaaaaaaaaa\n<\/p>\r\n                                                                <ul class=\"list-unstyled service-details__benefits-points ml-0\">\r\n                                                            <li>\r\n                                    <div class=\"icon icon-svg\">\r\n                                        <i aria-hidden=\"true\" class=\"  icon-check\"><\/i>                                    <\/div>\r\n                                    <div class=\"text\">\r\n                                        <p>M\u00fc\u015ft\u0259ri bazan\u0131z artd\u0131qca \u00e7a\u011fr\u0131 m\u0259rk\u0259zi sisteminiz d\u0259 problemsiz geni\u015fl\u0259nir.<\/p>\r\n                                    <\/div>\r\n                                <\/li>\r\n                                                            <li>\r\n                                    <div class=\"icon icon-svg\">\r\n                                        <i aria-hidden=\"true\" class=\"  icon-check\"><\/i>                                    <\/div>\r\n                                    <div class=\"text\">\r\n                                        <p>D\u0259qiq y\u00f6nl\u0259ndirm\u0259, s\u00fcr\u0259tli cavab v\u0259 \u015f\u0259xsi yana\u015fma il\u0259 istifad\u0259\u00e7i t\u0259cr\u00fcb\u0259si yax\u015f\u0131la\u015fd\u0131r\u0131l\u0131r.<\/p>\r\n                                    <\/div>\r\n                                <\/li>\r\n                                                            <li>\r\n                                    <div class=\"icon icon-svg\">\r\n                                        <i aria-hidden=\"true\" class=\"  icon-check\"><\/i>                                    <\/div>\r\n                                    <div class=\"text\">\r\n                                        <p>Real vaxtda performans g\u00f6st\u0259ricil\u0259rini izl\u0259m\u0259k, xidm\u0259t keyfiyy\u0259tini t\u0259hlil etm\u0259k imkan\u0131.<\/p>\r\n                                    <\/div>\r\n                                <\/li>\r\n                            \r\n                        <\/ul>\r\n                                    <\/div>\r\n            <\/div>\r\n        <\/div>\r\n    <\/div>\r\n\t\t<\/div>\n\t\t\t\t<\/div>\n\t\t\t\t<div class=\"elementor-element elementor-element-f7d1b7a elementor-widget elementor-widget-heading\" data-id=\"f7d1b7a\" data-element_type=\"widget\" data-widget_type=\"heading.default\">\n\t\t\t\t<div class=\"elementor-widget-container\">\n\t\t\t<h2 class=\"elementor-heading-title elementor-size-default\">\u00c7ox Soru\u015fulan Suallar<\/h2>\t\t<\/div>\n\t\t\t\t<\/div>\n\t\t\t\t<div class=\"elementor-element elementor-element-43b9554 elementor-widget elementor-widget-spacer\" data-id=\"43b9554\" data-element_type=\"widget\" data-widget_type=\"spacer.default\">\n\t\t\t\t<div class=\"elementor-widget-container\">\n\t\t\t<style>\/*! elementor - v3.18.0 - 20-12-2023 *\/\n.elementor-column .elementor-spacer-inner{height:var(--spacer-size)}.e-con{--container-widget-width:100%}.e-con-inner>.elementor-widget-spacer,.e-con>.elementor-widget-spacer{width:var(--container-widget-width,var(--spacer-size));--align-self:var(--container-widget-align-self,initial);--flex-shrink:0}.e-con-inner>.elementor-widget-spacer>.elementor-widget-container,.e-con>.elementor-widget-spacer>.elementor-widget-container{height:100%;width:100%}.e-con-inner>.elementor-widget-spacer>.elementor-widget-container>.elementor-spacer,.e-con>.elementor-widget-spacer>.elementor-widget-container>.elementor-spacer{height:100%}.e-con-inner>.elementor-widget-spacer>.elementor-widget-container>.elementor-spacer>.elementor-spacer-inner,.e-con>.elementor-widget-spacer>.elementor-widget-container>.elementor-spacer>.elementor-spacer-inner{height:var(--container-widget-height,var(--spacer-size))}.e-con-inner>.elementor-widget-spacer.elementor-widget-empty,.e-con>.elementor-widget-spacer.elementor-widget-empty{position:relative;min-height:22px;min-width:22px}.e-con-inner>.elementor-widget-spacer.elementor-widget-empty .elementor-widget-empty-icon,.e-con>.elementor-widget-spacer.elementor-widget-empty .elementor-widget-empty-icon{position:absolute;top:0;bottom:0;left:0;right:0;margin:auto;padding:0;width:22px;height:22px}<\/style>\t\t<div class=\"elementor-spacer\">\n\t\t\t<div class=\"elementor-spacer-inner\"><\/div>\n\t\t<\/div>\n\t\t\t\t<\/div>\n\t\t\t\t<\/div>\n\t\t\t\t<div class=\"elementor-element elementor-element-5f4f799e elementor-widget elementor-widget-notech-faq\" data-id=\"5f4f799e\" data-element_type=\"widget\" data-widget_type=\"notech-faq.default\">\n\t\t\t\t<div class=\"elementor-widget-container\">\n\t\t\t\r\n\t<div class=\"service-details__faq\">\r\n\t\t<div class=\"accrodion-grp faq-one-accrodion\" data-grp-name=\"faq-one-accrodion-69f50a6a91766\">\r\n\t\t\t\t\t\t\t<div class=\"accrodion \">\r\n\t\t\t\t\t<div class=\"accrodion-title\">\r\n\t\t\t\t\t\t<h4>\u00c7a\u011fr\u0131 m\u0259rk\u0259zi sisteml\u0259ri m\u00f6vcud CRM il\u0259 inteqrasiya oluna bil\u0259rmi?<\/h4>\r\n\t\t\t\t\t<\/div>\r\n\t\t\t\t\t<div class=\"accrodion-content\">\r\n\t\t\t\t\t\t<div class=\"inner\">\r\n\t\t\t\t\t\t\t<p>B\u0259li. B2B Group t\u0259qdim etdiyi platformalar\u0131 Salesforce, Zoho, HubSpot v\u0259 dig\u0259r CRM-l\u0259rl\u0259 tam inteqrasiya ed\u0259 bilir.<\/p>\r\n\t\t\t\t\t\t<\/div><!-- \/.inner -->\r\n\t\t\t\t\t<\/div>\r\n\t\t\t\t<\/div>\r\n\t\t\t\t\t\t\t<div class=\"accrodion active\">\r\n\t\t\t\t\t<div class=\"accrodion-title\">\r\n\t\t\t\t\t\t<h4>M\u00fc\u015ft\u0259ri z\u0259ngl\u0259rini qeyd etm\u0259k v\u0259 analiz etm\u0259k m\u00fcmk\u00fcnd\u00fcrm\u00fc?<\/h4>\r\n\t\t\t\t\t<\/div>\r\n\t\t\t\t\t<div class=\"accrodion-content\">\r\n\t\t\t\t\t\t<div class=\"inner\">\r\n\t\t\t\t\t\t\t<p>\u018flb\u0259tt\u0259. H\u0259r bir z\u0259ng qeyd olunur, analiz edilir v\u0259 performans hesabatlar\u0131 \u015f\u0259klind\u0259 t\u0259qdim olunur.<\/p>\r\n\t\t\t\t\t\t<\/div><!-- \/.inner -->\r\n\t\t\t\t\t<\/div>\r\n\t\t\t\t<\/div>\r\n\t\t\t\t\t\t\t<div class=\"accrodion \">\r\n\t\t\t\t\t<div class=\"accrodion-title\">\r\n\t\t\t\t\t\t<h4>Ki\u00e7ik komandalar \u00fc\u00e7\u00fcn d\u0259 \u00e7a\u011fr\u0131 m\u0259rk\u0259zi qurmaq m\u00fcmk\u00fcnd\u00fcrm\u00fc?<\/h4>\r\n\t\t\t\t\t<\/div>\r\n\t\t\t\t\t<div class=\"accrodion-content\">\r\n\t\t\t\t\t\t<div class=\"inner\">\r\n\t\t\t\t\t\t\t<p>B\u0259li. Biz h\u0259m iri m\u00fc\u0259ssis\u0259l\u0259r, h\u0259m d\u0259 ki\u00e7ik v\u0259 orta biznesl\u0259r \u00fc\u00e7\u00fcn \u00e7evik v\u0259 \u00f6l\u00e7\u00fcy\u0259 uy\u011fun h\u0259ll\u0259r t\u0259qdim edirik.<\/p>\r\n\t\t\t\t\t\t<\/div><!-- \/.inner -->\r\n\t\t\t\t\t<\/div>\r\n\t\t\t\t<\/div>\r\n\t\t\t\t\t<\/div>\r\n\t<\/div>\r\n\r\n\t\t<\/div>\n\t\t\t\t<\/div>\n\t\t\t\t\t<\/div>\n\t\t<\/div>\n\t\t\t\t\t\t\t<\/div>\n\t\t<\/section>\n\t\t\t\t\t\t\t<\/div>\n\t\t","protected":false},"excerpt":{"rendered":"<p>Xidm\u0259tl\u0259r Biznes Prosesl\u0259rinin Davaml\u0131l\u0131\u011f\u0131 H\u0259ll\u0259ri Biznes Texnologiyalar\u0131n\u0131n Optimizasiyas\u0131 H\u0259ll\u0259ri \u00c7a\u011fr\u0131 M\u0259rk\u0259zi H\u0259ll\u0259ri Data M\u0259rk\u0259zi H\u0259ll\u0259ri Elektrifikasiya v\u0259 Soyutma H\u0259ll\u0259ri Helpdesk v\u0259 \u0130T Outsorsinq H\u0259ll\u0259ri \u0130nfrastruktur D\u0259st\u0259k H\u0259ll\u0259ri Korporativ \u0130T T\u0259hl\u00fck\u0259sizlik H\u0259ll\u0259ri Vahid Kommunikasiya H\u0259ll\u0259ri Texnoloji probleml\u0259r \u00fc\u00e7\u00fcn asan h\u0259ll Sual\u0131n\u0131z var? Z\u0259ng edin: +994 (12) 310 11 78 E-po\u00e7t g\u00f6nd\u0259r \u00c7a\u011fr\u0131 M\u0259rk\u0259zi H\u0259ll\u0259ri M\u00fc\u015ft\u0259ri t\u0259cr\u00fcb\u0259si [&hellip;]<\/p>\n","protected":false},"author":1,"featured_media":0,"parent":1328,"menu_order":0,"comment_status":"closed","ping_status":"closed","template":"elementor_header_footer","meta":{"footnotes":""},"class_list":["post-1493","page","type-page","status-publish","hentry"],"_links":{"self":[{"href":"https:\/\/www.b2bgroup.az\/ru\/wp-json\/wp\/v2\/pages\/1493","targetHints":{"allow":["GET"]}}],"collection":[{"href":"https:\/\/www.b2bgroup.az\/ru\/wp-json\/wp\/v2\/pages"}],"about":[{"href":"https:\/\/www.b2bgroup.az\/ru\/wp-json\/wp\/v2\/types\/page"}],"author":[{"embeddable":true,"href":"https:\/\/www.b2bgroup.az\/ru\/wp-json\/wp\/v2\/users\/1"}],"replies":[{"embeddable":true,"href":"https:\/\/www.b2bgroup.az\/ru\/wp-json\/wp\/v2\/comments?post=1493"}],"version-history":[{"count":3,"href":"https:\/\/www.b2bgroup.az\/ru\/wp-json\/wp\/v2\/pages\/1493\/revisions"}],"predecessor-version":[{"id":2857,"href":"https:\/\/www.b2bgroup.az\/ru\/wp-json\/wp\/v2\/pages\/1493\/revisions\/2857"}],"up":[{"embeddable":true,"href":"https:\/\/www.b2bgroup.az\/ru\/wp-json\/wp\/v2\/pages\/1328"}],"wp:attachment":[{"href":"https:\/\/www.b2bgroup.az\/ru\/wp-json\/wp\/v2\/media?parent=1493"}],"curies":[{"name":"WP","href":"https:\/\/api.w.org\/{rel}","templated":true}]}}